{"id":7,"date":"2019-12-16T06:23:39","date_gmt":"2019-12-16T06:23:39","guid":{"rendered":"https:\/\/2020.kosice.wordcamp.org\/schedule\/"},"modified":"2020-02-17T09:24:02","modified_gmt":"2020-02-17T09:24:02","slug":"program","status":"publish","type":"page","link":"https:\/\/kosice.wordcamp.org\/2020\/program\/","title":{"rendered":"Program"},"content":{"rendered":"\n<div class=\"wp-block-columns is-layout-flex wp-container-core-columns-is-layout-9d6595d7 wp-block-columns-is-layout-flex\">\n<div class=\"wp-block-column is-layout-flow wp-block-column-is-layout-flow\" style=\"flex-basis:66.6%\">\n<p>Tak ako Picasso, <strong>aj ty m\u00e1\u0161 v\u00a0sebe r\u00f4zne talenty, no mus\u00ed\u0161 ich objavi\u0165 a rozv\u00edja\u0165.<\/strong> V\u010faka #wcke2020 <strong>m\u00e1\u0161 mo\u017enos\u0165 z\u00edska\u0165 vedomosti a zru\u010dnosti <\/strong>o pou\u017e\u00edvan\u00ed a \u0161k\u00e1lovan\u00ed syst\u00e9mu WordPress, spozna\u0165 pr\u00edbehy \u013eud\u00ed z WordPress komunity, m\u00f4\u017ee\u0161 sa sta\u0165 s\u00fa\u010das\u0165ou tejto komunity &#8211; <strong>objav a\u00a0rozvi\u0148 svoj #wordpresstalent.\u00a0<\/strong><\/p>\n\n\n\n<p><strong>\u010co \u0165a \u010dak\u00e1 na #wcke2020? U\u017e 16.m\u00e1ja \u0165a <\/strong>v priestoroch Kas\u00e1rn\u00ed\/Kulturpark <strong>\u010dakaj\u00fa zauj\u00edmav\u00e9 predn\u00e1\u0161ky i workshopy <\/strong>pln\u00e9 cenn\u00fdch vedomost\u00ed a sk\u00fasenost\u00ed.<\/p>\n\n\n\n<p>Prichystan\u00e9 s\u00fa pre teba predn\u00e1\u0161ky z r\u00f4znych oblast\u00ed tvorby, pou\u017e\u00edvania \u010di propag\u00e1cie webu.&nbsp; T\u00e9matick\u00e9 okruhy predn\u00e1\u0161ok a workshopov sa bud\u00fa strieda\u0165, tak\u017ee ak si napr. hardcore dev, bude\u0161 ma\u0165 program vystaran\u00fd na cel\u00fd de\u0148.<\/p>\n\n\n\n<p>Priestory pre verejnos\u0165 otv\u00e1rame o 9:00, ofici\u00e1lny za\u010diatok je napl\u00e1novan\u00fd o hodinu nesk\u00f4r. Tohtoro\u010dn\u00fd program je vyskladan\u00fd z 10tich predn\u00e1\u0161ok a dvoch workshopov. Po ka\u017edom z nich je napl\u00e1novan\u00e1 prest\u00e1vka, tak\u017ee m\u00e1\u0161 mo\u017enos\u0165 presun\u00fa\u0165 sa do inej miestnosti, popr\u00edpade ob\u010derstvi\u0165 sa a networkova\u0165.<\/p>\n<\/div>\n\n\n\n<div class=\"wp-block-column is-layout-flow wp-block-column-is-layout-flow\" style=\"flex-basis:25%\">\n<figure class=\"wp-block-image size-large is-resized\"><img loading=\"lazy\" decoding=\"async\" src=\"https:\/\/2020.kosice.wordcamp.org\/files\/2020\/01\/wcke19_program-1024x683.jpg\" alt=\"\" class=\"wp-image-959\" width=\"351\" height=\"232\" \/><\/figure>\n\n\n\n<figure class=\"wp-block-image size-large is-resized\"><img loading=\"lazy\" decoding=\"async\" src=\"https:\/\/2020.kosice.wordcamp.org\/files\/2020\/01\/wcke20_banner-1024x410.jpg\" alt=\"\" class=\"wp-image-251\" width=\"351\" height=\"140\" srcset=\"https:\/\/kosice.wordcamp.org\/2020\/files\/2020\/01\/wcke20_banner-1024x410.jpg 1024w, https:\/\/kosice.wordcamp.org\/2020\/files\/2020\/01\/wcke20_banner-300x120.jpg 300w, https:\/\/kosice.wordcamp.org\/2020\/files\/2020\/01\/wcke20_banner-768x307.jpg 768w, https:\/\/kosice.wordcamp.org\/2020\/files\/2020\/01\/wcke20_banner-500x200.jpg 500w, https:\/\/kosice.wordcamp.org\/2020\/files\/2020\/01\/wcke20_banner-1536x614.jpg 1536w, https:\/\/kosice.wordcamp.org\/2020\/files\/2020\/01\/wcke20_banner-1200x480.jpg 1200w, https:\/\/kosice.wordcamp.org\/2020\/files\/2020\/01\/wcke20_banner-1980x792.jpg 1980w, https:\/\/kosice.wordcamp.org\/2020\/files\/2020\/01\/wcke20_banner.jpg 2000w\" sizes=\"auto, (max-width: 351px) 100vw, 351px\" \/><\/figure>\n\n\n\n<figure class=\"wp-block-image size-large is-resized\"><img loading=\"lazy\" decoding=\"async\" src=\"https:\/\/2020.kosice.wordcamp.org\/files\/2020\/01\/wcke2019_1-1024x683.jpg\" alt=\"\" class=\"wp-image-1001\" width=\"351\" height=\"234\" srcset=\"https:\/\/kosice.wordcamp.org\/2020\/files\/2020\/01\/wcke2019_1-1024x683.jpg 1024w, https:\/\/kosice.wordcamp.org\/2020\/files\/2020\/01\/wcke2019_1-300x200.jpg 300w, https:\/\/kosice.wordcamp.org\/2020\/files\/2020\/01\/wcke2019_1-768x512.jpg 768w, https:\/\/kosice.wordcamp.org\/2020\/files\/2020\/01\/wcke2019_1-450x300.jpg 450w, https:\/\/kosice.wordcamp.org\/2020\/files\/2020\/01\/wcke2019_1-1536x1024.jpg 1536w, https:\/\/kosice.wordcamp.org\/2020\/files\/2020\/01\/wcke2019_1-1200x800.jpg 1200w, https:\/\/kosice.wordcamp.org\/2020\/files\/2020\/01\/wcke2019_1-1980x1320.jpg 1980w, https:\/\/kosice.wordcamp.org\/2020\/files\/2020\/01\/wcke2019_1.jpg 2032w\" sizes=\"auto, (max-width: 351px) 100vw, 351px\" \/><\/figure>\n\n\n\n<p><\/p>\n<\/div>\n<\/div>\n\n\n\n<h2 class=\"wp-block-heading\">Sobota, 16.m\u00e1j<\/h2>\n\n\n<table class=\"wcpt-schedule alignwide\" border=\"0\"><thead><tr><th class=\"wcpt-col-time\">\u010cas<\/th><th class=\"wcpt-col-track\"> <span class=\"wcpt-track-name\">Predn\u00e1\u0161kov\u00e1 miestnos\u0165 #1<\/span> <span class=\"wcpt-track-description\"><\/span> <\/th><th class=\"wcpt-col-track\"> <span class=\"wcpt-track-name\">Predn\u00e1\u0161kov\u00e1 miestnos\u0165 #2<\/span> <span class=\"wcpt-track-description\"><\/span> <\/th><th class=\"wcpt-col-track\"> <span class=\"wcpt-track-name\">Workshopov\u00e1 miestnos\u0165<\/span> <span class=\"wcpt-track-description\"><\/span> <\/th><\/tr><\/thead><tbody><tr class=\"wcpt-time-900 global-session otvorenie-registrcia\"><td class=\"wcpt-time\">9:00<\/td><td colspan=\"3\" class=\"wcb-track-prednaskova-miestnost-1 wcb-track-prednaskova-miestnost-2 wcb-track-workshopova-miestnost wcpt-session-type-custom wcb-session-otvorenie-registracia\" data-track-title=\"Predn\u00e1\u0161kov\u00e1 miestnos\u0165 #1, Predn\u00e1\u0161kov\u00e1 miestnos\u0165 #2, Workshopov\u00e1 miestnos\u0165\" data-session-id=\"136\"><div class=\"wcb-session-cell-content\"><span class=\"wcpt-session-title\">Otvorenie \/ Registr\u00e1cia<\/span><\/div><\/td><\/tr><tr class=\"wcpt-time-1000 global-session oficilny-zaiatok\"><td class=\"wcpt-time\">10:00<\/td><td colspan=\"3\" class=\"wcb-track-prednaskova-miestnost-1 wcb-track-prednaskova-miestnost-2 wcb-track-workshopova-miestnost wcpt-session-type-custom wcb-session-oficialny-zaciatok\" data-track-title=\"Predn\u00e1\u0161kov\u00e1 miestnos\u0165 #1, Predn\u00e1\u0161kov\u00e1 miestnos\u0165 #2, Workshopov\u00e1 miestnos\u0165\" data-session-id=\"138\"><div class=\"wcb-session-cell-content\"><span class=\"wcpt-session-title\">Ofici\u00e1lny za\u010diatok<\/span><\/div><\/td><\/tr><tr class=\"wcpt-time-1015\"><td class=\"wcpt-time\">10:15<\/td><td colspan=\"1\" class=\"wcb-speaker-roland-vojkovsky wcb-track-prednaskova-miestnost-1 wcb-session-category-expert wcb-session-category-medium wcpt-session-type-session wcb-session-linkbuilding\" data-track-title=\"Predn\u00e1\u0161kov\u00e1 miestnos\u0165 #1\" data-session-id=\"141\"><div class=\"wcb-session-cell-content\"><a class=\"wcpt-session-title\" href=\"https:\/\/kosice.wordcamp.org\/2020\/session\/linkbuilding\/\">Linkbuilding: \u010co to je, pre\u010do ho robi\u0165?<\/a> <span class=\"wcpt-session-speakers\"><a href=\"https:\/\/kosice.wordcamp.org\/2020\/speaker\/roland-vojkovsky\/\">Roland Vojkovsk\u00fd<\/a><\/span><\/div><div class=\"wcb-session-favourite-icon\"><a href=\"#\" role=\"button\" class=\"fav-session-button\" aria-pressed=\"false\"><span class=\"screen-reader-text\">Favorite session: Linkbuilding: \u010co to je, pre\u010do ho robi\u0165?<\/span><span class=\"dashicons dashicons-star-filled\"><\/span><\/a><\/div><\/td><td colspan=\"1\" class=\"wcb-speaker-fero-volar wcb-track-prednaskova-miestnost-2 wcb-session-category-new wcpt-session-type-session wcb-session-kubernetes\" data-track-title=\"Predn\u00e1\u0161kov\u00e1 miestnos\u0165 #2\" data-session-id=\"147\"><div class=\"wcb-session-cell-content\"><a class=\"wcpt-session-title\" href=\"https:\/\/kosice.wordcamp.org\/2020\/session\/kubernetes\/\">WordPress vo svete Kubernetes<\/a> <span class=\"wcpt-session-speakers\"><a href=\"https:\/\/kosice.wordcamp.org\/2020\/speaker\/fero-volar\/\">Fero Vol\u00e1r<\/a><\/span><\/div><div class=\"wcb-session-favourite-icon\"><a href=\"#\" role=\"button\" class=\"fav-session-button\" aria-pressed=\"false\"><span class=\"screen-reader-text\">Favorite session: WordPress vo svete Kubernetes<\/span><span class=\"dashicons dashicons-star-filled\"><\/span><\/a><\/div><\/td><td class=\"wcpt-session-empty\"><\/td><\/tr><tr class=\"wcpt-time-1100\"><td class=\"wcpt-time\">11:00<\/td><td colspan=\"2\" class=\"wcb-track-prednaskova-miestnost-1 wcb-track-prednaskova-miestnost-2 wcpt-session-type-custom wcb-session-prestavka-1\" data-track-title=\"Predn\u00e1\u0161kov\u00e1 miestnos\u0165 #1, Predn\u00e1\u0161kov\u00e1 miestnos\u0165 #2\" data-session-id=\"162\"><div class=\"wcb-session-cell-content\"><span class=\"wcpt-session-title\">Prest\u00e1vka 1<\/span><\/div><\/td><td class=\"wcpt-session-empty\"><\/td><\/tr><tr class=\"wcpt-time-1115\"><td class=\"wcpt-time\">11:15<\/td><td colspan=\"1\" class=\"wcb-speaker-pavel-cahlik wcb-track-prednaskova-miestnost-1 wcpt-session-type-session wcb-session-prednaska-3\" data-track-title=\"Predn\u00e1\u0161kov\u00e1 miestnos\u0165 #1\" data-session-id=\"154\"><div class=\"wcb-session-cell-content\"><a class=\"wcpt-session-title\" href=\"https:\/\/kosice.wordcamp.org\/2020\/session\/prednaska-3\/\">Rebranding nen\u00ed jen o zm\u011bn\u011b loga<\/a> <span class=\"wcpt-session-speakers\"><a href=\"https:\/\/kosice.wordcamp.org\/2020\/speaker\/pavel-cahlik\/\">Pavel Cahl\u00edk<\/a><\/span><\/div><div class=\"wcb-session-favourite-icon\"><a href=\"#\" role=\"button\" class=\"fav-session-button\" aria-pressed=\"false\"><span class=\"screen-reader-text\">Favorite session: Rebranding nen\u00ed jen o zm\u011bn\u011b loga<\/span><span class=\"dashicons dashicons-star-filled\"><\/span><\/a><\/div><\/td><td colspan=\"1\" class=\"wcb-speaker-peter-furmanik wcb-track-prednaskova-miestnost-2 wcpt-session-type-session wcb-session-predaj-ebookov-a-obsahu-na-blogu-da-sa-to\" data-track-title=\"Predn\u00e1\u0161kov\u00e1 miestnos\u0165 #2\" data-session-id=\"156\"><div class=\"wcb-session-cell-content\"><a class=\"wcpt-session-title\" href=\"https:\/\/kosice.wordcamp.org\/2020\/session\/predaj-ebookov-a-obsahu-na-blogu-da-sa-to\/\">Predaj eBookov a obsahu na blogu: d\u00e1 sa to<\/a> <span class=\"wcpt-session-speakers\"><a href=\"https:\/\/kosice.wordcamp.org\/2020\/speaker\/peter-furmanik\/\">Peter Furman\u00edk<\/a><\/span><\/div><div class=\"wcb-session-favourite-icon\"><a href=\"#\" role=\"button\" class=\"fav-session-button\" aria-pressed=\"false\"><span class=\"screen-reader-text\">Favorite session: Predaj eBookov a obsahu na blogu: d\u00e1 sa to<\/span><span class=\"dashicons dashicons-star-filled\"><\/span><\/a><\/div><\/td><td colspan=\"1\" class=\"wcb-speaker-vladimir-alexandrov wcb-track-workshopova-miestnost wcpt-session-type-session wcb-session-gutenberg\" data-track-title=\"Workshopov\u00e1 miestnos\u0165\" data-session-id=\"152\"><div class=\"wcb-session-cell-content\"><a class=\"wcpt-session-title\" href=\"https:\/\/kosice.wordcamp.org\/2020\/session\/gutenberg\/\">Custom bloky pre Gutenberg Editor<\/a> <span class=\"wcpt-session-speakers\"><a href=\"https:\/\/kosice.wordcamp.org\/2020\/speaker\/vladimir-alexandrov\/\">Vladimir Alexandrov<\/a><\/span><\/div><div class=\"wcb-session-favourite-icon\"><a href=\"#\" role=\"button\" class=\"fav-session-button\" aria-pressed=\"false\"><span class=\"screen-reader-text\">Favorite session: Custom bloky pre Gutenberg Editor<\/span><span class=\"dashicons dashicons-star-filled\"><\/span><\/a><\/div><\/td><\/tr><tr class=\"wcpt-time-1200\"><td class=\"wcpt-time\">12:00<\/td><td colspan=\"2\" class=\"wcb-track-prednaskova-miestnost-1 wcb-track-prednaskova-miestnost-2 wcpt-session-type-custom wcb-session-prestavka-2\" data-track-title=\"Predn\u00e1\u0161kov\u00e1 miestnos\u0165 #1, Predn\u00e1\u0161kov\u00e1 miestnos\u0165 #2\" data-session-id=\"164\"><div class=\"wcb-session-cell-content\"><span class=\"wcpt-session-title\">Prest\u00e1vka 2<\/span><\/div><\/td><td class=\"wcpt-session-empty\"><\/td><\/tr><tr class=\"wcpt-time-1215\"><td class=\"wcpt-time\">12:15<\/td><td colspan=\"1\" class=\"wcb-speaker-andrija-radojev wcb-track-prednaskova-miestnost-1 wcpt-session-type-session wcb-session-woocommerce-automation\" data-track-title=\"Predn\u00e1\u0161kov\u00e1 miestnos\u0165 #1\" data-session-id=\"158\"><div class=\"wcb-session-cell-content\"><a class=\"wcpt-session-title\" href=\"https:\/\/kosice.wordcamp.org\/2020\/session\/woocommerce-automation\/\">WooCommerce Automation<\/a> <span class=\"wcpt-session-speakers\"><a href=\"https:\/\/kosice.wordcamp.org\/2020\/speaker\/andrija-radojev\/\">Andrija Radojev<\/a><\/span><\/div><div class=\"wcb-session-favourite-icon\"><a href=\"#\" role=\"button\" class=\"fav-session-button\" aria-pressed=\"false\"><span class=\"screen-reader-text\">Favorite session: WooCommerce Automation<\/span><span class=\"dashicons dashicons-star-filled\"><\/span><\/a><\/div><\/td><td colspan=\"1\" class=\"wcb-speaker-peter-lesko wcb-track-prednaskova-miestnost-2 wcpt-session-type-session wcb-session-uvod-do-ux-preco-je-dolezity\" data-track-title=\"Predn\u00e1\u0161kov\u00e1 miestnos\u0165 #2\" data-session-id=\"160\"><div class=\"wcb-session-cell-content\"><a class=\"wcpt-session-title\" href=\"https:\/\/kosice.wordcamp.org\/2020\/session\/uvod-do-ux-preco-je-dolezity\/\">\u00davod do UX &#8211; pre\u010do je d\u00f4le\u017eit\u00fd<\/a> <span class=\"wcpt-session-speakers\"><a href=\"https:\/\/kosice.wordcamp.org\/2020\/speaker\/peter-lesko\/\">Peter Le\u0161ko<\/a><\/span><\/div><div class=\"wcb-session-favourite-icon\"><a href=\"#\" role=\"button\" class=\"fav-session-button\" aria-pressed=\"false\"><span class=\"screen-reader-text\">Favorite session: \u00davod do UX &#8211; pre\u010do je d\u00f4le\u017eit\u00fd<\/span><span class=\"dashicons dashicons-star-filled\"><\/span><\/a><\/div><\/td><td class=\"wcpt-session-empty\"><\/td><\/tr><tr class=\"wcpt-time-1300 global-session obed\"><td class=\"wcpt-time\">13:00<\/td><td colspan=\"3\" class=\"wcb-track-prednaskova-miestnost-1 wcb-track-prednaskova-miestnost-2 wcb-track-workshopova-miestnost wcpt-session-type-custom wcb-session-obed\" data-track-title=\"Predn\u00e1\u0161kov\u00e1 miestnos\u0165 #1, Predn\u00e1\u0161kov\u00e1 miestnos\u0165 #2, Workshopov\u00e1 miestnos\u0165\" data-session-id=\"166\"><div class=\"wcb-session-cell-content\"><span class=\"wcpt-session-title\">Obed<\/span><\/div><\/td><\/tr><tr class=\"wcpt-time-1430\"><td class=\"wcpt-time\">14:30<\/td><td colspan=\"1\" class=\"wcb-speaker-tba wcb-track-prednaskova-miestnost-1 wcpt-session-type-session wcb-session-autorske-prava-bude-upresnene\" data-track-title=\"Predn\u00e1\u0161kov\u00e1 miestnos\u0165 #1\" data-session-id=\"169\"><div class=\"wcb-session-cell-content\"><a class=\"wcpt-session-title\" href=\"https:\/\/kosice.wordcamp.org\/2020\/session\/autorske-prava-bude-upresnene\/\">Autorsk\u00e9 pr\u00e1va (bude upresnen\u00e9)<\/a> <span class=\"wcpt-session-speakers\"><a href=\"https:\/\/kosice.wordcamp.org\/2020\/speaker\/tba\/\">TBA<\/a><\/span><\/div><div class=\"wcb-session-favourite-icon\"><a href=\"#\" role=\"button\" class=\"fav-session-button\" aria-pressed=\"false\"><span class=\"screen-reader-text\">Favorite session: Autorsk\u00e9 pr\u00e1va (bude upresnen\u00e9)<\/span><span class=\"dashicons dashicons-star-filled\"><\/span><\/a><\/div><\/td><td colspan=\"1\" class=\"wcb-speaker-ivo-macek wcb-track-prednaskova-miestnost-2 wcpt-session-type-session wcb-session-propis-svoji-znacku-na-web\" data-track-title=\"Predn\u00e1\u0161kov\u00e1 miestnos\u0165 #2\" data-session-id=\"171\"><div class=\"wcb-session-cell-content\"><a class=\"wcpt-session-title\" href=\"https:\/\/kosice.wordcamp.org\/2020\/session\/propis-svoji-znacku-na-web\/\">Propi\u0161 svoji zna\u010dku na web<\/a> <span class=\"wcpt-session-speakers\"><a href=\"https:\/\/kosice.wordcamp.org\/2020\/speaker\/ivo-macek\/\">Ivo Macek<\/a><\/span><\/div><div class=\"wcb-session-favourite-icon\"><a href=\"#\" role=\"button\" class=\"fav-session-button\" aria-pressed=\"false\"><span class=\"screen-reader-text\">Favorite session: Propi\u0161 svoji zna\u010dku na web<\/span><span class=\"dashicons dashicons-star-filled\"><\/span><\/a><\/div><\/td><td colspan=\"1\" class=\"wcb-speaker-pavol-caban wcb-track-workshopova-miestnost wcpt-session-type-session wcb-session-workshop-2\" data-track-title=\"Workshopov\u00e1 miestnos\u0165\" data-session-id=\"173\"><div class=\"wcb-session-cell-content\"><a class=\"wcpt-session-title\" href=\"https:\/\/kosice.wordcamp.org\/2020\/session\/workshop-2\/\">Workshop 2 (bude upresnen\u00e9)<\/a> <span class=\"wcpt-session-speakers\"><a href=\"https:\/\/kosice.wordcamp.org\/2020\/speaker\/pavol-caban\/\">Pavol Caban<\/a><\/span><\/div><div class=\"wcb-session-favourite-icon\"><a href=\"#\" role=\"button\" class=\"fav-session-button\" aria-pressed=\"false\"><span class=\"screen-reader-text\">Favorite session: Workshop 2 (bude upresnen\u00e9)<\/span><span class=\"dashicons dashicons-star-filled\"><\/span><\/a><\/div><\/td><\/tr><tr class=\"wcpt-time-1515\"><td class=\"wcpt-time\">15:15<\/td><td colspan=\"2\" class=\"wcb-track-prednaskova-miestnost-1 wcb-track-prednaskova-miestnost-2 wcpt-session-type-custom wcb-session-prestavka-3\" data-track-title=\"Predn\u00e1\u0161kov\u00e1 miestnos\u0165 #1, Predn\u00e1\u0161kov\u00e1 miestnos\u0165 #2\" data-session-id=\"175\"><div class=\"wcb-session-cell-content\"><span class=\"wcpt-session-title\">Prest\u00e1vka 3<\/span><\/div><\/td><td class=\"wcpt-session-empty\"><\/td><\/tr><tr class=\"wcpt-time-1530\"><td class=\"wcpt-time\">15:30<\/td><td colspan=\"1\" class=\"wcb-speaker-brano-macko wcb-track-prednaskova-miestnost-1 wcpt-session-type-session wcb-session-copywriting\" data-track-title=\"Predn\u00e1\u0161kov\u00e1 miestnos\u0165 #1\" data-session-id=\"177\"><div class=\"wcb-session-cell-content\"><a class=\"wcpt-session-title\" href=\"https:\/\/kosice.wordcamp.org\/2020\/session\/copywriting\/\">Copywriting (bude upresnen\u00e9)<\/a> <span class=\"wcpt-session-speakers\"><a href=\"https:\/\/kosice.wordcamp.org\/2020\/speaker\/brano-macko\/\">Bra\u0148o Macko<\/a><\/span><\/div><div class=\"wcb-session-favourite-icon\"><a href=\"#\" role=\"button\" class=\"fav-session-button\" aria-pressed=\"false\"><span class=\"screen-reader-text\">Favorite session: Copywriting (bude upresnen\u00e9)<\/span><span class=\"dashicons dashicons-star-filled\"><\/span><\/a><\/div><\/td><td colspan=\"1\" class=\"wcb-speaker-jozef-sudolsky wcb-track-prednaskova-miestnost-2 wcpt-session-type-session wcb-session-utoky-na-wp-preco-ako-kde-skade-a-co-s-nimi\" data-track-title=\"Predn\u00e1\u0161kov\u00e1 miestnos\u0165 #2\" data-session-id=\"179\"><div class=\"wcb-session-cell-content\"><a class=\"wcpt-session-title\" href=\"https:\/\/kosice.wordcamp.org\/2020\/session\/utoky-na-wp-preco-ako-kde-skade-a-co-s-nimi\/\">\u00datoky na WP &#8211; pre\u010do, ako, kde, odkia\u013e a \u010do s nimi?<\/a> <span class=\"wcpt-session-speakers\"><a href=\"https:\/\/kosice.wordcamp.org\/2020\/speaker\/jozef-sudolsky\/\">Jozef Sudolsk\u00fd<\/a><\/span><\/div><div class=\"wcb-session-favourite-icon\"><a href=\"#\" role=\"button\" class=\"fav-session-button\" aria-pressed=\"false\"><span class=\"screen-reader-text\">Favorite session: \u00datoky na WP &#8211; pre\u010do, ako, kde, odkia\u013e a \u010do s nimi?<\/span><span class=\"dashicons dashicons-star-filled\"><\/span><\/a><\/div><\/td><td class=\"wcpt-session-empty\"><\/td><\/tr><tr class=\"wcpt-time-1615 global-session oficilne-ukonenie\"><td class=\"wcpt-time\">16:15<\/td><td colspan=\"3\" class=\"wcb-track-prednaskova-miestnost-1 wcb-track-prednaskova-miestnost-2 wcb-track-workshopova-miestnost wcpt-session-type-custom wcb-session-oficialne-ukoncenie\" data-track-title=\"Predn\u00e1\u0161kov\u00e1 miestnos\u0165 #1, Predn\u00e1\u0161kov\u00e1 miestnos\u0165 #2, Workshopov\u00e1 miestnos\u0165\" data-session-id=\"181\"><div class=\"wcb-session-cell-content\"><span class=\"wcpt-session-title\">Ofici\u00e1lne ukon\u010denie<\/span><\/div><\/td><\/tr><tr class=\"wcpt-time-1700 global-session zaiatok-afterprty\"><td class=\"wcpt-time\">17:00<\/td><td colspan=\"3\" class=\"wcb-track-prednaskova-miestnost-1 wcb-track-prednaskova-miestnost-2 wcb-track-workshopova-miestnost wcpt-session-type-custom wcb-session-zaciatok-afterparty\" data-track-title=\"Predn\u00e1\u0161kov\u00e1 miestnos\u0165 #1, Predn\u00e1\u0161kov\u00e1 miestnos\u0165 #2, Workshopov\u00e1 miestnos\u0165\" data-session-id=\"183\"><div class=\"wcb-session-cell-content\"><span class=\"wcpt-session-title\">Za\u010diatok afterp\u00e1rty<\/span><\/div><\/td><\/tr><\/tbody><\/table>\n\t<div class=\"email-form fav-session-email-form-hide\">\n\t\t<!-- Tab links -->\n\t\t<div class=\"fav-session-share-tab\">\n\t\t\t\t\t\t\t<div class=\"fav-session-tablinks\" id=\"fav-session-btn-email\">\n\t\t\t\t\tEmail\t\t\t\t<\/div>\n\t\t\t\n\t\t\t<div class=\"fav-session-tablinks\" id=\"fav-session-btn-link\">\n\t\t\t\tOdkaz\t\t\t<\/div>\n\n\t\t\t<div class=\"fav-session-tablinks\" id=\"fav-session-btn-print\">\n\t\t\t\tTla\u010di\u0165\t\t\t<\/div>\n\t\t<\/div>\n\n\t\t<!-- Tab content -->\n\t\t\t\t\t<div id=\"fav-session-tab-email\" class=\"fav-session-share-tabcontent\">\n\t\t\t\t<div id=\"fav-session-email-form\">\n\t\t\t\t\tSend me my favorite sessions:\n\t\t\t\t\t<form id=\"fav-sessions-form\">\n\t\t\t\t\t\t<input\n\t\t\t\t\t\t\ttype=\"text\"\n\t\t\t\t\t\t\tname=\"email_address\"\n\t\t\t\t\t\t\tid=\"fav-sessions-email-address\"\n\t\t\t\t\t\t\tplaceholder=\"me@protonmail.com\"\n\t\t\t\t\t\t\/>\n\t\t\t\t\t\t<input type=\"submit\" value=\"Odosla\u0165\" \/>\n\t\t\t\t\t<\/form>\n\t\t\t\t<\/div>\n\n\t\t\t\t<div class=\"fav-session-email-wait-spinner\"><\/div>\n\t\t\t\t<div class=\"fav-session-email-result\"><\/div>\n\t\t\t<\/div>\n\t\t\n\t\t<div id=\"fav-session-tab-link\" class=\"fav-session-share-tabcontent\">\n\t\t\tShareable link:\t\t\t<br \/>\n\t\t\t<a id=\"fav-sessions-link\" href=\"\"><\/a>\n\t\t<\/div>\n\n\t\t<div id=\"fav-session-tab-print\" class=\"fav-session-share-tabcontent\">\n\t\t\t<button id=\"fav-session-print\">\n\t\t\t\tPrint favorite sessions\t\t\t<\/button>\n\t\t<\/div>\n\t<\/div>\n\n\t<a class=\"show-email-form\" href=\"javascript:\">\n\t\t<span class=\"dashicons dashicons-star-filled\"><\/span>\n\t\t<span class=\"dashicons dashicons-email-alt\"><\/span>\n\t<\/a>\n\n\t\n","protected":false},"excerpt":{"rendered":"<p>Tak ako Picasso, aj ty m\u00e1\u0161 v\u00a0sebe r\u00f4zne talenty, no mus\u00ed\u0161 ich objavi\u0165 a rozv\u00edja\u0165. V\u010faka #wcke2020 m\u00e1\u0161 mo\u017enos\u0165 z\u00edska\u0165 vedomosti a zru\u010dnosti o pou\u017e\u00edvan\u00ed a \u0161k\u00e1lovan\u00ed syst\u00e9mu WordPress, spozna\u0165 pr\u00edbehy \u013eud\u00ed z WordPress komunity, m\u00f4\u017ee\u0161 sa sta\u0165 s\u00fa\u010das\u0165ou tejto komunity &#8211; objav a\u00a0rozvi\u0148 svoj #wordpresstalent.\u00a0 \u010co \u0165a \u010dak\u00e1 na #wcke2020? U\u017e 16.m\u00e1ja \u0165a v [&hellip;]<\/p>\n","protected":false},"author":16039518,"featured_media":0,"parent":0,"menu_order":0,"comment_status":"closed","ping_status":"closed","template":"","meta":{"jetpack_post_was_ever_published":false,"footnotes":""},"class_list":["post-7","page","type-page","status-publish","hentry"],"jetpack_sharing_enabled":true,"_links":{"self":[{"href":"https:\/\/kosice.wordcamp.org\/2020\/wp-json\/wp\/v2\/pages\/7","targetHints":{"allow":["GET"]}}],"collection":[{"href":"https:\/\/kosice.wordcamp.org\/2020\/wp-json\/wp\/v2\/pages"}],"about":[{"href":"https:\/\/kosice.wordcamp.org\/2020\/wp-json\/wp\/v2\/types\/page"}],"author":[{"embeddable":true,"href":"https:\/\/kosice.wordcamp.org\/2020\/wp-json\/wp\/v2\/users\/16039518"}],"replies":[{"embeddable":true,"href":"https:\/\/kosice.wordcamp.org\/2020\/wp-json\/wp\/v2\/comments?post=7"}],"version-history":[{"count":21,"href":"https:\/\/kosice.wordcamp.org\/2020\/wp-json\/wp\/v2\/pages\/7\/revisions"}],"predecessor-version":[{"id":1512,"href":"https:\/\/kosice.wordcamp.org\/2020\/wp-json\/wp\/v2\/pages\/7\/revisions\/1512"}],"wp:attachment":[{"href":"https:\/\/kosice.wordcamp.org\/2020\/wp-json\/wp\/v2\/media?parent=7"}],"curies":[{"name":"wp","href":"https:\/\/api.w.org\/{rel}","templated":true}]}}