{"id":17,"date":"2019-12-16T06:23:39","date_gmt":"2019-12-16T06:23:39","guid":{"rendered":"https:\/\/2020.kosice.wordcamp.org\/contact\/"},"modified":"2020-01-27T20:11:57","modified_gmt":"2020-01-27T20:11:57","slug":"kontakt","status":"publish","type":"page","link":"https:\/\/kosice.wordcamp.org\/2020\/kontakt\/","title":{"rendered":"Kontakt"},"content":{"rendered":"\n<p> <\/p>\n\n\n\n<div class=\"wp-block-columns is-layout-flex wp-container-core-columns-is-layout-9d6595d7 wp-block-columns-is-layout-flex\">\n<div class=\"wp-block-column is-layout-flow wp-block-column-is-layout-flow\">\n<p>Nena\u0161iel si na webe v\u0161etky potrebn\u00e9 inform\u00e1cie? <strong>Nev\u00e1haj a nap\u00ed\u0161 n\u00e1m!<\/strong> <a href=\"https:\/\/2020.kosice.wordcamp.org\/program\/\">Program<\/a>, \u010di inform\u00e1cie o <a href=\"https:\/\/2020.kosice.wordcamp.org\/sponzori\/\">sponzoroch<\/a> bud\u00fa uverej\u0148ovan\u00e9 postupne. Nap\u00edsa\u0165 n\u00e1m m\u00f4\u017ee\u0161 aj ak m\u00e1\u0161 z\u00e1ujem prispie\u0165 k #wcke2020 ako sponzor \u010di dobrovo\u013en\u00edk.<\/p>\n\n\n\n<p>Nevie\u0161 sa rozhodn\u00fa\u0165? Ch\u00fdba ti tu nie\u010do, \u010do by si chcel vedie\u0165? Ur\u010dite n\u00e1s oslov pomocou kontaktn\u00e9ho formul\u00e1ru a my ti ochotne zodpovieme v\u0161etky tvoje ot\u00e1zky.<\/p>\n<\/div>\n\n\n\n<div class=\"wp-block-column is-layout-flow wp-block-column-is-layout-flow\">\n<figure class=\"wp-block-image size-large\"><img loading=\"lazy\" decoding=\"async\" width=\"1024\" height=\"683\" src=\"https:\/\/2020.kosice.wordcamp.org\/files\/2020\/01\/organizatori-1024x683.jpg\" alt=\"\" class=\"wp-image-245\" srcset=\"https:\/\/kosice.wordcamp.org\/2020\/files\/2020\/01\/organizatori-1024x683.jpg 1024w, https:\/\/kosice.wordcamp.org\/2020\/files\/2020\/01\/organizatori-300x200.jpg 300w, https:\/\/kosice.wordcamp.org\/2020\/files\/2020\/01\/organizatori-768x512.jpg 768w, https:\/\/kosice.wordcamp.org\/2020\/files\/2020\/01\/organizatori-450x300.jpg 450w, https:\/\/kosice.wordcamp.org\/2020\/files\/2020\/01\/organizatori-1536x1024.jpg 1536w, https:\/\/kosice.wordcamp.org\/2020\/files\/2020\/01\/organizatori-1200x800.jpg 1200w, https:\/\/kosice.wordcamp.org\/2020\/files\/2020\/01\/organizatori-1980x1320.jpg 1980w, https:\/\/kosice.wordcamp.org\/2020\/files\/2020\/01\/organizatori.jpg 2032w\" sizes=\"auto, (max-width: 1024px) 100vw, 1024px\" \/><\/figure>\n<\/div>\n<\/div>\n\n\n<div data-test='contact-form'\n\t\t\tid='contact-form-17'\n\t\t\tclass='wp-block-jetpack-contact-form-container '\n\t\t\tdata-wp-interactive='jetpack\/form' data-wp-context='{\"formId\":\"17\",\"formHash\":\"495c3abc328eae1c5d7f429cafa2d0da2b2cf2f4\",\"showErrors\":false,\"errors\":[],\"fields\":[],\"isMultiStep\":false,\"useAjax\":true,\"submissionData\":null,\"formattedSubmissionData\":[],\"submissionSuccess\":false,\"submissionError\":null,\"elementId\":\"jp-form-495c3abc328eae1c5d7f429cafa2d0da2b2cf2f4\",\"isSingleInputForm\":false}'\n\t\t\tdata-wp-watch--scroll-to-wrapper=\"callbacks.scrollToWrapper\"\n\t\t>\n<div class=\"contact-form-submission contact-form-ajax-submission\" data-wp-bind--aria-hidden=\"state.isSuccessMessageAriaHidden\" data-wp-class--submission-success=\"context.submissionSuccess\" id=\"contact-form-success-495c3abc328eae1c5d7f429cafa2d0da2b2cf2f4\" tabindex=\"-1\" aria-labelledby=\"contact-form-success-header-495c3abc328eae1c5d7f429cafa2d0da2b2cf2f4\"><p class=\"go-back-message\"><a class=\"link\" role=\"button\" tabindex=\"0\" data-wp-on--click=\"actions.goBack\" href=\"\/2020\/wp-json\/wp\/v2\/pages\/17\">\u2190 Back<\/a><\/p><h4 data-wp-bind--aria-hidden=\"state.isSuccessMessageAriaHidden\" id=\"contact-form-success-header-495c3abc328eae1c5d7f429cafa2d0da2b2cf2f4\">Your message has been sent<\/h4>\n\n<template data-wp-each--submission=\"context.formattedSubmissionData\">\n\t\t\t\t\t<div class=\"jetpack_forms_contact-form-success-summary\">\n\t\t\t\t\t\t<div class=\"field-name\" data-wp-text=\"context.submission.label\" data-wp-bind--hidden=\"!context.submission.label\"><\/div>\n\t\t\t\t\t\t<div class=\"field-value\" data-wp-text=\"context.submission.value\" data-wp-bind--hidden=\"!context.submission.showPlainValue\"><\/div>\n\t\t\t\t\t\t<a class=\"field-url\" data-wp-bind--href=\"context.submission.url\" data-wp-text=\"context.submission.value\" data-wp-bind--hidden=\"!context.submission.url\" target=\"_blank\" rel=\"noopener noreferrer\"><\/a>\n\t\t\t\t\t\t<div class=\"field-rating\" data-wp-bind--hidden=\"!context.submission.rating\" data-wp-watch=\"callbacks.watchRatingIcons\"><\/div>\n\t\t\t\t\t\t<div class=\"field-images\" data-wp-bind--hidden=\"!context.submission.images\">\n\t\t\t\t\t\t\t<template data-wp-each--image=\"context.submission.images\">\n\t\t\t\t\t\t\t\t<div class=\"field-image-option\" data-wp-class--is-empty=\"!context.image.src\">\n\t\t\t\t\t\t\t\t\t<figure class=\"field-image-option__image\" data-wp-class--is-empty=\"!context.image.src\">\n\t\t\t\t\t\t\t\t\t\t<img data-wp-bind--src=\"context.image.src\" data-wp-bind--hidden=\"!context.image.src\" \/>\n\t\t\t\t\t\t\t\t\t\t<img decoding=\"async\" src=\"data:image\/gif;base64,R0lGODlhAQABAAD\/ACwAAAAAAQABAAACADs=\" data-wp-bind--hidden=\"context.image.src\" \/>\n\t\t\t\t\t\t\t\t\t<\/figure>\n\t\t\t\t\t\t\t\t\t<div class=\"field-image-option__label-wrapper\">\n\t\t\t\t\t\t\t\t\t\t<span class=\"field-image-option__label-code\" data-wp-text=\"context.image.letterCode\"><\/span>\n\t\t\t\t\t\t\t\t\t\t<span class=\"field-image-option__label\" data-wp-text=\"context.image.label\" data-wp-bind--hidden=\"!context.image.label\"><\/span>\n\t\t\t\t\t\t\t\t\t<\/div>\n\t\t\t\t\t\t\t\t<\/div>\n\t\t\t\t\t\t\t<\/template>\n\t\t\t\t\t\t<\/div>\n\t\t\t\t\t\t<div class=\"field-files\" data-wp-bind--hidden=\"!context.submission.files\">\n\t\t\t\t\t\t\t<template data-wp-each--file=\"context.submission.files\">\n\t\t\t\t\t\t\t\t<div class=\"field-file\">\n\t\t\t\t\t\t\t\t\t<div class=\"field-file__thumbnail\" data-wp-style--background-image=\"context.file.previewUrl\" data-wp-style--mask-image=\"context.file.iconUrl\" data-wp-bind--hidden=\"!context.file.hasPreview\"><\/div>\n\t\t\t\t\t\t\t\t\t<svg class=\"field-file__icon\" data-wp-bind--hidden=\"context.file.hasPreview\" width=\"20\" height=\"20\" viewBox=\"0 0 24 24\" fill=\"none\" xmlns=\"http:\/\/www.w3.org\/2000\/svg\" aria-hidden=\"true\">\n\t\t\t\t\t\t\t\t\t\t<path d=\"M14 2H6C4.9 2 4 2.9 4 4V20C4 21.1 4.89 22 5.99 22H18C19.1 22 20 21.1 20 20V8L14 2ZM18 20H6V4H13V9H18V20Z\" fill=\"currentColor\"\/>\n\t\t\t\t\t\t\t\t\t<\/svg>\n\t\t\t\t\t\t\t\t\t<span class=\"field-file__name\" data-wp-text=\"context.file.name\"><\/span>\n\t\t\t\t\t\t\t\t\t<span class=\"field-file__size\" data-wp-text=\"context.file.size\"><\/span>\n\t\t\t\t\t\t\t\t<\/div>\n\t\t\t\t\t\t\t<\/template>\n\t\t\t\t\t\t<\/div>\n\t\t\t\t\t<\/div>\n\t\t\t\t<\/template><\/div><form action='https:\/\/kosice.wordcamp.org\/2020\/kontakt\/'\n\t\t\t\tid='jp-form-495c3abc328eae1c5d7f429cafa2d0da2b2cf2f4'\n\t\t\t\tmethod='post'\n\t\t\t\tclass='contact-form commentsblock' aria-label=\"Kontakt\"\n\t\t\t\tdata-wp-on--submit=\"actions.onFormSubmit\"\n\t\t\t\tdata-wp-on--reset=\"actions.onFormReset\"\n\t\t\t\tdata-wp-class--submission-success=\"context.submissionSuccess\"\n\t\t\t\tdata-wp-class--is-first-step=\"state.isFirstStep\"\n\t\t\t\tdata-wp-class--is-last-step=\"state.isLastStep\"\n\t\t\t\tdata-wp-class--is-ajax-form=\"context.useAjax\"\n\t\t\t\tnovalidate >\n<input type='hidden' name='jetpack_contact_form_jwt' value='eyJ0eXAiOiJKV1QiLCJhbGciOiJIUzI1NiJ9.eyJlbmNyeXB0ZWRfYXR0cmlidXRlcyI6IlNKaDBDellMTk5zU2EyTlY2Mzg2S0V0d2lObnBITnR4ZWdUaDQrYmpLaE9WTzFuMGl6S3dxbkgvb3pMQkE4ZFVUZHVDSEtQNDdZZ0pKVXc4ZkYrNHppRkFtQURJM0ZCZzlBRkhtUXFnSndoU2lSbzN1WDNnd2gwSHl2NkFlcDlxZjExUHJ1Y29FSWxJUE9UMzBKMGlsNmRSejRHbU0rUjM4WTRBMkt2cXczNURiV042bVdaS2dIZXBPeXdlSXhlTWV5cnV1RUMrZTZpc1FsdmcvN3ZKMGRlNkpRUWtUcXZRTjNyV3hDWDBaNTllNFd6bE1oUERjeXNTWkdHZFRtOUlzdmxlcmZRUlBtNUQ0ZUlPdmE2R2dpbzREUjVUL0tnTW5YQmY5V1Q5ZXZkcHBuRUNNMzg2UjIvK3pWL0ZxMXFnb2VqNlYwdFpCd2xFRXV2b2tWUHJYUE5XaFhwOUtmUzdaamY0aGhhakwxUGNkNlpmUGFXNi9VMXZyRDd5TGI2NThTMDlFSVNjRGpwK0VtbWZUS00rMEZPbUwzNzEwa1pyMm55R1JTRS9QWGVhUzV1VU5hcGFuaHJQUVJLbjhaRU1lcHFrbmZIenVuejJHU2VIeGNQV3NMdW0xMEtKSFFIODMraWNyK1V4UlIwK0N1MTA2dTB5WmFFdmZhOVZjOWJHZll3Sm1uMlVEcVFEcFQxOS9yTEFPN3JJU0FzK0VlVkdqNTVybkRWQXI5R04xS0t5RUFHRDRrS1Z1YWJ6amxxWVFiRytYUnFZbXRVRFBhK2cxQm5ZYjYxUmJPZ3ZNcXFyQW1nOE5PUDRGd2FTaG9lbFlYdldocUxTSVBlalZPdC8yUWhIbVRiK0dyRkQzTUIzOFAwbjFIN3lUWjZnaFUxQTI5cVAzdDQ0WEJ6ZGpvUy9nY1ZKSGFzTDZvS2V4cG5rOVlYSVE4NG9HcFJZUDh6YXNNNnNVYXZWcGtqOEF1azVBbFFCV0V5eDVqcFNKOWQvb2lPczNVSzY0VUR0NUpvVFlQZHd6VzRYUStTa2Q1TG1jS0N1U3RWRDRtSkxjdWFBaUltS2V0cDBLVnZWY25QanRTcVpTVWNhZXkybUwyWFNJeW1mRkdUMDFsMC9nb2NydGV5YmlHbkh5dEhLcVAwWGQxODhFTEw2bFdLYlNvamNLejBLYzFtTnk2S3ZDZz09IiwiY29udGVudCI6IlxuW2NvbnRhY3QtZmllbGQgbGFiZWw9XCJNZW5vXCIgcmVxdWlyZWQ9XCIxXCIgdHlwZT1cIm5hbWVcIi9dXG5cbltjb250YWN0LWZpZWxkIGxhYmVsPVwiRW1haWxcIiByZXF1aXJlZD1cIjFcIiB0eXBlPVwiZW1haWxcIi9dXG5cbltjb250YWN0LWZpZWxkIGxhYmVsPVwiU3ByXHUwMGUxdmFcIiByZXF1aXJlZD1cIjFcIiB0eXBlPVwidGV4dGFyZWFcIi9dXG4iLCJoYXNoIjoiNDk1YzNhYmMzMjhlYWUxYzVkN2Y0MjljYWZhMmQwZGEyYjJjZjJmNCIsInNvdXJjZSI6eyJlbnRyeV90aXRsZSI6IktvbnRha3QiLCJlbnRyeV9wYWdlIjoxLCJzb3VyY2VfaWQiOjE3LCJzb3VyY2VfdHlwZSI6InNpbmdsZSIsInJlcXVlc3RfdXJsIjoiaHR0cHM6Ly9rb3NpY2Uud29yZGNhbXAub3JnLzIwMjAvd3AtanNvbi93cC92Mi9wYWdlcy8xNyJ9LCJ2ZXJzaW9uIjoyLCJjaXBoZXIiOiJhZXMtMjU2LWdjbSJ9.AYfgxWmiAR8x8fw4oECKQDPyF8uLJ6I6ZhPi8Xp6tGc' \/>\n\n\n<div style=\"\"  data-wp-interactive=\"jetpack\/form\" data-wp-context='{\"fieldId\":\"g17-meno\",\"fieldType\":\"name\",\"fieldLabel\":\"Meno\",\"fieldValue\":\"\",\"fieldPlaceholder\":\"\",\"fieldIsRequired\":\"1\",\"fieldErrorMessage\":\"\",\"fieldExtra\":[],\"formHash\":\"495c3abc328eae1c5d7f429cafa2d0da2b2cf2f4\"}'  class='grunion-field-name-wrap grunion-field-wrap'  data-wp-init='callbacks.initializeField' data-wp-on--jetpack-form-reset='callbacks.initializeField' >\n<label\n\t\t\t\tfor='g17-meno' class=\"grunion-field-label name\" >Meno<span class=\"grunion-label-required\" aria-hidden=\"true\">(povinn\u00e9)<\/span><\/label>\n<input\n\t\t\t\t\ttype='text'\n\t\t\t\t\tname='g17-meno'\n\t\t\t\t\tid='g17-meno'\n\t\t\t\t\tvalue=''\n\n\t\t\t\t\tdata-wp-bind--aria-invalid='state.fieldAriaInvalid'\n\t\t\t\t\tdata-wp-bind--value='state.getFieldValue'\n\t\t\t\t\taria-describedby='g17-meno-text-error-message'\n\t\t\t\t\tdata-wp-on--input='actions.onFieldChange'\n\t\t\t\t\tdata-wp-on--blur='actions.onFieldBlur'\n\t\t\t\t\tdata-wp-class--has-value='state.hasFieldValue'\n\n\t\t\t\t\tclass='name  grunion-field' \n\t\t\t\t\trequired='true' aria-required='true'  \/>\n \n\t\t\t<div id=\"g17-meno-text-error\" class=\"contact-form__input-error\" data-wp-class--has-errors=\"state.fieldHasErrors\">\n\t\t\t\t<span class=\"contact-form__warning-icon\" aria-hidden=\"true\">\n\t\t\t\t\t<svg width=\"16\" height=\"16\" viewBox=\"0 0 16 16\" fill=\"none\" xmlns=\"http:\/\/www.w3.org\/2000\/svg\">\n\t\t\t\t\t\t<path d=\"M8.50015 11.6402H7.50015V10.6402H8.50015V11.6402Z\" \/>\n\t\t\t\t\t\t<path d=\"M7.50015 9.64018H8.50015V6.30684H7.50015V9.64018Z\" \/>\n\t\t\t\t\t\t<path fill-rule=\"evenodd\" clip-rule=\"evenodd\" d=\"M6.98331 3.0947C7.42933 2.30177 8.57096 2.30177 9.01698 3.09469L13.8771 11.7349C14.3145 12.5126 13.7525 13.4735 12.8602 13.4735H3.14004C2.24774 13.4735 1.68575 12.5126 2.12321 11.7349L6.98331 3.0947ZM8.14541 3.58496C8.08169 3.47168 7.9186 3.47168 7.85488 3.58496L2.99478 12.2251C2.93229 12.3362 3.01257 12.4735 3.14004 12.4735H12.8602C12.9877 12.4735 13.068 12.3362 13.0055 12.2251L8.14541 3.58496Z\" \/>\n\t\t\t\t\t<\/svg>\n\t\t\t\t<\/span>\n\t\t\t\t<span data-wp-text=\"state.errorMessage\" id=\"g17-meno-text-error-message\"><\/span>\n\t\t\t<\/div> \n\t<\/div>\n\n\n\n<div style=\"\"  data-wp-interactive=\"jetpack\/form\" data-wp-context='{\"fieldId\":\"g17-email\",\"fieldType\":\"email\",\"fieldLabel\":\"Email\",\"fieldValue\":\"\",\"fieldPlaceholder\":\"\",\"fieldIsRequired\":\"1\",\"fieldErrorMessage\":\"\",\"fieldExtra\":[],\"formHash\":\"495c3abc328eae1c5d7f429cafa2d0da2b2cf2f4\"}'  class='grunion-field-email-wrap grunion-field-wrap'  data-wp-init='callbacks.initializeField' data-wp-on--jetpack-form-reset='callbacks.initializeField' >\n<label\n\t\t\t\tfor='g17-email' class=\"grunion-field-label email\" >Email<span class=\"grunion-label-required\" aria-hidden=\"true\">(povinn\u00e9)<\/span><\/label>\n<input\n\t\t\t\t\ttype='email'\n\t\t\t\t\tname='g17-email'\n\t\t\t\t\tid='g17-email'\n\t\t\t\t\tvalue=''\n\n\t\t\t\t\tdata-wp-bind--aria-invalid='state.fieldAriaInvalid'\n\t\t\t\t\tdata-wp-bind--value='state.getFieldValue'\n\t\t\t\t\taria-describedby='g17-email-email-error-message'\n\t\t\t\t\tdata-wp-on--input='actions.onFieldChange'\n\t\t\t\t\tdata-wp-on--blur='actions.onFieldBlur'\n\t\t\t\t\tdata-wp-class--has-value='state.hasFieldValue'\n\n\t\t\t\t\tclass='email  grunion-field' \n\t\t\t\t\trequired='true' aria-required='true'  \/>\n \n\t\t\t<div id=\"g17-email-email-error\" class=\"contact-form__input-error\" data-wp-class--has-errors=\"state.fieldHasErrors\">\n\t\t\t\t<span class=\"contact-form__warning-icon\" aria-hidden=\"true\">\n\t\t\t\t\t<svg width=\"16\" height=\"16\" viewBox=\"0 0 16 16\" fill=\"none\" xmlns=\"http:\/\/www.w3.org\/2000\/svg\">\n\t\t\t\t\t\t<path d=\"M8.50015 11.6402H7.50015V10.6402H8.50015V11.6402Z\" \/>\n\t\t\t\t\t\t<path d=\"M7.50015 9.64018H8.50015V6.30684H7.50015V9.64018Z\" \/>\n\t\t\t\t\t\t<path fill-rule=\"evenodd\" clip-rule=\"evenodd\" d=\"M6.98331 3.0947C7.42933 2.30177 8.57096 2.30177 9.01698 3.09469L13.8771 11.7349C14.3145 12.5126 13.7525 13.4735 12.8602 13.4735H3.14004C2.24774 13.4735 1.68575 12.5126 2.12321 11.7349L6.98331 3.0947ZM8.14541 3.58496C8.08169 3.47168 7.9186 3.47168 7.85488 3.58496L2.99478 12.2251C2.93229 12.3362 3.01257 12.4735 3.14004 12.4735H12.8602C12.9877 12.4735 13.068 12.3362 13.0055 12.2251L8.14541 3.58496Z\" \/>\n\t\t\t\t\t<\/svg>\n\t\t\t\t<\/span>\n\t\t\t\t<span data-wp-text=\"state.errorMessage\" id=\"g17-email-email-error-message\"><\/span>\n\t\t\t<\/div> \n\t<\/div>\n\n\n\n<div style=\"\"  data-wp-interactive=\"jetpack\/form\" data-wp-context='{\"fieldId\":\"g17-sprva\",\"fieldType\":\"textarea\",\"fieldLabel\":\"Spr\\u00e1va\",\"fieldValue\":\"\",\"fieldPlaceholder\":\"\",\"fieldIsRequired\":\"1\",\"fieldErrorMessage\":\"\",\"fieldExtra\":[],\"formHash\":\"495c3abc328eae1c5d7f429cafa2d0da2b2cf2f4\"}'  class='grunion-field-textarea-wrap grunion-field-wrap'  data-wp-init='callbacks.initializeField' data-wp-on--jetpack-form-reset='callbacks.initializeField' >\n<label\n\t\t\t\tfor='contact-form-comment-g17-sprva' class=\"grunion-field-label textarea\" >Spr\u00e1va<span class=\"grunion-label-required\" aria-hidden=\"true\">(povinn\u00e9)<\/span><\/label>\n<textarea\n\t\t                style=''\n\t\t                name='g17-sprva'\n\t\t                id='contact-form-comment-g17-sprva'\n\t\t                rows='20'\n\t\t\t\t\t\tdata-wp-text='state.getFieldValue'\n\t\t\t\t\t\tdata-wp-on--input='actions.onFieldChange'\n\t\t\t\t\t\tdata-wp-on--blur='actions.onFieldBlur'\n\t\t\t\t\t\tdata-wp-class--has-value='state.hasFieldValue'\n\t\t\t\t\t\taria-describedby='g17-sprva-textarea-error-message'\n\t\t\t\t\t\tdata-wp-bind--aria-invalid='state.fieldAriaInvalid'\n\t\t\t\t\t\tclass='textarea  grunion-field'  required aria-required='true'><\/textarea>\n \n\t\t\t<div id=\"g17-sprva-textarea-error\" class=\"contact-form__input-error\" data-wp-class--has-errors=\"state.fieldHasErrors\">\n\t\t\t\t<span class=\"contact-form__warning-icon\" aria-hidden=\"true\">\n\t\t\t\t\t<svg width=\"16\" height=\"16\" viewBox=\"0 0 16 16\" fill=\"none\" xmlns=\"http:\/\/www.w3.org\/2000\/svg\">\n\t\t\t\t\t\t<path d=\"M8.50015 11.6402H7.50015V10.6402H8.50015V11.6402Z\" \/>\n\t\t\t\t\t\t<path d=\"M7.50015 9.64018H8.50015V6.30684H7.50015V9.64018Z\" \/>\n\t\t\t\t\t\t<path fill-rule=\"evenodd\" clip-rule=\"evenodd\" d=\"M6.98331 3.0947C7.42933 2.30177 8.57096 2.30177 9.01698 3.09469L13.8771 11.7349C14.3145 12.5126 13.7525 13.4735 12.8602 13.4735H3.14004C2.24774 13.4735 1.68575 12.5126 2.12321 11.7349L6.98331 3.0947ZM8.14541 3.58496C8.08169 3.47168 7.9186 3.47168 7.85488 3.58496L2.99478 12.2251C2.93229 12.3362 3.01257 12.4735 3.14004 12.4735H12.8602C12.9877 12.4735 13.068 12.3362 13.0055 12.2251L8.14541 3.58496Z\" \/>\n\t\t\t\t\t<\/svg>\n\t\t\t\t<\/span>\n\t\t\t\t<span data-wp-text=\"state.errorMessage\" id=\"g17-sprva-textarea-error-message\"><\/span>\n\t\t\t<\/div>\n\t<\/div>\n\n\t<p class='contact-submit'>\n<div class=\"contact-form__error\" data-wp-class--show-errors=\"state.showFormErrors\"><span class=\"contact-form__warning-icon\" aria-hidden=\"true\"><i><\/i><\/span><span class=\"contact-form__error-message\" tabindex=\"-1\" data-wp-watch=\"callbacks.focusOnValidationError\" data-wp-text=\"state.getFormErrorMessage\"><\/span><ul aria-label=\"Form errors\">\n\t\t\t\t<template data-wp-each=\"state.getErrorList\" data-wp-key=\"context.item.id\">\n\t\t\t\t\t<li><a data-wp-bind--href=\"context.item.anchor\" data-wp-on--click=\"actions.scrollIntoView\" data-wp-text=\"context.item.label\"><\/a><\/li>\n\t\t\t\t<\/template>\n\t\t\t\t<\/ul><\/div><div class=\"contact-form__error\" data-wp-class--show-errors=\"state.showSubmissionError\" data-wp-text=\"context.submissionError\" tabindex=\"-1\" data-wp-watch=\"callbacks.focusOnSubmissionError\"><\/div>\t\t<button type='submit' class='pushbutton-wide'>Odosla\u0165<\/button>\t\t<input type='hidden' name='is_block' value='1' \/>\n\t\t<input type='hidden' name='contact-form-id' value='17' \/>\n\t\t<input type='hidden' name='action' value='grunion-contact-form' \/>\n\t\t<input type='hidden' name='contact-form-hash' value='495c3abc328eae1c5d7f429cafa2d0da2b2cf2f4' \/>\n\t<\/p>\n<p style=\"display: none !important;\" class=\"akismet-fields-container\" data-prefix=\"ak_\"><label>&#916;<textarea name=\"ak_hp_textarea\" cols=\"45\" rows=\"8\" maxlength=\"100\"><\/textarea><\/label><input type=\"hidden\" id=\"ak_js_1\" name=\"ak_js\" value=\"5\"\/><script>\ndocument.getElementById( \"ak_js_1\" ).setAttribute( \"value\", ( new Date() ).getTime() );\n<\/script>\n<\/p><\/form>\n<\/div>","protected":false},"excerpt":{"rendered":"<p>Nena\u0161iel si na webe v\u0161etky potrebn\u00e9 inform\u00e1cie? Nev\u00e1haj a nap\u00ed\u0161 n\u00e1m! Program, \u010di inform\u00e1cie o sponzoroch bud\u00fa uverej\u0148ovan\u00e9 postupne. Nap\u00edsa\u0165 n\u00e1m m\u00f4\u017ee\u0161 aj ak m\u00e1\u0161 z\u00e1ujem prispie\u0165 k #wcke2020 ako sponzor \u010di dobrovo\u013en\u00edk. Nevie\u0161 sa rozhodn\u00fa\u0165? Ch\u00fdba ti tu nie\u010do, \u010do by si chcel vedie\u0165? Ur\u010dite n\u00e1s oslov pomocou kontaktn\u00e9ho formul\u00e1ru a my ti ochotne [&hellip;]<\/p>\n","protected":false},"author":16039518,"featured_media":0,"parent":0,"menu_order":0,"comment_status":"closed","ping_status":"closed","template":"","meta":{"jetpack_post_was_ever_published":false,"footnotes":""},"class_list":["post-17","page","type-page","status-publish","hentry"],"jetpack_sharing_enabled":true,"_links":{"self":[{"href":"https:\/\/kosice.wordcamp.org\/2020\/wp-json\/wp\/v2\/pages\/17","targetHints":{"allow":["GET"]}}],"collection":[{"href":"https:\/\/kosice.wordcamp.org\/2020\/wp-json\/wp\/v2\/pages"}],"about":[{"href":"https:\/\/kosice.wordcamp.org\/2020\/wp-json\/wp\/v2\/types\/page"}],"author":[{"embeddable":true,"href":"https:\/\/kosice.wordcamp.org\/2020\/wp-json\/wp\/v2\/users\/16039518"}],"replies":[{"embeddable":true,"href":"https:\/\/kosice.wordcamp.org\/2020\/wp-json\/wp\/v2\/comments?post=17"}],"version-history":[{"count":9,"href":"https:\/\/kosice.wordcamp.org\/2020\/wp-json\/wp\/v2\/pages\/17\/revisions"}],"predecessor-version":[{"id":954,"href":"https:\/\/kosice.wordcamp.org\/2020\/wp-json\/wp\/v2\/pages\/17\/revisions\/954"}],"wp:attachment":[{"href":"https:\/\/kosice.wordcamp.org\/2020\/wp-json\/wp\/v2\/media?parent=17"}],"curies":[{"name":"wp","href":"https:\/\/api.w.org\/{rel}","templated":true}]}}