{"id":112,"date":"2019-12-16T09:58:18","date_gmt":"2019-12-16T09:58:18","guid":{"rendered":"https:\/\/2020.kosice.wordcamp.org\/?page_id=112"},"modified":"2020-03-25T09:05:54","modified_gmt":"2020-03-25T09:05:54","slug":"domov","status":"publish","type":"page","link":"https:\/\/kosice.wordcamp.org\/2020\/","title":{"rendered":""},"content":{"rendered":"<p><strong>Zru\u0161enie #wcke2020<\/strong><br \/><br \/>Na z\u00e1klade posledn\u00fdch udalost\u00ed a nepriaznivej situ\u00e1cii kv\u00f4li COVID-19 sme sa rozhodli z bezpe\u010dnostn\u00fdch d\u00f4vodov WordCamp Ko\u0161ice 2020 zru\u0161i\u0165. Uvedomujeme si ve\u013ek\u00fa zodpovednos\u0165 za v\u0161etky z\u00fa\u010dastnen\u00e9 strany a podstupova\u0165 dan\u00e9 riziko nem\u00e1 zmysel, nako\u013eko je pre n\u00e1s v\u0161etk\u00fdch prvorad\u00e9 zdravie, preto ver\u00edme, \u017ee n\u00e1s v na\u0161om rozhodnut\u00ed podpor\u00edte.<\/p>\n<p>O v\u0161etk\u00fdch potrebn\u00fdch inform\u00e1ci\u00e1ch (vr\u00e1tenie pe\u0148az\u00ed za zak\u00fapen\u00e9 vstupenky a pod.) V\u00e1s budeme informova\u0165 za\u010diatkom bud\u00faceho t\u00fd\u017ed\u0148a v ofici\u00e1lnom stanovisku prostredn\u00edctvom dostupn\u00fdch kan\u00e1lov (web, soc. siete, e-mailom). Za pochopenie \u010fakujeme.<\/p>\n<p><em>&#8211; organiz\u00e1torsk\u00fd t\u00edm #wcke2020<\/em><\/p>\n<hr \/>\n<p><span style=\"font-weight: 400\"><strong>\u010co m\u00e1 spolo\u010dn\u00e9 Picasso a WordCamp Ko\u0161ice 2020?<\/strong> <\/span><\/p>\n<p><span style=\"font-weight: 400\">Pablo Picasso bol <strong>v\u00fdznamn\u00fd\u00a0umelec\u00a020. storo\u010dia<\/strong>, <strong>ktor\u00fd mal mnoho talentov.<\/strong> Mo\u017eno o\u00a0nich zo za\u010diatku ani nevedel, no <strong>postupn\u00fdm tvoren\u00edm a\u00a0rozv\u00edjan\u00edm sa z\u00a0neho stal maestro<\/strong>. Tak ako Picasso, <strong>aj ty m\u00e1\u0161 v\u00a0sebe r\u00f4zne talenty<\/strong>, no <strong>mus\u00ed\u0161 ich objavi\u0165 a rozv\u00edja\u0165<\/strong>. \u00a0<\/span><\/p>\n<p><strong>V\u010faka konferencii WordCamp Ko\u0161ice 2020<\/strong> #wcke2020 m\u00e1\u0161 mo\u017enos\u0165 z\u00edska\u0165 vedomosti a zru\u010dnosti o pou\u017e\u00edvan\u00ed a \u0161k\u00e1lovan\u00ed syst\u00e9mu WordPress, spozna\u0165 pr\u00edbehy \u013eud\u00ed z WordPress komunity, m\u00f4\u017ee\u0161 sa sta\u0165 s\u00fa\u010das\u0165ou tejto komunity &#8211; <strong>objav a\u00a0rozvi\u0148 svoj #wordpresstalent.<\/strong><\/p>\n\n\n<figure class=\"wp-block-image\"><img decoding=\"async\" src=\"https:\/\/2019.kosice.wordcamp.org\/files\/2018\/11\/prednaska4-1.jpg\" alt=\"\" class=\"wp-image-293\" \/><\/figure>\n\n\n<p><strong>U\u017e 16.m\u00e1ja<\/strong> <strong>\u0165a v priestoroch Kas\u00e1rn\u00ed\/Kulturpark<\/strong> <strong>\u010dakaj\u00fa zauj\u00edmav\u00e9 predn\u00e1\u0161ky i workshopy<\/strong> z r\u00f4znych oblast\u00ed tvorby, pou\u017e\u00edvania \u010di propag\u00e1cie webu. Tematick\u00e9 okruhy predn\u00e1\u0161ok a workshopov sa bud\u00fa strieda\u0165.&nbsp;<\/p>\n<p><!-- \/wp:post-content --><!-- wp:paragraph --><\/p>\n<p><strong>Aktu\u00e1lne inform\u00e1cie o konferencii<\/strong> n\u00e1jde\u0161 na <strong>na\u0161om<\/strong>&nbsp;<strong><a href=\"https:\/\/www.facebook.com\/events\/541789663210894\/\" target=\"_blank\" rel=\"noopener noreferrer\">Facebooku<\/a>&nbsp;<\/strong>alebo pod ofici\u00e1lnymi ozna\u010deniami #wcke2020 a #wordpresstalent na soci\u00e1lnych sie\u0165ach.<\/p>\n<p><!--EndFragment--><\/p>","protected":false},"excerpt":{"rendered":"<p>Zru\u0161enie #wcke2020 Na z\u00e1klade posledn\u00fdch udalost\u00ed a nepriaznivej situ\u00e1cii kv\u00f4li COVID-19 sme sa rozhodli z bezpe\u010dnostn\u00fdch d\u00f4vodov WordCamp Ko\u0161ice 2020 zru\u0161i\u0165. Uvedomujeme si ve\u013ek\u00fa zodpovednos\u0165 za v\u0161etky z\u00fa\u010dastnen\u00e9 strany a podstupova\u0165 dan\u00e9 riziko nem\u00e1 zmysel, nako\u013eko je pre n\u00e1s v\u0161etk\u00fdch prvorad\u00e9 zdravie, preto ver\u00edme, \u017ee n\u00e1s v na\u0161om rozhodnut\u00ed podpor\u00edte. O v\u0161etk\u00fdch potrebn\u00fdch inform\u00e1ci\u00e1ch (vr\u00e1tenie [&hellip;]<\/p>\n","protected":false},"author":16039518,"featured_media":1773,"parent":0,"menu_order":0,"comment_status":"closed","ping_status":"closed","template":"templates\/template-cover.php","meta":{"jetpack_post_was_ever_published":false,"footnotes":""},"class_list":["post-112","page","type-page","status-publish","has-post-thumbnail","hentry"],"jetpack_sharing_enabled":true,"_links":{"self":[{"href":"https:\/\/kosice.wordcamp.org\/2020\/wp-json\/wp\/v2\/pages\/112","targetHints":{"allow":["GET"]}}],"collection":[{"href":"https:\/\/kosice.wordcamp.org\/2020\/wp-json\/wp\/v2\/pages"}],"about":[{"href":"https:\/\/kosice.wordcamp.org\/2020\/wp-json\/wp\/v2\/types\/page"}],"author":[{"embeddable":true,"href":"https:\/\/kosice.wordcamp.org\/2020\/wp-json\/wp\/v2\/users\/16039518"}],"replies":[{"embeddable":true,"href":"https:\/\/kosice.wordcamp.org\/2020\/wp-json\/wp\/v2\/comments?post=112"}],"version-history":[{"count":14,"href":"https:\/\/kosice.wordcamp.org\/2020\/wp-json\/wp\/v2\/pages\/112\/revisions"}],"predecessor-version":[{"id":1781,"href":"https:\/\/kosice.wordcamp.org\/2020\/wp-json\/wp\/v2\/pages\/112\/revisions\/1781"}],"wp:featuredmedia":[{"embeddable":true,"href":"https:\/\/kosice.wordcamp.org\/2020\/wp-json\/wp\/v2\/media\/1773"}],"wp:attachment":[{"href":"https:\/\/kosice.wordcamp.org\/2020\/wp-json\/wp\/v2\/media?parent=112"}],"curies":[{"name":"wp","href":"https:\/\/api.w.org\/{rel}","templated":true}]}}