{"id":9,"date":"2018-10-18T09:27:42","date_gmt":"2018-10-18T09:27:42","guid":{"rendered":"https:\/\/2019.kosice.wordcamp.org\/sessions\/"},"modified":"2018-11-01T19:29:22","modified_gmt":"2018-11-01T18:29:22","slug":"sessions","status":"publish","type":"page","link":"https:\/\/kosice.wordcamp.org\/2019\/sessions\/","title":{"rendered":"Sessions"},"content":{"rendered":"<p><strong>Prejdi si stru\u010dn\u00fd obsah predn\u00e1\u0161ok a nala\u010f sa na #wcke2019!<\/strong><\/p>\n\n\t<div class=\"wcorg-sessions\">\n\t\t\n\t\t\t<div id=\"wcorg-session-216\" class=\"wcorg-session\" >\n\t\t\t\t<h2>\n\t\t\t\t\tMysl\u00ed\u0161 na \u0161k\u00e1lovatelnos\u0165? &#8211; Atomic design v praxi\t\t\t\t<\/h2>\n\n\t\t\t\t<div class=\"wcorg-session-description\">\n\t\t\t\t\t\t\t\t\t\t\t\t\t\t\t\t\t\t\t\t\n<p>Predstav si, \u017ee pr\u00e1ve odovzd\u00e1va\u0161 dizajn rozsiahlej aplik\u00e1cie. Na posledn\u00fa chv\u00ed\u013eu ti v\u0161ak pr\u00edde po\u017eiadavka od klienta alebo devel-u na zmenu jedn\u00e9ho objektu, ktor\u00fd sa zobrazuje na ka\u017edom jednom screene. C\u00edti\u0161 ten tlak? Ten pocit bezn\u00e1dejnosti prech\u00e1dza\u0165 ka\u017ed\u00fd jeden screen, upravova\u0165 jeden po druhom a pritom neporu\u0161i\u0165 \u201cpixel perfect\u201d koncepciu? Nebolo by skvel\u00e9 urobi\u0165 zmenu hromadne na jednom centr\u00e1lnom mieste?<br><\/p>\n\n\n\n<p>Koncepcia Atomic designu ti pr\u00e1ve tak\u00fdto luxus dok\u00e1\u017ee poskytn\u00fa\u0165. Vo svojej predn\u00e1\u0161ke sa ti pok\u00fasim vysvetli\u0165 princ\u00edp a fungovanie Atomic designu, pre\u010do je dobr\u00e9 t\u00fato koncepciu pou\u017e\u00edva\u0165 a samozrejme aj svoj pr\u00edbeh, ako som aplikoval Atomic desing do procesu kreslenia vo WebSupporte + mal\u00fd bonus na koniec.<br><\/p>\n\n\t\t\t\t\t\t\t\t\t<\/div>\n\t\t\t<\/div>\n\n\t\t\n\t\t\t<div id=\"wcorg-session-199\" class=\"wcorg-session\" >\n\t\t\t\t<h2>\n\t\t\t\t\tZvl\u00e1dni Google Analytics ako p\u00e1n\t\t\t\t<\/h2>\n\n\t\t\t\t<div class=\"wcorg-session-description\">\n\t\t\t\t\t\t\t\t\t\t\t\t\t\t\t\t\t\t\t\t\n<p>&#8211;\tNa \u010do sl\u00fa\u017ei Google Analytics a z\u00e1kladne pojmy<\/p>\n\n\n\n<p>&#8211; &nbsp;&nbsp;Ako spr\u00e1vne nastavi\u0165 Google Analytics<\/p>\n\n\n\n<p>&#8211;\tPokro\u010dil\u00e9 nastavenia<\/p>\n\n\n\n<p>&#8211;\t\u010co a ako mera\u0165 &#8211; weby, blogy, eshopy-\tTipy a triky \u2013 \u010do ste o Google Analytics nevedeli\n\n<\/p>\n\n\t\t\t\t\t\t\t\t\t<\/div>\n\t\t\t<\/div>\n\n\t\t\n\t\t\t<div id=\"wcorg-session-203\" class=\"wcorg-session\" >\n\t\t\t\t<h2>\n\t\t\t\t\tAko WordPress zni\u010dil moju kari\u00e9ru!\t\t\t\t<\/h2>\n\n\t\t\t\t<div class=\"wcorg-session-description\">\n\t\t\t\t\t\t\t\t\t\t\t\t\t\t\t\t\t\t\t\t\n<p>Pr\u00edbeh o tom ako som si po skon\u010den\u00ed \u0161koly, na\u0161iel zauj\u00edmav\u00e9 a perspekt\u00edvne zamestnanie, z\u00edskaval sk\u00fasenosti, postupne sa predieral vpred a budoval si svoju s\u013eubn\u00fa kari\u00e9ru. Sky is the limit, you might say!!! No v tom sa mi do cesty zaplietol WordPress a v\u0161etko sa postupne zr\u00fatilo. Porozpr\u00e1vam v\u00e1m detaily pr\u00edbehu, ako som v\u0161etko prehodnotil a rozhodol sa to WordPressu vr\u00e1ti\u0165 sp\u00e4\u0165.<\/p>\n\n\t\t\t\t\t\t\t\t\t<\/div>\n\t\t\t<\/div>\n\n\t\t\n\t\t\t<div id=\"wcorg-session-206\" class=\"wcorg-session\" >\n\t\t\t\t<h2>\n\t\t\t\t\tSme v tom spolu\t\t\t\t<\/h2>\n\n\t\t\t\t<div class=\"wcorg-session-description\">\n\t\t\t\t\t\t\t\t\t\t\t\t\t\t\t\t\t\t\t\t\n<p>Jeden z najd\u00f4le\u017eitej\u0161\u00edch predpokladov pre \u00faspe\u0161n\u00fd a dlhodobo udr\u017eate\u013en\u00fd projekt je efekt\u00edvna spolupr\u00e1ca medzi WordPress agent\u00farou a majite\u013eom eshopu.<br><\/p>\n\n\n\n<p>T\u00fdm ako eshop rastie vznikaj\u00fa r\u00f4zne situ\u00e1cie, s ktor\u00fdmi sa musia vysporiada\u0165 prev\u00e1dzkovatelia eshopu ale aj v\u00fdvoj\u00e1rsky t\u00edm. <br><\/p>\n\n\n\n<p>A presne tie si uk\u00e1\u017eeme!<br><\/p>\n\n\t\t\t\t\t\t\t\t\t<\/div>\n\t\t\t<\/div>\n\n\t\t\n\t\t\t<div id=\"wcorg-session-1154\" class=\"wcorg-session\" >\n\t\t\t\t<h2>\n\t\t\t\t\tSocial media strat\u00e9gia pre va\u0161u zna\u010dku\t\t\t\t<\/h2>\n\n\t\t\t\t<div class=\"wcorg-session-description\">\n\t\t\t\t\t\t\t\t\t\t\t\t\t\t\t\t\t\t\t\t\n<p>Viete, kam kr\u00e1\u010da va\u0161a zna\u010dka v digit\u00e1lnom svete? Soci\u00e1lne m\u00e9dia nie s\u00fa len soci\u00e1lne siete. V\u010faka re\u00e1lnej interakcii s pl\u00e1tnom social media strat\u00e9gie (vypisovanie, nalepovanie a premiest\u0148ovanie post-it n\u00e1lepiek) z\u00edskate odpor\u00fa\u010dania, pom\u00f4cky a n\u00e1vod na vytvorenie marketingovej strat\u00e9gie.<\/p>\n\n\n\n<p><strong>\u010co sa, okrem in\u00e9ho, dozviete:<\/strong><br> &#8211; \u010do je social media strat\u00e9gia<br> &#8211; pre\u010do je potrebn\u00e1 pre va\u0161u zna\u010dku<br> &#8211; z \u010doho sa sklad\u00e1 a n\u00e1vod na jej vytvorenie<br> &#8211; definovanie kampane, publika a pers\u00f3n<br> &#8211; nastavenie cie\u013eov, obsahu a reklamy<br> &#8211; meranie cie\u013eov a hodnotenie kampane<\/p>\n\n\t\t\t\t\t\t\t\t\t<\/div>\n\t\t\t<\/div>\n\n\t\t\n\t\t\t<div id=\"wcorg-session-210\" class=\"wcorg-session\" >\n\t\t\t\t<h2>\n\t\t\t\t\tSex, drogy a rock&amp;roll\t\t\t\t<\/h2>\n\n\t\t\t\t<div class=\"wcorg-session-description\">\n\t\t\t\t\t\t\t\t\t\t\t\t\t\t\t\t\t\t\t\t\n<p><strong>aneb 7 smrteln\u00fdch h\u0159\u00edch\u016f zna\u010dek &#8211; nejen v jejich za\u010d\u00e1tc\u00edch. <\/strong><\/p>\n\n\n\n<p>Pro\u010d je d\u016fle\u017eit\u00e9 myslet na (svou) zna\u010dku u\u017e p\u0159ed nebo p\u0159i startu produktu? Pro\u010d nevybudujete zna\u010dku jen v online prost\u0159ed\u00ed?  A pro\u010d strategie opakuj\u00edc\u00edch se prodejn\u00edch akc\u00ed v kone\u010dn\u00e9m d\u016fsledku sel\u017ee?  To a dal\u0161\u00ed h\u0159\u00edchy zna\u010dek v\u00e1m uk\u00e1\u017ei na sedmi h\u0159\u00ed\u0161n\u00fdch p\u0159\u00edkladech. Neopakujte chyby, kter\u00e9 u\u017e ud\u011blali mnoz\u00ed p\u0159ed v\u00e1mi. <\/p>\n\n\n\n<h3 class=\"wp-block-heading\"><strong>Komu je p\u0159edn\u00e1\u0161ka ur\u010dena?<\/strong><\/h3>\n\n\n\n<p>Za\u010d\u00ednaj\u00edc\u00ed startupista, kter\u00fd m\u00e1 v hlav\u011b jen sv\u016fj projekt.  Marketingov\u00fd specialista, kter\u00fd se c\u00edt\u00ed jako k\u0159e\u010dek v kole\u010dku.  Majitel businessu, kter\u00fd si mysl\u00ed, \u017ee marketing je jen o prodejn\u00edch kampan\u00edch. A zbyl\u00fdch 10 % populace \ud83d\ude42<br><\/p>\n\n\t\t\t\t\t\t\t\t\t<\/div>\n\t\t\t<\/div>\n\n\t\t\n\t\t\t<div id=\"wcorg-session-212\" class=\"wcorg-session\" >\n\t\t\t\t<h2>\n\t\t\t\t\tLightning talks\t\t\t\t<\/h2>\n\n\t\t\t\t<div class=\"wcorg-session-description\">\n\t\t\t\t\t\t\t\t\t\t\t\t\t\t\t\t\t\t\t\t\n<p>Priestor pre  kohoko\u013evek, kdo sa chce podeli\u0165 o svoje my\u0161lienky. Ide\u00e1lne teda nie\u010do v spojen\u00ed s  webmi a WordPress \ud83d\ude42<\/p>\n\n\n\n<p><br><\/p>\n\n\t\t\t\t\t\t\t\t\t<\/div>\n\t\t\t<\/div>\n\n\t\t\n\t\t\t<div id=\"wcorg-session-1171\" class=\"wcorg-session\" >\n\t\t\t\t<h2>\n\t\t\t\t\tTvorba modul\u00e1rnej Homepage\t\t\t\t<\/h2>\n\n\t\t\t\t<div class=\"wcorg-session-description\">\n\t\t\t\t\t\t\t\t\t\t\t\t\t\t\t\t\t\t\t\t\n<p>Zrejme ka\u017ed\u00fd, kto vytv\u00e1ral vo WordPresse web, rie\u0161il probl\u00e9m, ako vytvori\u0165 r\u00f4zne obsahov\u00e9 bloky tak, aby klient vedel ich obsah jednoducho meni\u0165. Widgety? Website builder? Custom fields? Gutenberg blocks? Rozoberieme si v\u00fdhody aj nev\u00fdhody ka\u017ed\u00e9ho z nich a pozrieme sa aj na \u010disto objektov\u00fd pr\u00edstup.<br><\/p>\n\n\t\t\t\t\t\t\t\t\t<\/div>\n\t\t\t<\/div>\n\n\t\t\n\t\t\t<div id=\"wcorg-session-197\" class=\"wcorg-session\" >\n\t\t\t\t<h2>\n\t\t\t\t\tSlovensk\u00e9 preklady WordPress\t\t\t\t<\/h2>\n\n\t\t\t\t<div class=\"wcorg-session-description\">\n\t\t\t\t\t\t\t\t\t\t\t\t\t\t\t\t\t\t\t\t\n<p><a href=\"https:\/\/www.kavoros.sk\">Karol V\u00f6r\u00f6s<\/a>, produktov\u00fd mana\u017e\u00e9r z <a href=\"https:\/\/www.websupport.sk\" rel=\"nofollow\">WebSupportu<\/a> a locale manager slovenskej lokaliz\u00e1cie WordPress ti uk\u00e1\u017ee, ako sa tvoria slovensk\u00e9 preklady WordPress a ako m\u00f4\u017ee\u0161 prispie\u0165 aj ty. Do prekladania WordPress sa toti\u017e m\u00f4\u017ee zapoji\u0165 \u00fapne ka\u017ed\u00fd, kedyko\u013evek a odkia\u013eko\u013evek. <\/p>\n\n\n\n<p>P.S. 11. m\u00e1ja, pr\u00e1ve po\u010das WordCampu, prebieha glob\u00e1lne podujatie WordPress Translation Day. <a href=\"https:\/\/wptranslationday.org\/\">#WordPressTranslationDay<\/a><br><\/p>\n\n\t\t\t\t\t\t\t\t\t<\/div>\n\t\t\t<\/div>\n\n\t\t\n\t\t\t<div id=\"wcorg-session-1173\" class=\"wcorg-session\" >\n\t\t\t\t<h2>\n\t\t\t\t\tWP CLI\t\t\t\t<\/h2>\n\n\t\t\t\t<div class=\"wcorg-session-description\">\n\t\t\t\t\t\t\t\t\t\t\t\t\t\t\t\t\t\t\t\t\n<p>Workshop o tom, ako ovl\u00e1da\u0165 WordPress cez konzolu. Dozvie\u0161 sa:<\/p>\n\n\n\n<ul class=\"wp-block-list\"><li>\u010do je WP CLI<\/li><\/ul>\n\n\n\n<ul class=\"wp-block-list\"><li>ako pracova\u0165 s pluginmi a t\u00e9mami<\/li><\/ul>\n\n\n\n<ul class=\"wp-block-list\"><li>ako si zautomatizova\u0165 pr\u00e1cu s WP<br><\/li><\/ul>\n\n\t\t\t\t\t\t\t\t\t<\/div>\n\t\t\t<\/div>\n\n\t\t\n\t\t\t<div id=\"wcorg-session-218\" class=\"wcorg-session\" >\n\t\t\t\t<h2>\n\t\t\t\t\tShould I update\/wait\/ignore?\t\t\t\t<\/h2>\n\n\t\t\t\t<div class=\"wcorg-session-description\">\n\t\t\t\t\t\t\t\t\t\t\t\t\t\t\t\t\t\t\t\t\n<p>If you&#8217;ve been using WordPress for more than a month, you&#8217;ve probably seen some updates already (for a plugin, for a theme, or for WordPress itself) at least once. Do you really know what to do with them?<br><\/p>\n\n\t\t\t\t\t\t\t\t\t<\/div>\n\t\t\t<\/div>\n\n\t\t\t<\/div><!-- .wcorg-sessions -->\n\n\t\n","protected":false},"excerpt":{"rendered":"<p>Prejdi si stru\u010dn\u00fd obsah predn\u00e1\u0161ok a nala\u010f sa na #wcke2019!<\/p>\n","protected":false},"author":14440938,"featured_media":0,"parent":0,"menu_order":0,"comment_status":"closed","ping_status":"closed","template":"","meta":{"jetpack_post_was_ever_published":false,"footnotes":""},"class_list":["post-9","page","type-page","status-publish","hentry"],"jetpack_sharing_enabled":true,"jetpack_shortlink":"https:\/\/wp.me\/Papmdk-9","_links":{"self":[{"href":"https:\/\/kosice.wordcamp.org\/2019\/wp-json\/wp\/v2\/pages\/9","targetHints":{"allow":["GET"]}}],"collection":[{"href":"https:\/\/kosice.wordcamp.org\/2019\/wp-json\/wp\/v2\/pages"}],"about":[{"href":"https:\/\/kosice.wordcamp.org\/2019\/wp-json\/wp\/v2\/types\/page"}],"author":[{"embeddable":true,"href":"https:\/\/kosice.wordcamp.org\/2019\/wp-json\/wp\/v2\/users\/14440938"}],"replies":[{"embeddable":true,"href":"https:\/\/kosice.wordcamp.org\/2019\/wp-json\/wp\/v2\/comments?post=9"}],"version-history":[{"count":2,"href":"https:\/\/kosice.wordcamp.org\/2019\/wp-json\/wp\/v2\/pages\/9\/revisions"}],"predecessor-version":[{"id":371,"href":"https:\/\/kosice.wordcamp.org\/2019\/wp-json\/wp\/v2\/pages\/9\/revisions\/371"}],"wp:attachment":[{"href":"https:\/\/kosice.wordcamp.org\/2019\/wp-json\/wp\/v2\/media?parent=9"}],"curies":[{"name":"wp","href":"https:\/\/api.w.org\/{rel}","templated":true}]}}