{"id":8,"date":"2018-10-18T09:27:42","date_gmt":"2018-10-18T07:27:42","guid":{"rendered":"https:\/\/2019.kosice.wordcamp.org\/speakers\/"},"modified":"2018-11-01T19:32:29","modified_gmt":"2018-11-01T18:32:29","slug":"speakers","status":"publish","type":"page","link":"https:\/\/kosice.wordcamp.org\/2019\/speakers\/","title":{"rendered":"Sp\u00edkri"},"content":{"rendered":"<p><strong>Spoznaj sp\u00edkrov, ktor\u00ed ti svoje know-how, a aj nie\u010do naviac, odovzdaj\u00fa 11.m\u00e1ja na #wcke2019!<\/strong><\/p>\n<p>Prichystan\u00e9 s\u00fa pre teba predn\u00e1\u0161ky z r\u00f4znych oblast\u00ed tvorby, pou\u017e\u00edvania \u010di propag\u00e1cie webu. <strong>T\u00fdm v\u0161ak nekon\u010d\u00edme! Tento rok sme si pre teba prichystali aj workshopy<\/strong>, tak\u017ee sa naozaj nebude\u0161 nudi\u0165. T\u00e9matick\u00e9 okruhy predn\u00e1\u0161ok a workshopov sa bud\u00fa strieda\u0165, tak\u017ee ak si napr. hardcore dev, bude\u0161 ma\u0165 program vystaran\u00fd na cel\u00fd de\u0148.<\/p>\n\n\t<div class=\"wcorg-speakers\">\n\n\t\t\n\t\t\t<!-- Organizers note: The id attribute is deprecated and only remains for backwards compatibility, please use the corresponding class to target individual speakers -->\n\t\t\t<div id=\"wcorg-speaker-spiker12\" class=\"wcorg-speaker wcorg-speaker-spiker12 wcorg-track-prednaska\">\n\t\t\t\t<h2>\n\t\t\t\t\t\n\t\t\t\t\t\tMarek Da\u0148ko\n\t\t\t\t\t\t\t\t\t<\/h2>\n\n\t\t\t\t<div class=\"wcorg-speaker-description\">\n\t\t\t\t\t\t\t\t\t\t\n<p>S WordPress som v akt\u00edvnom kontakte od roku 2014, kedy som potreboval r\u00fdchlo pripravi\u0165 webstr\u00e1nku. Po tom ako som objavil jednoduchos\u0165 a modul\u00e1rnos\u0165 tohto syst\u00e9mu som zmenil zamestnanie a moment\u00e1lne sa v \u00falohe projekt mana\u017e\u00e9ra vo Webikone venujem WordPress webov\u00fdm projektom na plno u\u017e viac ako 3 roky.<br><\/p>\n\t\t\t\t<\/div>\n\t\t\t<\/div>\n\n\t\t\n\t\t\t<!-- Organizers note: The id attribute is deprecated and only remains for backwards compatibility, please use the corresponding class to target individual speakers -->\n\t\t\t<div id=\"wcorg-speaker-spiker11\" class=\"wcorg-speaker wcorg-speaker-spiker11 wcorg-track-workshop\">\n\t\t\t\t<h2>\n\t\t\t\t\t\n\t\t\t\t\t\tMichal Danko\n\t\t\t\t\t\t\t\t\t<\/h2>\n\n\t\t\t\t<div class=\"wcorg-speaker-description\">\n\t\t\t\t\t\t\t\t\t\t\n<p>Som WordPress developer a pracujem v slobodnej firme Webikon. Pravidelne sa z\u00fa\u010dast\u0148ujem na WordCampoch a preto som prilo\u017eil ruku k dielu a okrem  pomoci s organiz\u00e1ciou #wcke som sa rozhodol podeli\u0165 sa aj o moje sk\u00fasenosti formou workshopu.<\/p>\n\t\t\t\t<\/div>\n\t\t\t<\/div>\n\n\t\t\n\t\t\t<!-- Organizers note: The id attribute is deprecated and only remains for backwards compatibility, please use the corresponding class to target individual speakers -->\n\t\t\t<div id=\"wcorg-speaker-spiker10\" class=\"wcorg-speaker wcorg-speaker-spiker10 wcorg-track-workshop\">\n\t\t\t\t<h2>\n\t\t\t\t\t\n\t\t\t\t\t\tD\u00e1vid Melich\n\t\t\t\t\t\t\t\t\t<\/h2>\n\n\t\t\t\t<div class=\"wcorg-speaker-description\">\n\t\t\t\t\t\t\t\t\t\t\n<p>Cez de\u0148 CEO v spolo\u010dnosti GrownApps, po ve\u010deroch nad\u0161en\u00fd WP developer. Bav\u00ed ma prel\u00ednanie biznisu a technol\u00f3gi\u00ed, r\u00e1d pom\u00e1ham klientom objavova\u0165 cesty, ako im web (\u010di u\u017e str\u00e1nky, eshopy alebo aplik\u00e1cie) m\u00f4\u017ee pom\u00f4c\u0165 akcelerova\u0165 ich biznis. <br><\/p>\n\n\n\n<p>WordPressu sa moment\u00e1lne venujem ako hobby, r\u00e1d objavujem nov\u00e9 mo\u017enosti, ako v\u00fdvoj posun\u00fa\u0165 bli\u017e\u0161ie k program\u00e1tosk\u00fdm \u0161tandardom. A po rokoch konzum\u00e1cie cudz\u00edch sk\u00fasenost\u00ed m\u00e1m chu\u0165 sa o tie moje podeli\u0165 s komunitou.<br><\/p>\n\t\t\t\t<\/div>\n\t\t\t<\/div>\n\n\t\t\n\t\t\t<!-- Organizers note: The id attribute is deprecated and only remains for backwards compatibility, please use the corresponding class to target individual speakers -->\n\t\t\t<div id=\"wcorg-speaker-lukas-franko\" class=\"wcorg-speaker wcorg-speaker-lukas-franko wcorg-track-workshop\">\n\t\t\t\t<h2>\n\t\t\t\t\t\n\t\t\t\t\t\tLuk\u00e1\u0161 Franko\n\t\t\t\t\t\t\t\t\t<\/h2>\n\n\t\t\t\t<div class=\"wcorg-speaker-description\">\n\t\t\t\t\t\t\t\t\t\t\n<p>Majite\u013e digit\u00e1lnej agent\u00fary, ktor\u00e1 sa riadi rovnicou 1+1=3. V agent\u00fare tvoria udr\u017eate\u013en\u00fd marketing (1), prid\u00e1vaj\u00fa agiln\u00e9 riadenie a r\u00e1mce (1), kde v\u00fdsledkom rovnice je skokov\u00fd rast zna\u010dky a jej hodnoty (3). Prep\u00e1ja dobrovo\u013en\u00edctvo a mlad\u00fdch \u013eud\u00ed s jeho podnikate\u013eskou \u010dinnos\u0165ou, konzultuje, vedie workshopy, predn\u00e1\u0161a a organizuje stretnutia WordPress komunity. Jeho poslan\u00edm je in\u0161pirova\u0165 druh\u00fdch, aby robili to, \u010do ich bav\u00ed, boli sami sebou a nechali si za to plati\u0165.<\/p>\n\t\t\t\t<\/div>\n\t\t\t<\/div>\n\n\t\t\n\t\t\t<!-- Organizers note: The id attribute is deprecated and only remains for backwards compatibility, please use the corresponding class to target individual speakers -->\n\t\t\t<div id=\"wcorg-speaker-spiker8\" class=\"wcorg-speaker wcorg-speaker-spiker8 wcorg-track-prednaska\">\n\t\t\t\t<h2>\n\t\t\t\t\t\n\t\t\t\t\t\tKrzysiek Dr\u00f3\u017cd\u017c\n\t\t\t\t\t\t\t\t\t<\/h2>\n\n\t\t\t\t<div class=\"wcorg-speaker-description\">\n\t\t\t\t\t\t\t\t\t\t\n<p>WordPress\/PHP developer mainly creating custom themes, plugins and solutions based on customer needs. I\u2019m using WP since v1.7 and I\u2019ve worked for such companies like Prochnik SA, Browar Czarnk\u00f3w or ScanMED. After work speaker on WordCamps and active supporter on <a href=\"http:\/\/wordpress.stackexchange.com\/\">WordPress.StackExchange.com<\/a><br><\/p>\n\t\t\t\t<\/div>\n\t\t\t<\/div>\n\n\t\t\n\t\t\t<!-- Organizers note: The id attribute is deprecated and only remains for backwards compatibility, please use the corresponding class to target individual speakers -->\n\t\t\t<div id=\"wcorg-speaker-spiker7\" class=\"wcorg-speaker wcorg-speaker-spiker7 wcorg-track-prednaska\">\n\t\t\t\t<h2>\n\t\t\t\t\t\n\t\t\t\t\t\tPeter Po\u0161a\n\t\t\t\t\t\t\t\t\t<\/h2>\n\n\t\t\t\t<div class=\"wcorg-speaker-description\">\n\t\t\t\t\t\t\t\t\t\t\n<p>Graphic designer vo WebSupport<\/p>\n\t\t\t\t<\/div>\n\t\t\t<\/div>\n\n\t\t\n\t\t\t<!-- Organizers note: The id attribute is deprecated and only remains for backwards compatibility, please use the corresponding class to target individual speakers -->\n\t\t\t<div id=\"wcorg-speaker-spiker6\" class=\"wcorg-speaker wcorg-speaker-spiker6\">\n\t\t\t\t<h2>\n\t\t\t\t\t\n\t\t\t\t\t\tMartin Kossuth\n\t\t\t\t\t\t\t\t\t<\/h2>\n\n\t\t\t\t<div class=\"wcorg-speaker-description\">\n\t\t\t\t\t\t\t\t\t\t\n<p>Spoluzakladate\u013e ko\u0161ick\u00e9ho designov\u00e9ho \u0161t\u00fadia, ktor\u00e9 je zameran\u00e9 na vizu\u00e1lne identity, ku ktor\u00fdm \u010dasto patr\u00ed aj poriadn\u00fd web bez google fontov! Ide najm\u00e4 o design a redesign &nbsp;prezenta\u010dn\u00fdch, kampa\u0148ov\u00fdch a festivalov\u00fdch webov.<br><\/p>\n\t\t\t\t<\/div>\n\t\t\t<\/div>\n\n\t\t\n\t\t\t<!-- Organizers note: The id attribute is deprecated and only remains for backwards compatibility, please use the corresponding class to target individual speakers -->\n\t\t\t<div id=\"wcorg-speaker-spiker5\" class=\"wcorg-speaker wcorg-speaker-spiker5 wcorg-track-prednaska\">\n\t\t\t\t<h2>\n\t\t\t\t\t\n\t\t\t\t\t\tPavel Cahl\u00edk\n\t\t\t\t\t\t\t\t\t<\/h2>\n\n\t\t\t\t<div class=\"wcorg-speaker-description\">\n\t\t\t\t\t\t\t\t\t\t\n<p>Jsem na zna\u010dky a nestyd\u00edm se za to. Pracoval jsem v agentur\u00e1ch, u klient\u016f i na voln\u00e9 noze. Jsem odkojen onlinem, ale v\u00edm, jak d\u016fle\u017eit\u00fd je i offline sv\u011bt. Pom\u00e1h\u00e1m zna\u010dk\u00e1m naj\u00edt jejich podstatu a vylep\u0161it tak jejich v\u00fdkonnost.<\/p>\n\n\n\n<p> <br>Viac o mne: <a href=\"https:\/\/cahlik.cz\/\"><strong>https:\/\/cahlik.cz\/ <\/strong><\/a><br><\/p>\n\t\t\t\t<\/div>\n\t\t\t<\/div>\n\n\t\t\n\t\t\t<!-- Organizers note: The id attribute is deprecated and only remains for backwards compatibility, please use the corresponding class to target individual speakers -->\n\t\t\t<div id=\"wcorg-speaker-spiker4\" class=\"wcorg-speaker wcorg-speaker-spiker4 wcorg-track-prednaska\">\n\t\t\t\t<h2>\n\t\t\t\t\t\n\t\t\t\t\t\tJ\u00e1n Bo\u010d\u00ednec\n\t\t\t\t\t\t\t\t\t<\/h2>\n\n\t\t\t\t<div class=\"wcorg-speaker-description\">\n\t\t\t\t\t\t\t\t\t\t\n<p>V\u017edy ma pote\u0161\u00ed, ke\u010f sa m\u00f4\u017eem z\u00fa\u010dastni\u0165 komunitnej akcie ako je WordCamp, alebo r\u00f4zne lok\u00e1lne meetupy, lebo m\u00f4\u017eem po dlhej dobe postreta\u0165 \u013eud\u00ed, ktor\u00fdch vid\u00edm len cez obrazovku a da\u0165 si s nimi kone\u010dne pivo. Bav\u00ed ma navrhova\u0165 a vylep\u0161ova\u0165 procesy pre m\u00f4j t\u00edm v slobodnej firme Webikon.<\/p>\n\n\n\n<h3 class=\"wp-block-heading\">Predo\u0161l\u00e9 sk\u00fasenosti ako sp\u00edker<\/h3>\n\n\n\n<ul class=\"wp-block-list\"><li>WC Praha<\/li><li>WC Ko\u0161ice<\/li><li>WC Brno<\/li><li>WC Bratislava<\/li><li>WC \u017dilina<\/li><li>WP meetups<\/li><li>Nieko\u013eko \u010fal\u0161\u00edch developer meetupov<\/li><\/ul>\n\n\n\n<p><a href=\"https:\/\/wordpress.tv\/?s=Bocinec\"><strong>J\u00e1n Bo\u010d\u00ednec na predch\u00e1dzaj\u00facich WordCampoch.<\/strong><\/a><br><\/p>\n\t\t\t\t<\/div>\n\t\t\t<\/div>\n\n\t\t\n\t\t\t<!-- Organizers note: The id attribute is deprecated and only remains for backwards compatibility, please use the corresponding class to target individual speakers -->\n\t\t\t<div id=\"wcorg-speaker-spiker3\" class=\"wcorg-speaker wcorg-speaker-spiker3 wcorg-track-prednaska\">\n\t\t\t\t<h2>\n\t\t\t\t\t\n\t\t\t\t\t\tVlado Alexandrov\n\t\t\t\t\t\t\t\t\t<\/h2>\n\n\t\t\t\t<div class=\"wcorg-speaker-description\">\n\t\t\t\t\t\t\t\t\t\t\n<p>Som spoluzakladate\u013e firmy <a href=\"https:\/\/ishyoboy.com\/\">IshYoBoy<\/a>. Akt\u00edvne sa venujem WordPressu a tvorbe t\u00e9m. R\u00e1d sa \u0161prt\u00e1m v k\u00f3de, r\u00f4zn\u00fdch API-\u010dk\u00e1ch a spolu s moj\u00edm t\u00edmom sa sna\u017e\u00edme vytv\u00e1ra\u0165 kvalitn\u00e9 a hlavne funk\u010dn\u00e9 rie\u0161enia s pridanou hodnotou.<\/p>\n\t\t\t\t<\/div>\n\t\t\t<\/div>\n\n\t\t\n\t\t\t<!-- Organizers note: The id attribute is deprecated and only remains for backwards compatibility, please use the corresponding class to target individual speakers -->\n\t\t\t<div id=\"wcorg-speaker-spiker2\" class=\"wcorg-speaker wcorg-speaker-spiker2 wcorg-track-prednaska\">\n\t\t\t\t<h2>\n\t\t\t\t\t\n\t\t\t\t\t\tTom\u00e1\u0161 Popovi\u010d\n\t\t\t\t\t\t\t\t\t<\/h2>\n\n\t\t\t\t<div class=\"wcorg-speaker-description\">\n\t\t\t\t\t\t\t\t\t\t\n<p>Google Certified Trainer. Founder a kreat\u00edvny riadite\u013e digit\u00e1lnej agent\u00fary Esenti, s.r.o. p\u00f4sob\u00ed v ONLINE prostred\u00ed viac ako 10 rokov. B\u00fdval\u00fd linux\u00e1k, k\u00f3der a program\u00e1tor. Roky sa venuje SEO problematike a aktu\u00e1lne u\u017e tret\u00edm rokom v\u00fdkonnostn\u00e9mu marketingu, analytike a e-commerce odvetviu. Vo vo\u013enom \u010dase sa venuje rodine a vzdel\u00e1vaniu seba aj in\u00fdch.<br><\/p>\n\t\t\t\t<\/div>\n\t\t\t<\/div>\n\n\t\t\n\t\t\t<!-- Organizers note: The id attribute is deprecated and only remains for backwards compatibility, please use the corresponding class to target individual speakers -->\n\t\t\t<div id=\"wcorg-speaker-spiker1\" class=\"wcorg-speaker wcorg-speaker-spiker1 wcorg-track-prednaska\">\n\t\t\t\t<h2>\n\t\t\t\t\t\n\t\t\t\t\t\tKarol V\u00f6r\u00f6s\n\t\t\t\t\t\t\t\t\t<\/h2>\n\n\t\t\t\t<div class=\"wcorg-speaker-description\">\n\t\t\t\t\t\t\t\t\t\t\n<p>Produktovo-marketingov\u00fd mana\u017ement, WebSupport<\/p>\n\t\t\t\t<\/div>\n\t\t\t<\/div>\n\n\t\t\n\t<\/div>\n\n\t\n","protected":false},"excerpt":{"rendered":"<p>Spoznaj sp\u00edkrov, ktor\u00ed ti svoje know-how, a aj nie\u010do naviac, odovzdaj\u00fa 11.m\u00e1ja na #wcke2019! Prichystan\u00e9 s\u00fa pre teba predn\u00e1\u0161ky z r\u00f4znych oblast\u00ed tvorby, pou\u017e\u00edvania \u010di propag\u00e1cie webu. T\u00fdm v\u0161ak nekon\u010d\u00edme! Tento rok sme si pre teba prichystali aj workshopy, tak\u017ee sa naozaj nebude\u0161 nudi\u0165. T\u00e9matick\u00e9 okruhy predn\u00e1\u0161ok a workshopov sa bud\u00fa strieda\u0165, tak\u017ee ak si &hellip; <\/p>\n<p class=\"link-more\"><a href=\"https:\/\/kosice.wordcamp.org\/2019\/speaker\/spiker1\/\" class=\"more-link\">Pokra\u010dova\u0165 v \u010d\u00edtan\u00ed<span class=\"screen-reader-text\"> &#8222;Karol V\u00f6r\u00f6s&#8220;<\/span><\/a><\/p>\n","protected":false},"author":14440938,"featured_media":0,"parent":0,"menu_order":0,"comment_status":"closed","ping_status":"closed","template":"","meta":{"jetpack_post_was_ever_published":false,"footnotes":""},"class_list":["post-8","page","type-page","status-publish","hentry"],"jetpack_sharing_enabled":true,"jetpack_shortlink":"https:\/\/wp.me\/Papmdk-8","_links":{"self":[{"href":"https:\/\/kosice.wordcamp.org\/2019\/wp-json\/wp\/v2\/pages\/8","targetHints":{"allow":["GET"]}}],"collection":[{"href":"https:\/\/kosice.wordcamp.org\/2019\/wp-json\/wp\/v2\/pages"}],"about":[{"href":"https:\/\/kosice.wordcamp.org\/2019\/wp-json\/wp\/v2\/types\/page"}],"author":[{"embeddable":true,"href":"https:\/\/kosice.wordcamp.org\/2019\/wp-json\/wp\/v2\/users\/14440938"}],"replies":[{"embeddable":true,"href":"https:\/\/kosice.wordcamp.org\/2019\/wp-json\/wp\/v2\/comments?post=8"}],"version-history":[{"count":3,"href":"https:\/\/kosice.wordcamp.org\/2019\/wp-json\/wp\/v2\/pages\/8\/revisions"}],"predecessor-version":[{"id":373,"href":"https:\/\/kosice.wordcamp.org\/2019\/wp-json\/wp\/v2\/pages\/8\/revisions\/373"}],"wp:attachment":[{"href":"https:\/\/kosice.wordcamp.org\/2019\/wp-json\/wp\/v2\/media?parent=8"}],"curies":[{"name":"wp","href":"https:\/\/api.w.org\/{rel}","templated":true}]}}