{"id":7,"date":"2018-10-18T09:27:42","date_gmt":"2018-10-18T07:27:42","guid":{"rendered":"https:\/\/2019.kosice.wordcamp.org\/schedule\/"},"modified":"2019-04-22T18:48:49","modified_gmt":"2019-04-22T16:48:49","slug":"schedule","status":"publish","type":"page","link":"https:\/\/kosice.wordcamp.org\/2019\/schedule\/","title":{"rendered":"Program"},"content":{"rendered":"<p><strong>\u010co \u0165a \u010dak\u00e1 na #wcke2019? U\u017e 11.m\u00e1ja \u0165a v priestoroch Technickej Univerzity \u010dakaj\u00fa zauj\u00edmav\u00e9 predn\u00e1\u0161ky pln\u00e9 cenn\u00fdch vedomost\u00ed a sk\u00fasenost\u00ed.<\/strong><\/p>\n<p><strong><img loading=\"lazy\" decoding=\"async\" class=\"alignright wp-image-1343\" src=\"https:\/\/2019.kosice.wordcamp.org\/files\/2019\/04\/hockeypuu_wcke2019-150x150.png\" alt=\"\" width=\"136\" height=\"150\" srcset=\"https:\/\/kosice.wordcamp.org\/2019\/files\/2019\/04\/hockeypuu_wcke2019-273x300.png 273w, https:\/\/kosice.wordcamp.org\/2019\/files\/2019\/04\/hockeypuu_wcke2019-768x844.png 768w, https:\/\/kosice.wordcamp.org\/2019\/files\/2019\/04\/hockeypuu_wcke2019.png 834w\" sizes=\"auto, (max-width: 136px) 100vw, 136px\" \/><\/strong><\/p>\n<p>Prichystan\u00e9 s\u00fa pre teba predn\u00e1\u0161ky z r\u00f4znych oblast\u00ed tvorby, pou\u017e\u00edvania \u010di propag\u00e1cie webu. <strong>T\u00fdm v\u0161ak nekon\u010d\u00edme! Tento rok sme si pre teba prichystali aj workshopy<\/strong>, tak\u017ee sa naozaj nebude\u0161 nudi\u0165. T\u00e9matick\u00e9 okruhy predn\u00e1\u0161ok a workshopov sa bud\u00fa strieda\u0165, tak\u017ee ak si napr. hardcore dev, bude\u0161 ma\u0165 program vystaran\u00fd na cel\u00fd de\u0148.<\/p>\n<table class=\"wcpt-schedule\" border=\"0\"><thead><tr><th class=\"wcpt-col-time\">\u010cas<\/th><th class=\"wcpt-col-track\"> <span class=\"wcpt-track-name\">Predn\u00e1\u0161ka<\/span> <span class=\"wcpt-track-description\"><\/span> <\/th><\/tr><\/thead><tbody><tr class=\"wcpt-time-0800 global-session registrcia\"><td class=\"wcpt-time\">08:00<\/td><td colspan=\"1\" class=\"wcb-track-prednaska wcpt-session-type-custom wcb-session-registracia\" data-track-title=\"Predn\u00e1\u0161ka\" data-session-id=\"193\"><div class=\"wcb-session-cell-content\"><span class=\"wcpt-session-title\">Registr\u00e1cia<\/span><\/div><\/td><\/tr><tr class=\"wcpt-time-0900 global-session oficilne-otvorenie\"><td class=\"wcpt-time\">09:00<\/td><td colspan=\"1\" class=\"wcb-track-prednaska wcpt-session-type-custom wcb-session-oficialne-otvorenie\" data-track-title=\"Predn\u00e1\u0161ka\" data-session-id=\"195\"><div class=\"wcb-session-cell-content\"><span class=\"wcpt-session-title\">Ofici\u00e1lne otvorenie<\/span><\/div><\/td><\/tr><tr class=\"wcpt-time-0915 global-session mysl-na-klovatelnos-atomic-design-v-praxi\"><td class=\"wcpt-time\">09:15<\/td><td colspan=\"1\" class=\"wcb-speaker-spiker7 wcb-track-prednaska wcpt-session-type-session wcb-session-7-prednaska\" data-track-title=\"Predn\u00e1\u0161ka\" data-session-id=\"216\"><div class=\"wcb-session-cell-content\"><a class=\"wcpt-session-title\" href=\"https:\/\/kosice.wordcamp.org\/2019\/session\/7-prednaska\/\">Mysl\u00ed\u0161 na \u0161k\u00e1lovatelnos\u0165? &#8211; Atomic design v praxi<\/a> <span class=\"wcpt-session-speakers\"><a href=\"https:\/\/kosice.wordcamp.org\/2019\/speakers\/#wcorg-speaker-spiker7\">Peter Po\u0161a<\/a><\/span><\/div><div class=\"wcb-session-favourite-icon\"><a href=\"#\" role=\"button\" class=\"fav-session-button\" aria-pressed=\"false\"><span class=\"screen-reader-text\">Favorite session: Mysl\u00ed\u0161 na \u0161k\u00e1lovatelnos\u0165? &#8211; Atomic design v praxi<\/span><span class=\"dashicons dashicons-star-filled\"><\/span><\/a><\/div><\/td><\/tr><tr class=\"wcpt-time-0945 global-session zvldni-google-analytics-ako-pn\"><td class=\"wcpt-time\">09:45<\/td><td colspan=\"1\" class=\"wcb-speaker-spiker2 wcb-track-prednaska wcpt-session-type-session wcb-session-2-prednaska\" data-track-title=\"Predn\u00e1\u0161ka\" data-session-id=\"199\"><div class=\"wcb-session-cell-content\"><a class=\"wcpt-session-title\" href=\"https:\/\/kosice.wordcamp.org\/2019\/session\/2-prednaska\/\">Zvl\u00e1dni Google Analytics ako p\u00e1n<\/a> <span class=\"wcpt-session-speakers\"><a href=\"https:\/\/kosice.wordcamp.org\/2019\/speakers\/#wcorg-speaker-spiker2\">Tom\u00e1\u0161 Popovi\u010d<\/a><\/span><\/div><div class=\"wcb-session-favourite-icon\"><a href=\"#\" role=\"button\" class=\"fav-session-button\" aria-pressed=\"false\"><span class=\"screen-reader-text\">Favorite session: Zvl\u00e1dni Google Analytics ako p\u00e1n<\/span><span class=\"dashicons dashicons-star-filled\"><\/span><\/a><\/div><\/td><\/tr><tr class=\"wcpt-time-1030 global-session coffee-break\"><td class=\"wcpt-time\">10:30<\/td><td colspan=\"1\" class=\"wcb-track-prednaska wcpt-session-type-custom wcb-session-coffee-break\" data-track-title=\"Predn\u00e1\u0161ka\" data-session-id=\"201\"><div class=\"wcb-session-cell-content\"><span class=\"wcpt-session-title\">Coffee break<\/span><\/div><\/td><\/tr><tr class=\"wcpt-time-1100 global-session ako-wordpress-zniil-moju-kariru\"><td class=\"wcpt-time\">11:00<\/td><td colspan=\"1\" class=\"wcb-speaker-spiker3 wcb-track-prednaska wcpt-session-type-session wcb-session-3-prednaska\" data-track-title=\"Predn\u00e1\u0161ka\" data-session-id=\"203\"><div class=\"wcb-session-cell-content\"><a class=\"wcpt-session-title\" href=\"https:\/\/kosice.wordcamp.org\/2019\/session\/3-prednaska\/\">Ako WordPress zni\u010dil moju kari\u00e9ru!<\/a> <span class=\"wcpt-session-speakers\"><a href=\"https:\/\/kosice.wordcamp.org\/2019\/speakers\/#wcorg-speaker-spiker3\">Vlado Alexandrov<\/a><\/span><\/div><div class=\"wcb-session-favourite-icon\"><a href=\"#\" role=\"button\" class=\"fav-session-button\" aria-pressed=\"false\"><span class=\"screen-reader-text\">Favorite session: Ako WordPress zni\u010dil moju kari\u00e9ru!<\/span><span class=\"dashicons dashicons-star-filled\"><\/span><\/a><\/div><\/td><\/tr><tr class=\"wcpt-time-1145 global-session sme-v-tom-spolu\"><td class=\"wcpt-time\">11:45<\/td><td colspan=\"1\" class=\"wcb-speaker-spiker12 wcb-speaker-spiker4 wcb-track-prednaska wcpt-session-type-session wcb-session-4-prednaska\" data-track-title=\"Predn\u00e1\u0161ka\" data-session-id=\"206\"><div class=\"wcb-session-cell-content\"><a class=\"wcpt-session-title\" href=\"https:\/\/kosice.wordcamp.org\/2019\/session\/4-prednaska\/\">Sme v tom spolu<\/a> <span class=\"wcpt-session-speakers\"><a href=\"https:\/\/kosice.wordcamp.org\/2019\/speakers\/#wcorg-speaker-spiker12\">Marek Da\u0148ko<\/a>, <a href=\"https:\/\/kosice.wordcamp.org\/2019\/speakers\/#wcorg-speaker-spiker4\">J\u00e1n Bo\u010d\u00ednec<\/a><\/span><\/div><div class=\"wcb-session-favourite-icon\"><a href=\"#\" role=\"button\" class=\"fav-session-button\" aria-pressed=\"false\"><span class=\"screen-reader-text\">Favorite session: Sme v tom spolu<\/span><span class=\"dashicons dashicons-star-filled\"><\/span><\/a><\/div><\/td><\/tr><tr class=\"wcpt-time-1230 global-session obed\"><td class=\"wcpt-time\">12:30<\/td><td colspan=\"1\" class=\"wcb-track-prednaska wcpt-session-type-custom wcb-session-obed\" data-track-title=\"Predn\u00e1\u0161ka\" data-session-id=\"208\"><div class=\"wcb-session-cell-content\"><span class=\"wcpt-session-title\">Obed<\/span><\/div><\/td><\/tr><tr class=\"wcpt-time-1400 global-session sex-drogy-a-rockroll\"><td class=\"wcpt-time\">14:00<\/td><td colspan=\"1\" class=\"wcb-speaker-spiker5 wcb-track-prednaska wcpt-session-type-session wcb-session-5-prednaska\" data-track-title=\"Predn\u00e1\u0161ka\" data-session-id=\"210\"><div class=\"wcb-session-cell-content\"><a class=\"wcpt-session-title\" href=\"https:\/\/kosice.wordcamp.org\/2019\/session\/5-prednaska\/\">Sex, drogy a rock&amp;roll<\/a> <span class=\"wcpt-session-speakers\"><a href=\"https:\/\/kosice.wordcamp.org\/2019\/speakers\/#wcorg-speaker-spiker5\">Pavel Cahl\u00edk<\/a><\/span><\/div><div class=\"wcb-session-favourite-icon\"><a href=\"#\" role=\"button\" class=\"fav-session-button\" aria-pressed=\"false\"><span class=\"screen-reader-text\">Favorite session: Sex, drogy a rock&amp;roll<\/span><span class=\"dashicons dashicons-star-filled\"><\/span><\/a><\/div><\/td><\/tr><tr class=\"wcpt-time-1445 global-session lightning-talks\"><td class=\"wcpt-time\">14:45<\/td><td colspan=\"1\" class=\"wcb-track-prednaska wcpt-session-type-session wcb-session-6-prednaska\" data-track-title=\"Predn\u00e1\u0161ka\" data-session-id=\"212\"><div class=\"wcb-session-cell-content\"><a class=\"wcpt-session-title\" href=\"https:\/\/kosice.wordcamp.org\/2019\/session\/6-prednaska\/\">Lightning talks<\/a><\/div><div class=\"wcb-session-favourite-icon\"><a href=\"#\" role=\"button\" class=\"fav-session-button\" aria-pressed=\"false\"><span class=\"screen-reader-text\">Favorite session: Lightning talks<\/span><span class=\"dashicons dashicons-star-filled\"><\/span><\/a><\/div><\/td><\/tr><tr class=\"wcpt-time-1530 global-session coffee-break\"><td class=\"wcpt-time\">15:30<\/td><td colspan=\"1\" class=\"wcb-track-prednaska wcpt-session-type-custom wcb-session-coffee-break-2\" data-track-title=\"Predn\u00e1\u0161ka\" data-session-id=\"214\"><div class=\"wcb-session-cell-content\"><span class=\"wcpt-session-title\">Coffee break<\/span><\/div><\/td><\/tr><tr class=\"wcpt-time-1600 global-session slovensk-preklady-wordpress\"><td class=\"wcpt-time\">16:00<\/td><td colspan=\"1\" class=\"wcb-speaker-spiker1 wcb-track-prednaska wcpt-session-type-session wcb-session-1-prednaska\" data-track-title=\"Predn\u00e1\u0161ka\" data-session-id=\"197\"><div class=\"wcb-session-cell-content\"><a class=\"wcpt-session-title\" href=\"https:\/\/kosice.wordcamp.org\/2019\/session\/1-prednaska\/\">Slovensk\u00e9 preklady WordPress<\/a> <span class=\"wcpt-session-speakers\"><a href=\"https:\/\/kosice.wordcamp.org\/2019\/speakers\/#wcorg-speaker-spiker1\">Karol V\u00f6r\u00f6s<\/a><\/span><\/div><div class=\"wcb-session-favourite-icon\"><a href=\"#\" role=\"button\" class=\"fav-session-button\" aria-pressed=\"false\"><span class=\"screen-reader-text\">Favorite session: Slovensk\u00e9 preklady WordPress<\/span><span class=\"dashicons dashicons-star-filled\"><\/span><\/a><\/div><\/td><\/tr><tr class=\"wcpt-time-1630 global-session should-i-updatewaitignore\"><td class=\"wcpt-time\">16:30<\/td><td colspan=\"1\" class=\"wcb-speaker-spiker8 wcb-track-prednaska wcpt-session-type-session wcb-session-8-prednaska\" data-track-title=\"Predn\u00e1\u0161ka\" data-session-id=\"218\"><div class=\"wcb-session-cell-content\"><a class=\"wcpt-session-title\" href=\"https:\/\/kosice.wordcamp.org\/2019\/session\/8-prednaska\/\">Should I update\/wait\/ignore?<\/a> <span class=\"wcpt-session-speakers\"><a href=\"https:\/\/kosice.wordcamp.org\/2019\/speakers\/#wcorg-speaker-spiker8\">Krzysiek Dr\u00f3\u017cd\u017c<\/a><\/span><\/div><div class=\"wcb-session-favourite-icon\"><a href=\"#\" role=\"button\" class=\"fav-session-button\" aria-pressed=\"false\"><span class=\"screen-reader-text\">Favorite session: Should I update\/wait\/ignore?<\/span><span class=\"dashicons dashicons-star-filled\"><\/span><\/a><\/div><\/td><\/tr><tr class=\"wcpt-time-1700 global-session oficilne-ukonenie\"><td class=\"wcpt-time\">17:00<\/td><td colspan=\"1\" class=\"wcb-track-prednaska wcpt-session-type-custom wcb-session-oficialne-ukoncenie\" data-track-title=\"Predn\u00e1\u0161ka\" data-session-id=\"220\"><div class=\"wcb-session-cell-content\"><span class=\"wcpt-session-title\">Ofici\u00e1lne ukon\u010denie<\/span><\/div><\/td><\/tr><tr class=\"wcpt-time-1730 global-session uzavretie-priestorov\"><td class=\"wcpt-time\">17:30<\/td><td colspan=\"1\" class=\"wcb-track-prednaska wcpt-session-type-custom wcb-session-uzavretie-priestorov\" data-track-title=\"Predn\u00e1\u0161ka\" data-session-id=\"222\"><div class=\"wcb-session-cell-content\"><span class=\"wcpt-session-title\">Uzavretie priestorov<\/span><\/div><\/td><\/tr><tr class=\"wcpt-time-1800 global-session zaiatok-afterparty\"><td class=\"wcpt-time\">18:00<\/td><td colspan=\"1\" class=\"wcb-track-prednaska wcpt-session-type-custom wcb-session-zaciatok-afterparty\" data-track-title=\"Predn\u00e1\u0161ka\" data-session-id=\"224\"><div class=\"wcb-session-cell-content\"><span class=\"wcpt-session-title\">Za\u010diatok afterparty<\/span><\/div><\/td><\/tr><\/tbody><\/table>\n\t<div class=\"email-form fav-session-email-form-hide\">\n\t\t<!-- Tab links -->\n\t\t<div class=\"fav-session-share-tab\">\n\t\t\t\t\t\t\t<div class=\"fav-session-tablinks\" id=\"fav-session-btn-email\">\n\t\t\t\t\tEmail\t\t\t\t<\/div>\n\t\t\t\n\t\t\t<div class=\"fav-session-tablinks\" id=\"fav-session-btn-link\">\n\t\t\t\tOdkaz\t\t\t<\/div>\n\n\t\t\t<div class=\"fav-session-tablinks\" id=\"fav-session-btn-print\">\n\t\t\t\tTla\u010di\u0165\t\t\t<\/div>\n\t\t<\/div>\n\n\t\t<!-- Tab content -->\n\t\t\t\t\t<div id=\"fav-session-tab-email\" class=\"fav-session-share-tabcontent\">\n\t\t\t\t<div id=\"fav-session-email-form\">\n\t\t\t\t\tSend me my favorite sessions:\n\t\t\t\t\t<form id=\"fav-sessions-form\">\n\t\t\t\t\t\t<input\n\t\t\t\t\t\t\ttype=\"text\"\n\t\t\t\t\t\t\tname=\"email_address\"\n\t\t\t\t\t\t\tid=\"fav-sessions-email-address\"\n\t\t\t\t\t\t\tplaceholder=\"me@protonmail.com\"\n\t\t\t\t\t\t\/>\n\t\t\t\t\t\t<input type=\"submit\" value=\"Odosla\u0165\" \/>\n\t\t\t\t\t<\/form>\n\t\t\t\t<\/div>\n\n\t\t\t\t<div class=\"fav-session-email-wait-spinner\"><\/div>\n\t\t\t\t<div class=\"fav-session-email-result\"><\/div>\n\t\t\t<\/div>\n\t\t\n\t\t<div id=\"fav-session-tab-link\" class=\"fav-session-share-tabcontent\">\n\t\t\tShareable link:\t\t\t<br \/>\n\t\t\t<a id=\"fav-sessions-link\" href=\"\"><\/a>\n\t\t<\/div>\n\n\t\t<div id=\"fav-session-tab-print\" class=\"fav-session-share-tabcontent\">\n\t\t\t<button id=\"fav-session-print\">\n\t\t\t\tPrint favorite sessions\t\t\t<\/button>\n\t\t<\/div>\n\t<\/div>\n\n\t<a class=\"show-email-form\" href=\"javascript:\">\n\t\t<span class=\"dashicons dashicons-star-filled\"><\/span>\n\t\t<span class=\"dashicons dashicons-email-alt\"><\/span>\n\t<\/a>\n\n\t\n<table class=\"wcpt-schedule\" border=\"0\"><thead><tr><th class=\"wcpt-col-time\">\u010cas<\/th><th class=\"wcpt-col-track\"> <span class=\"wcpt-track-name\">Workshop<\/span> <span class=\"wcpt-track-description\"><\/span> <\/th><\/tr><\/thead><tbody><tr class=\"wcpt-time-1145 global-session social-media-stratgia-pre-vau-znaku\"><td class=\"wcpt-time\">11:45<\/td><td colspan=\"1\" class=\"wcb-speaker-lukas-franko wcb-track-workshop wcpt-session-type-session wcb-session-social-media-strategia-pre-vasu-znacku\" data-track-title=\"Workshop\" data-session-id=\"1154\"><div class=\"wcb-session-cell-content\"><a class=\"wcpt-session-title\" href=\"https:\/\/kosice.wordcamp.org\/2019\/session\/social-media-strategia-pre-vasu-znacku\/\">Social media strat\u00e9gia pre va\u0161u zna\u010dku<\/a> <span class=\"wcpt-session-speakers\"><a href=\"https:\/\/kosice.wordcamp.org\/2019\/speakers\/#wcorg-speaker-lukas-franko\">Luk\u00e1\u0161 Franko<\/a><\/span><\/div><div class=\"wcb-session-favourite-icon\"><a href=\"#\" role=\"button\" class=\"fav-session-button\" aria-pressed=\"false\"><span class=\"screen-reader-text\">Favorite session: Social media strat\u00e9gia pre va\u0161u zna\u010dku<\/span><span class=\"dashicons dashicons-star-filled\"><\/span><\/a><\/div><\/td><\/tr><tr class=\"wcpt-time-1445 global-session tvorba-modulrnej-homepage\"><td class=\"wcpt-time\">14:45<\/td><td colspan=\"1\" class=\"wcb-speaker-spiker10 wcb-track-workshop wcpt-session-type-session wcb-session-2-workshop\" data-track-title=\"Workshop\" data-session-id=\"1171\"><div class=\"wcb-session-cell-content\"><a class=\"wcpt-session-title\" href=\"https:\/\/kosice.wordcamp.org\/2019\/session\/2-workshop\/\">Tvorba modul\u00e1rnej Homepage<\/a> <span class=\"wcpt-session-speakers\"><a href=\"https:\/\/kosice.wordcamp.org\/2019\/speakers\/#wcorg-speaker-spiker10\">D\u00e1vid Melich<\/a><\/span><\/div><div class=\"wcb-session-favourite-icon\"><a href=\"#\" role=\"button\" class=\"fav-session-button\" aria-pressed=\"false\"><span class=\"screen-reader-text\">Favorite session: Tvorba modul\u00e1rnej Homepage<\/span><span class=\"dashicons dashicons-star-filled\"><\/span><\/a><\/div><\/td><\/tr><tr class=\"wcpt-time-1600 global-session wp-cli\"><td class=\"wcpt-time\">16:00<\/td><td colspan=\"1\" class=\"wcb-speaker-spiker11 wcb-track-workshop wcpt-session-type-session wcb-session-3-workshop\" data-track-title=\"Workshop\" data-session-id=\"1173\"><div class=\"wcb-session-cell-content\"><a class=\"wcpt-session-title\" href=\"https:\/\/kosice.wordcamp.org\/2019\/session\/3-workshop\/\">WP CLI<\/a> <span class=\"wcpt-session-speakers\"><a href=\"https:\/\/kosice.wordcamp.org\/2019\/speakers\/#wcorg-speaker-spiker11\">Michal Danko<\/a><\/span><\/div><div class=\"wcb-session-favourite-icon\"><a href=\"#\" role=\"button\" class=\"fav-session-button\" aria-pressed=\"false\"><span class=\"screen-reader-text\">Favorite session: WP CLI<\/span><span class=\"dashicons dashicons-star-filled\"><\/span><\/a><\/div><\/td><\/tr><\/tbody><\/table>\n","protected":false},"excerpt":{"rendered":"<p>\u010co \u0165a \u010dak\u00e1 na #wcke2019? U\u017e 11.m\u00e1ja \u0165a v priestoroch Technickej Univerzity \u010dakaj\u00fa zauj\u00edmav\u00e9 predn\u00e1\u0161ky pln\u00e9 cenn\u00fdch vedomost\u00ed a sk\u00fasenost\u00ed. Prichystan\u00e9 s\u00fa pre teba predn\u00e1\u0161ky z r\u00f4znych oblast\u00ed tvorby, pou\u017e\u00edvania \u010di propag\u00e1cie webu. T\u00fdm v\u0161ak nekon\u010d\u00edme! Tento rok sme si pre teba prichystali aj workshopy, tak\u017ee sa naozaj nebude\u0161 nudi\u0165. T\u00e9matick\u00e9 okruhy predn\u00e1\u0161ok a workshopov &hellip; <\/p>\n<p class=\"link-more\"><a href=\"https:\/\/kosice.wordcamp.org\/2019\/schedule\/\" class=\"more-link\">Pokra\u010dova\u0165 v \u010d\u00edtan\u00ed<span class=\"screen-reader-text\"> &#8222;Program&#8220;<\/span><\/a><\/p>\n","protected":false},"author":14440938,"featured_media":0,"parent":0,"menu_order":0,"comment_status":"closed","ping_status":"closed","template":"","meta":{"jetpack_post_was_ever_published":false,"footnotes":""},"class_list":["post-7","page","type-page","status-publish","hentry"],"jetpack_sharing_enabled":true,"jetpack_shortlink":"https:\/\/wp.me\/Papmdk-7","_links":{"self":[{"href":"https:\/\/kosice.wordcamp.org\/2019\/wp-json\/wp\/v2\/pages\/7","targetHints":{"allow":["GET"]}}],"collection":[{"href":"https:\/\/kosice.wordcamp.org\/2019\/wp-json\/wp\/v2\/pages"}],"about":[{"href":"https:\/\/kosice.wordcamp.org\/2019\/wp-json\/wp\/v2\/types\/page"}],"author":[{"embeddable":true,"href":"https:\/\/kosice.wordcamp.org\/2019\/wp-json\/wp\/v2\/users\/14440938"}],"replies":[{"embeddable":true,"href":"https:\/\/kosice.wordcamp.org\/2019\/wp-json\/wp\/v2\/comments?post=7"}],"version-history":[{"count":14,"href":"https:\/\/kosice.wordcamp.org\/2019\/wp-json\/wp\/v2\/pages\/7\/revisions"}],"predecessor-version":[{"id":1356,"href":"https:\/\/kosice.wordcamp.org\/2019\/wp-json\/wp\/v2\/pages\/7\/revisions\/1356"}],"wp:attachment":[{"href":"https:\/\/kosice.wordcamp.org\/2019\/wp-json\/wp\/v2\/media?parent=7"}],"curies":[{"name":"wp","href":"https:\/\/api.w.org\/{rel}","templated":true}]}}