{"id":245,"date":"2018-10-28T14:03:22","date_gmt":"2018-10-28T13:03:22","guid":{"rendered":"https:\/\/2019.kosice.wordcamp.org\/?page_id=245"},"modified":"2019-02-03T22:58:19","modified_gmt":"2019-02-03T21:58:19","slug":"afterparty","status":"publish","type":"page","link":"https:\/\/kosice.wordcamp.org\/2019\/afterparty\/","title":{"rendered":"Afterp\u00e1rty"},"content":{"rendered":"<p><strong>Po ukon\u010den\u00ed #wcke2019 sa presunieme na afterp\u00e1rty do centra Ko\u0161\u00edc<\/strong>, priamo do podniku <a href=\"http:\/\/www.zlatydvor.com\">Zlat\u00fd Dvor.<\/a> <strong>Bar bude uzavret\u00fd pre \u0161irok\u00fa verejnos\u0165 a\u00a0teda v\u00a0\u0148om budeme ma\u0165 priestor pre networking<\/strong>, nadv\u00e4zovanie kontaktov, v\u00fdmenu poznatkov.<\/p>\n<p><strong>Okrem toho v\u0161ak pre v\u00e1s budeme chysta\u0165 grilovan\u00e9 \u0161peciality, ku ktor\u00fdm si budete m\u00f4c\u0165 dopria\u0165 skvel\u00e9 pivo, \u0161irok\u00e9 alko i\u00a0nealko n\u00e1poje, drinky a\u00a0limon\u00e1dy, vodn\u00e9 fajky a\u00a0\u010fal\u0161ie pochutiny.<\/strong><\/p>\n\n\n<div class=\"wp-block-columns has-3-columns is-layout-flex wp-container-core-columns-is-layout-9d6595d7 wp-block-columns-is-layout-flex\">\n<div class=\"wp-block-column is-layout-flow wp-block-column-is-layout-flow\">\n<figure class=\"wp-block-image\"><img loading=\"lazy\" decoding=\"async\" width=\"640\" height=\"960\" src=\"https:\/\/2019.kosice.wordcamp.org\/files\/2018\/11\/obcerstvenie2.jpg\" alt=\"\" class=\"wp-image-314\" srcset=\"https:\/\/kosice.wordcamp.org\/2019\/files\/2018\/11\/obcerstvenie2.jpg 640w, https:\/\/kosice.wordcamp.org\/2019\/files\/2018\/11\/obcerstvenie2-200x300.jpg 200w\" sizes=\"auto, (max-width: 640px) 100vw, 640px\" \/><\/figure>\n<\/div>\n\n\n\n<div class=\"wp-block-column is-layout-flow wp-block-column-is-layout-flow\">\n<figure class=\"wp-block-image\"><img loading=\"lazy\" decoding=\"async\" width=\"640\" height=\"960\" src=\"https:\/\/2019.kosice.wordcamp.org\/files\/2018\/11\/obcerstvenie3.jpg\" alt=\"\" class=\"wp-image-313\" srcset=\"https:\/\/kosice.wordcamp.org\/2019\/files\/2018\/11\/obcerstvenie3.jpg 640w, https:\/\/kosice.wordcamp.org\/2019\/files\/2018\/11\/obcerstvenie3-200x300.jpg 200w\" sizes=\"auto, (max-width: 640px) 100vw, 640px\" \/><\/figure>\n<\/div>\n\n\n\n<div class=\"wp-block-column is-layout-flow wp-block-column-is-layout-flow\">\n<figure class=\"wp-block-image\"><img loading=\"lazy\" decoding=\"async\" width=\"1875\" height=\"1250\" src=\"https:\/\/2019.kosice.wordcamp.org\/files\/2018\/11\/obcerstvenie1.jpg\" alt=\"\" class=\"wp-image-295\" srcset=\"https:\/\/kosice.wordcamp.org\/2019\/files\/2018\/11\/obcerstvenie1.jpg 1875w, https:\/\/kosice.wordcamp.org\/2019\/files\/2018\/11\/obcerstvenie1-300x200.jpg 300w, https:\/\/kosice.wordcamp.org\/2019\/files\/2018\/11\/obcerstvenie1-768x512.jpg 768w, https:\/\/kosice.wordcamp.org\/2019\/files\/2018\/11\/obcerstvenie1-1024x683.jpg 1024w, https:\/\/kosice.wordcamp.org\/2019\/files\/2018\/11\/obcerstvenie1-450x300.jpg 450w\" sizes=\"auto, (max-width: 767px) 89vw, (max-width: 1000px) 54vw, (max-width: 1071px) 543px, 580px\" \/><\/figure>\n\n\n\n<figure class=\"wp-block-image\"><img loading=\"lazy\" decoding=\"async\" width=\"1024\" height=\"683\" src=\"https:\/\/2019.kosice.wordcamp.org\/files\/2018\/11\/networking3-1024x683.jpg\" alt=\"\" class=\"wp-image-294\" srcset=\"https:\/\/kosice.wordcamp.org\/2019\/files\/2018\/11\/networking3-1024x683.jpg 1024w, https:\/\/kosice.wordcamp.org\/2019\/files\/2018\/11\/networking3-300x200.jpg 300w, https:\/\/kosice.wordcamp.org\/2019\/files\/2018\/11\/networking3-768x512.jpg 768w, https:\/\/kosice.wordcamp.org\/2019\/files\/2018\/11\/networking3-450x300.jpg 450w, https:\/\/kosice.wordcamp.org\/2019\/files\/2018\/11\/networking3.jpg 1875w\" sizes=\"auto, (max-width: 767px) 89vw, (max-width: 1000px) 54vw, (max-width: 1071px) 543px, 580px\" \/><\/figure>\n<\/div>\n<\/div>\n\n\n\n<p>Ver\u00edme, \u017ee sa na afterke z\u00fa\u010dastn\u00ed\u0161 aj ty a&nbsp;okrem vy\u0161\u0161ie spom\u00ednan\u00fdch l\u00e1kadiel sa s&nbsp;nami zabav\u00ed\u0161, prispeje\u0161 svojimi n\u00e1zormi a&nbsp;nezabudni \u2013 <strong>pr\u00e1ve v&nbsp;tento ve\u010der hraje na\u0161a hokejov\u00e1 reprezent\u00e1cia z\u00e1pas na MS 2019 s&nbsp;F\u00ednskom, tak\u017ee m\u00e1\u0161 mo\u017enos\u0165 za\u017ei\u0165 prv\u00e9 spolo\u010dn\u00e9 fandenie WordPress komunity!<\/strong><\/p>\n\n\n\n<div class=\"wp-block-columns has-2-columns is-layout-flex wp-container-core-columns-is-layout-9d6595d7 wp-block-columns-is-layout-flex\">\n<div class=\"wp-block-column is-layout-flow wp-block-column-is-layout-flow\">\n<figure class=\"wp-block-image\"><img loading=\"lazy\" decoding=\"async\" width=\"1875\" height=\"1250\" src=\"https:\/\/2019.kosice.wordcamp.org\/files\/2018\/11\/networking7.jpg\" alt=\"\" class=\"wp-image-316\" srcset=\"https:\/\/kosice.wordcamp.org\/2019\/files\/2018\/11\/networking7.jpg 1875w, https:\/\/kosice.wordcamp.org\/2019\/files\/2018\/11\/networking7-300x200.jpg 300w, https:\/\/kosice.wordcamp.org\/2019\/files\/2018\/11\/networking7-768x512.jpg 768w, https:\/\/kosice.wordcamp.org\/2019\/files\/2018\/11\/networking7-1024x683.jpg 1024w, https:\/\/kosice.wordcamp.org\/2019\/files\/2018\/11\/networking7-450x300.jpg 450w\" sizes=\"auto, (max-width: 767px) 89vw, (max-width: 1000px) 54vw, (max-width: 1071px) 543px, 580px\" \/><\/figure>\n<\/div>\n\n\n\n<div class=\"wp-block-column is-layout-flow wp-block-column-is-layout-flow\">\n<figure class=\"wp-block-image\"><img loading=\"lazy\" decoding=\"async\" width=\"1024\" height=\"683\" src=\"https:\/\/2019.kosice.wordcamp.org\/files\/2018\/11\/networking1-1024x683.jpg\" alt=\"\" class=\"wp-image-285\" srcset=\"https:\/\/kosice.wordcamp.org\/2019\/files\/2018\/11\/networking1-1024x683.jpg 1024w, https:\/\/kosice.wordcamp.org\/2019\/files\/2018\/11\/networking1-300x200.jpg 300w, https:\/\/kosice.wordcamp.org\/2019\/files\/2018\/11\/networking1-768x512.jpg 768w, https:\/\/kosice.wordcamp.org\/2019\/files\/2018\/11\/networking1-450x300.jpg 450w, https:\/\/kosice.wordcamp.org\/2019\/files\/2018\/11\/networking1.jpg 1875w\" sizes=\"auto, (max-width: 767px) 89vw, (max-width: 1000px) 54vw, (max-width: 1071px) 543px, 580px\" \/><\/figure>\n<\/div>\n<\/div>\n\n\n\n<p><strong>Adresa: &nbsp;&nbsp;&nbsp;&nbsp;&nbsp;&nbsp;&nbsp;&nbsp;&nbsp;&nbsp;&nbsp;&nbsp;&nbsp;&nbsp; N\u00e1mestie oslobodite\u013eov 20, 040 01, Ko\u0161ice, Slovensko<\/strong><\/p>\n\n\n\n<p>GPS:&nbsp; &nbsp; &nbsp; &nbsp; &nbsp; &nbsp; &nbsp; &nbsp; &nbsp; &nbsp; &nbsp;48.718085, 21.261892<\/p>\n\n\n\n<div class=\"googlemaps\">\n\t\t\t\t<iframe loading=\"lazy\" width=\"100\" height=\"400\" frameborder=\"0\" scrolling=\"no\" marginheight=\"0\" marginwidth=\"0\"  src=\"https:\/\/www.google.com\/maps\/embed?pb=!1m18!1m12!1m3!1d2632.342185923743!2d21.259702815566243!3d48.71805287927395!2m3!1f0!2f0!3f0!3m2!1i1024!2i768!4f13.1!3m3!1m2!1s0x473ee0708ee4af1b:0x77852c95a673fe84!2sZlat\u00fd%20Dvor!5e0!3m2!1ssk!2ssk!4v1548362176548\"><\/iframe>\n\t\t\t<\/div>\n","protected":false},"excerpt":{"rendered":"<p>Po ukon\u010den\u00ed #wcke2019 sa presunieme na afterp\u00e1rty do centra Ko\u0161\u00edc, priamo do podniku Zlat\u00fd Dvor. Bar bude uzavret\u00fd pre \u0161irok\u00fa verejnos\u0165 a\u00a0teda v\u00a0\u0148om budeme ma\u0165 priestor pre networking, nadv\u00e4zovanie kontaktov, v\u00fdmenu poznatkov. Okrem toho v\u0161ak pre v\u00e1s budeme chysta\u0165 grilovan\u00e9 \u0161peciality, ku ktor\u00fdm si budete m\u00f4c\u0165 dopria\u0165 skvel\u00e9 pivo, \u0161irok\u00e9 alko i\u00a0nealko n\u00e1poje, drinky a\u00a0limon\u00e1dy, &hellip; <\/p>\n<p class=\"link-more\"><a href=\"https:\/\/kosice.wordcamp.org\/2019\/afterparty\/\" class=\"more-link\">Pokra\u010dova\u0165 v \u010d\u00edtan\u00ed<span class=\"screen-reader-text\"> &#8222;Afterp\u00e1rty&#8220;<\/span><\/a><\/p>\n","protected":false},"author":16039518,"featured_media":0,"parent":0,"menu_order":0,"comment_status":"closed","ping_status":"closed","template":"","meta":{"jetpack_post_was_ever_published":false,"footnotes":""},"class_list":["post-245","page","type-page","status-publish","hentry"],"jetpack_sharing_enabled":true,"jetpack_shortlink":"https:\/\/wp.me\/Papmdk-3X","_links":{"self":[{"href":"https:\/\/kosice.wordcamp.org\/2019\/wp-json\/wp\/v2\/pages\/245","targetHints":{"allow":["GET"]}}],"collection":[{"href":"https:\/\/kosice.wordcamp.org\/2019\/wp-json\/wp\/v2\/pages"}],"about":[{"href":"https:\/\/kosice.wordcamp.org\/2019\/wp-json\/wp\/v2\/types\/page"}],"author":[{"embeddable":true,"href":"https:\/\/kosice.wordcamp.org\/2019\/wp-json\/wp\/v2\/users\/16039518"}],"replies":[{"embeddable":true,"href":"https:\/\/kosice.wordcamp.org\/2019\/wp-json\/wp\/v2\/comments?post=245"}],"version-history":[{"count":24,"href":"https:\/\/kosice.wordcamp.org\/2019\/wp-json\/wp\/v2\/pages\/245\/revisions"}],"predecessor-version":[{"id":835,"href":"https:\/\/kosice.wordcamp.org\/2019\/wp-json\/wp\/v2\/pages\/245\/revisions\/835"}],"wp:attachment":[{"href":"https:\/\/kosice.wordcamp.org\/2019\/wp-json\/wp\/v2\/media?parent=245"}],"curies":[{"name":"wp","href":"https:\/\/api.w.org\/{rel}","templated":true}]}}