{"id":17,"date":"2018-10-18T09:27:42","date_gmt":"2018-10-18T09:27:42","guid":{"rendered":"https:\/\/2019.kosice.wordcamp.org\/contact\/"},"modified":"2019-01-24T21:31:00","modified_gmt":"2019-01-24T20:31:00","slug":"contact","status":"publish","type":"page","link":"https:\/\/kosice.wordcamp.org\/2019\/contact\/","title":{"rendered":"Kontakt"},"content":{"rendered":"\n<figure class=\"wp-block-image is-resized\"><img decoding=\"async\" src=\"https:\/\/2019.kosice.wordcamp.org\/files\/2018\/11\/orgt\u00edm1-1.jpg\" alt=\"\" class=\"wp-image-337\" width=\"1000\" srcset=\"https:\/\/kosice.wordcamp.org\/2019\/files\/2018\/11\/orgt\u00edm1-1.jpg 1874w, https:\/\/kosice.wordcamp.org\/2019\/files\/2018\/11\/orgt\u00edm1-1-300x130.jpg 300w, https:\/\/kosice.wordcamp.org\/2019\/files\/2018\/11\/orgt\u00edm1-1-768x332.jpg 768w, https:\/\/kosice.wordcamp.org\/2019\/files\/2018\/11\/orgt\u00edm1-1-1024x443.jpg 1024w, https:\/\/kosice.wordcamp.org\/2019\/files\/2018\/11\/orgt\u00edm1-1-500x216.jpg 500w\" sizes=\"(max-width: 767px) 89vw, (max-width: 1000px) 54vw, (max-width: 1071px) 543px, 580px\" \/><\/figure>\n\n\n\n<p>Ak ste na str\u00e1nke <a href=\"https:\/\/2019.kosice.wordcamp.org\/\">#wcke2019<\/a> nena\u0161li v\u0161etky potrebn\u00e9 inform\u00e1cie, nev\u00e1hajte n\u00e1m nap\u00edsa\u0165! <a href=\"https:\/\/2019.kosice.wordcamp.org\/schedule\/\">Program<\/a>, \u010di inform\u00e1cie o <a href=\"https:\/\/2019.kosice.wordcamp.org\/sponsors\/\">sponzoroch<\/a> bud\u00fa na webe uverej\u0148ovan\u00e9 postupne. Sledujte v\u0161etky novinky, aby ste ostali v obraze! Ak m\u00e1te nejak\u00e9 dopl\u0148uj\u00face ot\u00e1zky, radi v\u00e1m ich v\u0161etky zodpovieme.<\/p>\n\n\n\n&#8211; organiza\u010dn\u00fd t\u00edm #wcke2019\n\n\n<div data-test='contact-form'\n\t\t\tid='contact-form-17'\n\t\t\tclass='wp-block-jetpack-contact-form-container '\n\t\t\tdata-wp-interactive='jetpack\/form' data-wp-context='{\"formId\":\"17\",\"formHash\":\"c32f3b110538fe0591f7a8cb54454f3b98d2c7a2\",\"showErrors\":false,\"errors\":[],\"fields\":[],\"isMultiStep\":false,\"useAjax\":true,\"submissionData\":null,\"formattedSubmissionData\":[],\"submissionSuccess\":false,\"submissionError\":null,\"elementId\":\"jp-form-c32f3b110538fe0591f7a8cb54454f3b98d2c7a2\",\"isSingleInputForm\":false}'\n\t\t\tdata-wp-watch--scroll-to-wrapper=\"callbacks.scrollToWrapper\"\n\t\t>\n<div class=\"contact-form-submission contact-form-ajax-submission\" data-wp-bind--aria-hidden=\"state.isSuccessMessageAriaHidden\" data-wp-class--submission-success=\"context.submissionSuccess\" id=\"contact-form-success-c32f3b110538fe0591f7a8cb54454f3b98d2c7a2\" tabindex=\"-1\" aria-labelledby=\"contact-form-success-header-c32f3b110538fe0591f7a8cb54454f3b98d2c7a2\"><p class=\"go-back-message\"><a class=\"link\" role=\"button\" tabindex=\"0\" data-wp-on--click=\"actions.goBack\" href=\"\/2019\/wp-json\/wp\/v2\/pages\/17\">\u2190 Back<\/a><\/p><h4 data-wp-bind--aria-hidden=\"state.isSuccessMessageAriaHidden\" id=\"contact-form-success-header-c32f3b110538fe0591f7a8cb54454f3b98d2c7a2\">Your message has been sent<\/h4>\n\n<template data-wp-each--submission=\"context.formattedSubmissionData\">\n\t\t\t\t\t<div class=\"jetpack_forms_contact-form-success-summary\">\n\t\t\t\t\t\t<div class=\"field-name\" data-wp-text=\"context.submission.label\" data-wp-bind--hidden=\"!context.submission.label\"><\/div>\n\t\t\t\t\t\t<div class=\"field-value\" data-wp-text=\"context.submission.value\" data-wp-bind--hidden=\"!context.submission.showPlainValue\"><\/div>\n\t\t\t\t\t\t<a class=\"field-url\" data-wp-bind--href=\"context.submission.url\" data-wp-text=\"context.submission.value\" data-wp-bind--hidden=\"!context.submission.url\" target=\"_blank\" rel=\"noopener noreferrer\"><\/a>\n\t\t\t\t\t\t<div class=\"field-rating\" data-wp-bind--hidden=\"!context.submission.rating\" data-wp-watch=\"callbacks.watchRatingIcons\"><\/div>\n\t\t\t\t\t\t<div class=\"field-images\" data-wp-bind--hidden=\"!context.submission.images\">\n\t\t\t\t\t\t\t<template data-wp-each--image=\"context.submission.images\">\n\t\t\t\t\t\t\t\t<div class=\"field-image-option\" data-wp-class--is-empty=\"!context.image.src\">\n\t\t\t\t\t\t\t\t\t<figure class=\"field-image-option__image\" data-wp-class--is-empty=\"!context.image.src\">\n\t\t\t\t\t\t\t\t\t\t<img data-wp-bind--src=\"context.image.src\" data-wp-bind--hidden=\"!context.image.src\" \/>\n\t\t\t\t\t\t\t\t\t\t<img decoding=\"async\" src=\"data:image\/gif;base64,R0lGODlhAQABAAD\/ACwAAAAAAQABAAACADs=\" data-wp-bind--hidden=\"context.image.src\" \/>\n\t\t\t\t\t\t\t\t\t<\/figure>\n\t\t\t\t\t\t\t\t\t<div class=\"field-image-option__label-wrapper\">\n\t\t\t\t\t\t\t\t\t\t<span class=\"field-image-option__label-code\" data-wp-text=\"context.image.letterCode\"><\/span>\n\t\t\t\t\t\t\t\t\t\t<span class=\"field-image-option__label\" data-wp-text=\"context.image.label\" data-wp-bind--hidden=\"!context.image.label\"><\/span>\n\t\t\t\t\t\t\t\t\t<\/div>\n\t\t\t\t\t\t\t\t<\/div>\n\t\t\t\t\t\t\t<\/template>\n\t\t\t\t\t\t<\/div>\n\t\t\t\t\t\t<div class=\"field-files\" data-wp-bind--hidden=\"!context.submission.files\">\n\t\t\t\t\t\t\t<template data-wp-each--file=\"context.submission.files\">\n\t\t\t\t\t\t\t\t<div class=\"field-file\">\n\t\t\t\t\t\t\t\t\t<div class=\"field-file__thumbnail\" data-wp-style--background-image=\"context.file.previewUrl\" data-wp-style--mask-image=\"context.file.iconUrl\" data-wp-bind--hidden=\"!context.file.hasPreview\"><\/div>\n\t\t\t\t\t\t\t\t\t<svg class=\"field-file__icon\" data-wp-bind--hidden=\"context.file.hasPreview\" width=\"20\" height=\"20\" viewBox=\"0 0 24 24\" fill=\"none\" xmlns=\"http:\/\/www.w3.org\/2000\/svg\" aria-hidden=\"true\">\n\t\t\t\t\t\t\t\t\t\t<path d=\"M14 2H6C4.9 2 4 2.9 4 4V20C4 21.1 4.89 22 5.99 22H18C19.1 22 20 21.1 20 20V8L14 2ZM18 20H6V4H13V9H18V20Z\" fill=\"currentColor\"\/>\n\t\t\t\t\t\t\t\t\t<\/svg>\n\t\t\t\t\t\t\t\t\t<span class=\"field-file__name\" data-wp-text=\"context.file.name\"><\/span>\n\t\t\t\t\t\t\t\t\t<span class=\"field-file__size\" data-wp-text=\"context.file.size\"><\/span>\n\t\t\t\t\t\t\t\t<\/div>\n\t\t\t\t\t\t\t<\/template>\n\t\t\t\t\t\t<\/div>\n\t\t\t\t\t<\/div>\n\t\t\t\t<\/template><\/div><form action='https:\/\/kosice.wordcamp.org\/2019\/contact\/'\n\t\t\t\tid='jp-form-c32f3b110538fe0591f7a8cb54454f3b98d2c7a2'\n\t\t\t\tmethod='post'\n\t\t\t\tclass='contact-form commentsblock' aria-label=\"Kontakt\"\n\t\t\t\tdata-wp-on--submit=\"actions.onFormSubmit\"\n\t\t\t\tdata-wp-on--reset=\"actions.onFormReset\"\n\t\t\t\tdata-wp-class--submission-success=\"context.submissionSuccess\"\n\t\t\t\tdata-wp-class--is-first-step=\"state.isFirstStep\"\n\t\t\t\tdata-wp-class--is-last-step=\"state.isLastStep\"\n\t\t\t\tdata-wp-class--is-ajax-form=\"context.useAjax\"\n\t\t\t\tnovalidate >\n<input type='hidden' name='jetpack_contact_form_jwt' value='eyJ0eXAiOiJKV1QiLCJhbGciOiJIUzI1NiJ9.eyJlbmNyeXB0ZWRfYXR0cmlidXRlcyI6ImlrVVNYa3QrWHFwNEdVRjRNVVdXUHFNU1hqMS9QUXFjT3pxdGRSeTdRYlJJWlhiMUwraWYyTmw4b29Ic3N4ZmdHQnZmMEZ5a2V2UlJUVnlmOUE2T0xnZVcwaVIyWE12YTFVSEZ3VlpNSnVsK0VKTFBFM3pWSzExcW9yUWd1eisrNmNxV1JtTDZFVjZhdXFWWTc5ZEJvaTFNUWVBQmRXZ2taQUlkSmZRVEdpNHR3LzZwd3VkOG9sK0tzdzZmNGxZSzcyTDFRc1NZSklBSUNUUXhVaEQzbjhGV2tnb3dLekIrdUNzVFBYQXZBTWhmSnFCVGtKaXBDb1FjR2tuclprTWVicHpKcWVqK05kRjNtTnNucTJnTEpFd0JtQytabW1URG9WaUlBNksxRno2VHljdG5pcjI2aG01REdmRk1CUU1jYWM2WjJEUGEwaHloS1JYazZuTy9BUnRZeVBML25IdVlPd1h4cmxEekw4TkNZTlpzTUNzeUN3cG9kRjZ6VTJ1dDB5bGMwQ3hCNWo0L2dnYWJ5eTl2czFZSDRvR1RhOFNxbjNPaFdiQVpYZit1WlZ4OS9PUjJ1aUdzemdlQUhzeWdZSnBycFBpd1RNME1jcFZGUXk3VXZxZnAvMzZlR2hzNTZpc0hBNUR4cmFUR2dZaUVDWUliM2U2L0czQW1CdU0zY0pwSlpMdDVaUDFuK1c1RWFaYzFyY0RaV2d6Nm5VTC9pRXpvL2JFT3VpeDloNSs3NXdDeFl5MVNaWUp5bk1HOGdIMmdmWGJ5U21RcDh6NTFpWWtWR3JRS1BNdjkxNHhzWGkyV2hzTmk0S0Z1TjdYL3B1RG9sb25oMjFPbXdJbTJ1b2xjU1NXRjBZV2RPM3p2aDJpWjFDZWdONnNYbHV1eTgwRkREMmRDeC9uQmtKZ3p6ZGRNTXpuTzdMVzZ6MGNKV2VwTHFoTHJMQnhJQlhvUGxFYWFHMWRlT2RGdkxGdHVtLzYzTmptTjI0cTNWV1lNTUlYblFxUmU3RjB6M2dGWEk5TWFTZWdob3VWWndBLzVjdEFnYkVoQWYyOFQ1WUkyMjBma1F4YnZxMGMrclhvd3FvRm5HN0tWZURjNm9VODRETG0zYkd4V2Q5TTVRUEhsQVp6VTRnK055SHlvajZlS0FmNDJEZW5rdWt0RUNxSEpWMEFjRGFsaWZHcz0iLCJjb250ZW50IjoiW2NvbnRhY3QtZmllbGQgbGFiZWw9XCJNZW5vXCIgdHlwZT1cIm5hbWVcIiByZXF1aXJlZD1cIjFcIl1bY29udGFjdC1maWVsZCBsYWJlbD1cIkUtbWFpbFwiIHR5cGU9XCJlbWFpbFwiIHJlcXVpcmVkPVwiMVwiXVtjb250YWN0LWZpZWxkIGxhYmVsPVwiU3ByXHUwMGUxdmFcIiB0eXBlPVwidGV4dGFyZWFcIiByZXF1aXJlZD1cIjFcIl0iLCJoYXNoIjoiYzMyZjNiMTEwNTM4ZmUwNTkxZjdhOGNiNTQ0NTRmM2I5OGQyYzdhMiIsInNvdXJjZSI6eyJlbnRyeV90aXRsZSI6IktvbnRha3QiLCJlbnRyeV9wYWdlIjoxLCJzb3VyY2VfaWQiOjE3LCJzb3VyY2VfdHlwZSI6InNpbmdsZSIsInJlcXVlc3RfdXJsIjoiaHR0cHM6Ly9rb3NpY2Uud29yZGNhbXAub3JnLzIwMTkvd3AtanNvbi93cC92Mi9wYWdlcy8xNyJ9LCJ2ZXJzaW9uIjoyLCJjaXBoZXIiOiJhZXMtMjU2LWdjbSJ9._rrN-GLOUOEyAQ2dvhDq4WrgR-e6FrryNelPLmIkY0o' \/>\n\n<div style=\"\"  data-wp-interactive=\"jetpack\/form\" data-wp-context='{\"fieldId\":\"g17-meno\",\"fieldType\":\"name\",\"fieldLabel\":\"Meno\",\"fieldValue\":\"\",\"fieldPlaceholder\":\"\",\"fieldIsRequired\":\"1\",\"fieldErrorMessage\":\"\",\"fieldExtra\":[],\"formHash\":\"c32f3b110538fe0591f7a8cb54454f3b98d2c7a2\"}'  class='grunion-field-name-wrap grunion-field-wrap'  data-wp-init='callbacks.initializeField' data-wp-on--jetpack-form-reset='callbacks.initializeField' >\n<label\n\t\t\t\tfor='g17-meno' class=\"grunion-field-label name\" >Meno<span class=\"grunion-label-required\" aria-hidden=\"true\">(povinn\u00e9)<\/span><\/label>\n<input\n\t\t\t\t\ttype='text'\n\t\t\t\t\tname='g17-meno'\n\t\t\t\t\tid='g17-meno'\n\t\t\t\t\tvalue=''\n\n\t\t\t\t\tdata-wp-bind--aria-invalid='state.fieldAriaInvalid'\n\t\t\t\t\tdata-wp-bind--value='state.getFieldValue'\n\t\t\t\t\taria-describedby='g17-meno-text-error-message'\n\t\t\t\t\tdata-wp-on--input='actions.onFieldChange'\n\t\t\t\t\tdata-wp-on--blur='actions.onFieldBlur'\n\t\t\t\t\tdata-wp-class--has-value='state.hasFieldValue'\n\n\t\t\t\t\tclass='name  grunion-field' \n\t\t\t\t\trequired='true' aria-required='true'  \/>\n \n\t\t\t<div id=\"g17-meno-text-error\" class=\"contact-form__input-error\" data-wp-class--has-errors=\"state.fieldHasErrors\">\n\t\t\t\t<span class=\"contact-form__warning-icon\" aria-hidden=\"true\">\n\t\t\t\t\t<svg width=\"16\" height=\"16\" viewBox=\"0 0 16 16\" fill=\"none\" xmlns=\"http:\/\/www.w3.org\/2000\/svg\">\n\t\t\t\t\t\t<path d=\"M8.50015 11.6402H7.50015V10.6402H8.50015V11.6402Z\" \/>\n\t\t\t\t\t\t<path d=\"M7.50015 9.64018H8.50015V6.30684H7.50015V9.64018Z\" \/>\n\t\t\t\t\t\t<path fill-rule=\"evenodd\" clip-rule=\"evenodd\" d=\"M6.98331 3.0947C7.42933 2.30177 8.57096 2.30177 9.01698 3.09469L13.8771 11.7349C14.3145 12.5126 13.7525 13.4735 12.8602 13.4735H3.14004C2.24774 13.4735 1.68575 12.5126 2.12321 11.7349L6.98331 3.0947ZM8.14541 3.58496C8.08169 3.47168 7.9186 3.47168 7.85488 3.58496L2.99478 12.2251C2.93229 12.3362 3.01257 12.4735 3.14004 12.4735H12.8602C12.9877 12.4735 13.068 12.3362 13.0055 12.2251L8.14541 3.58496Z\" \/>\n\t\t\t\t\t<\/svg>\n\t\t\t\t<\/span>\n\t\t\t\t<span data-wp-text=\"state.errorMessage\" id=\"g17-meno-text-error-message\"><\/span>\n\t\t\t<\/div> \n\t<\/div>\n\n<div style=\"\"  data-wp-interactive=\"jetpack\/form\" data-wp-context='{\"fieldId\":\"g17-email\",\"fieldType\":\"email\",\"fieldLabel\":\"E-mail\",\"fieldValue\":\"\",\"fieldPlaceholder\":\"\",\"fieldIsRequired\":\"1\",\"fieldErrorMessage\":\"\",\"fieldExtra\":[],\"formHash\":\"c32f3b110538fe0591f7a8cb54454f3b98d2c7a2\"}'  class='grunion-field-email-wrap grunion-field-wrap'  data-wp-init='callbacks.initializeField' data-wp-on--jetpack-form-reset='callbacks.initializeField' >\n<label\n\t\t\t\tfor='g17-email' class=\"grunion-field-label email\" >E-mail<span class=\"grunion-label-required\" aria-hidden=\"true\">(povinn\u00e9)<\/span><\/label>\n<input\n\t\t\t\t\ttype='email'\n\t\t\t\t\tname='g17-email'\n\t\t\t\t\tid='g17-email'\n\t\t\t\t\tvalue=''\n\n\t\t\t\t\tdata-wp-bind--aria-invalid='state.fieldAriaInvalid'\n\t\t\t\t\tdata-wp-bind--value='state.getFieldValue'\n\t\t\t\t\taria-describedby='g17-email-email-error-message'\n\t\t\t\t\tdata-wp-on--input='actions.onFieldChange'\n\t\t\t\t\tdata-wp-on--blur='actions.onFieldBlur'\n\t\t\t\t\tdata-wp-class--has-value='state.hasFieldValue'\n\n\t\t\t\t\tclass='email  grunion-field' \n\t\t\t\t\trequired='true' aria-required='true'  \/>\n \n\t\t\t<div id=\"g17-email-email-error\" class=\"contact-form__input-error\" data-wp-class--has-errors=\"state.fieldHasErrors\">\n\t\t\t\t<span class=\"contact-form__warning-icon\" aria-hidden=\"true\">\n\t\t\t\t\t<svg width=\"16\" height=\"16\" viewBox=\"0 0 16 16\" fill=\"none\" xmlns=\"http:\/\/www.w3.org\/2000\/svg\">\n\t\t\t\t\t\t<path d=\"M8.50015 11.6402H7.50015V10.6402H8.50015V11.6402Z\" \/>\n\t\t\t\t\t\t<path d=\"M7.50015 9.64018H8.50015V6.30684H7.50015V9.64018Z\" \/>\n\t\t\t\t\t\t<path fill-rule=\"evenodd\" clip-rule=\"evenodd\" d=\"M6.98331 3.0947C7.42933 2.30177 8.57096 2.30177 9.01698 3.09469L13.8771 11.7349C14.3145 12.5126 13.7525 13.4735 12.8602 13.4735H3.14004C2.24774 13.4735 1.68575 12.5126 2.12321 11.7349L6.98331 3.0947ZM8.14541 3.58496C8.08169 3.47168 7.9186 3.47168 7.85488 3.58496L2.99478 12.2251C2.93229 12.3362 3.01257 12.4735 3.14004 12.4735H12.8602C12.9877 12.4735 13.068 12.3362 13.0055 12.2251L8.14541 3.58496Z\" \/>\n\t\t\t\t\t<\/svg>\n\t\t\t\t<\/span>\n\t\t\t\t<span data-wp-text=\"state.errorMessage\" id=\"g17-email-email-error-message\"><\/span>\n\t\t\t<\/div> \n\t<\/div>\n\n<div style=\"\"  data-wp-interactive=\"jetpack\/form\" data-wp-context='{\"fieldId\":\"g17-sprva\",\"fieldType\":\"textarea\",\"fieldLabel\":\"Spr\\u00e1va\",\"fieldValue\":\"\",\"fieldPlaceholder\":\"\",\"fieldIsRequired\":\"1\",\"fieldErrorMessage\":\"\",\"fieldExtra\":[],\"formHash\":\"c32f3b110538fe0591f7a8cb54454f3b98d2c7a2\"}'  class='grunion-field-textarea-wrap grunion-field-wrap'  data-wp-init='callbacks.initializeField' data-wp-on--jetpack-form-reset='callbacks.initializeField' >\n<label\n\t\t\t\tfor='contact-form-comment-g17-sprva' class=\"grunion-field-label textarea\" >Spr\u00e1va<span class=\"grunion-label-required\" aria-hidden=\"true\">(povinn\u00e9)<\/span><\/label>\n<textarea\n\t\t                style=''\n\t\t                name='g17-sprva'\n\t\t                id='contact-form-comment-g17-sprva'\n\t\t                rows='20'\n\t\t\t\t\t\tdata-wp-text='state.getFieldValue'\n\t\t\t\t\t\tdata-wp-on--input='actions.onFieldChange'\n\t\t\t\t\t\tdata-wp-on--blur='actions.onFieldBlur'\n\t\t\t\t\t\tdata-wp-class--has-value='state.hasFieldValue'\n\t\t\t\t\t\taria-describedby='g17-sprva-textarea-error-message'\n\t\t\t\t\t\tdata-wp-bind--aria-invalid='state.fieldAriaInvalid'\n\t\t\t\t\t\tclass='textarea  grunion-field'  required aria-required='true'><\/textarea>\n \n\t\t\t<div id=\"g17-sprva-textarea-error\" class=\"contact-form__input-error\" data-wp-class--has-errors=\"state.fieldHasErrors\">\n\t\t\t\t<span class=\"contact-form__warning-icon\" aria-hidden=\"true\">\n\t\t\t\t\t<svg width=\"16\" height=\"16\" viewBox=\"0 0 16 16\" fill=\"none\" xmlns=\"http:\/\/www.w3.org\/2000\/svg\">\n\t\t\t\t\t\t<path d=\"M8.50015 11.6402H7.50015V10.6402H8.50015V11.6402Z\" \/>\n\t\t\t\t\t\t<path d=\"M7.50015 9.64018H8.50015V6.30684H7.50015V9.64018Z\" \/>\n\t\t\t\t\t\t<path fill-rule=\"evenodd\" clip-rule=\"evenodd\" d=\"M6.98331 3.0947C7.42933 2.30177 8.57096 2.30177 9.01698 3.09469L13.8771 11.7349C14.3145 12.5126 13.7525 13.4735 12.8602 13.4735H3.14004C2.24774 13.4735 1.68575 12.5126 2.12321 11.7349L6.98331 3.0947ZM8.14541 3.58496C8.08169 3.47168 7.9186 3.47168 7.85488 3.58496L2.99478 12.2251C2.93229 12.3362 3.01257 12.4735 3.14004 12.4735H12.8602C12.9877 12.4735 13.068 12.3362 13.0055 12.2251L8.14541 3.58496Z\" \/>\n\t\t\t\t\t<\/svg>\n\t\t\t\t<\/span>\n\t\t\t\t<span data-wp-text=\"state.errorMessage\" id=\"g17-sprva-textarea-error-message\"><\/span>\n\t\t\t<\/div>\n\t<\/div>\n\t<p class='contact-submit'>\n<div class=\"contact-form__error\" data-wp-class--show-errors=\"state.showFormErrors\"><span class=\"contact-form__warning-icon\" aria-hidden=\"true\"><i><\/i><\/span><span class=\"contact-form__error-message\" tabindex=\"-1\" data-wp-watch=\"callbacks.focusOnValidationError\" data-wp-text=\"state.getFormErrorMessage\"><\/span><ul aria-label=\"Form errors\">\n\t\t\t\t<template data-wp-each=\"state.getErrorList\" data-wp-key=\"context.item.id\">\n\t\t\t\t\t<li><a data-wp-bind--href=\"context.item.anchor\" data-wp-on--click=\"actions.scrollIntoView\" data-wp-text=\"context.item.label\"><\/a><\/li>\n\t\t\t\t<\/template>\n\t\t\t\t<\/ul><\/div><div class=\"contact-form__error\" data-wp-class--show-errors=\"state.showSubmissionError\" data-wp-text=\"context.submissionError\" tabindex=\"-1\" data-wp-watch=\"callbacks.focusOnSubmissionError\"><\/div>\t\t<button type='submit' class='pushbutton-wide'>Zasla\u0165<\/button>\t\t<input type='hidden' name='contact-form-id' value='17' \/>\n\t\t<input type='hidden' name='action' value='grunion-contact-form' \/>\n\t\t<input type='hidden' name='contact-form-hash' value='c32f3b110538fe0591f7a8cb54454f3b98d2c7a2' \/>\n\t<\/p>\n<p style=\"display: none !important;\" class=\"akismet-fields-container\" data-prefix=\"ak_\"><label>&#916;<textarea name=\"ak_hp_textarea\" cols=\"45\" rows=\"8\" maxlength=\"100\"><\/textarea><\/label><input type=\"hidden\" id=\"ak_js_1\" name=\"ak_js\" value=\"115\"\/><script>\ndocument.getElementById( \"ak_js_1\" ).setAttribute( \"value\", ( new Date() ).getTime() );\n<\/script>\n<\/p><\/form>\n<\/div>\n\n\n<div class=\"wp-block-columns has-3-columns is-layout-flex wp-container-core-columns-is-layout-9d6595d7 wp-block-columns-is-layout-flex\">\n<div class=\"wp-block-column is-layout-flow wp-block-column-is-layout-flow\">\n<figure class=\"wp-block-image contact_photo2\"><img loading=\"lazy\" decoding=\"async\" width=\"640\" height=\"960\" src=\"https:\/\/2019.kosice.wordcamp.org\/files\/2018\/11\/obed1.jpg\" alt=\"\" class=\"wp-image-341\" srcset=\"https:\/\/kosice.wordcamp.org\/2019\/files\/2018\/11\/obed1.jpg 640w, https:\/\/kosice.wordcamp.org\/2019\/files\/2018\/11\/obed1-200x300.jpg 200w\" sizes=\"auto, (max-width: 640px) 100vw, 640px\" \/><\/figure>\n<\/div>\n\n\n\n<div class=\"wp-block-column is-layout-flow wp-block-column-is-layout-flow\">\n<figure class=\"wp-block-image\"><img loading=\"lazy\" decoding=\"async\" width=\"1875\" height=\"1250\" src=\"https:\/\/2019.kosice.wordcamp.org\/files\/2018\/11\/networking8.jpg\" alt=\"\" class=\"wp-image-342\" srcset=\"https:\/\/kosice.wordcamp.org\/2019\/files\/2018\/11\/networking8.jpg 1875w, https:\/\/kosice.wordcamp.org\/2019\/files\/2018\/11\/networking8-300x200.jpg 300w, https:\/\/kosice.wordcamp.org\/2019\/files\/2018\/11\/networking8-768x512.jpg 768w, https:\/\/kosice.wordcamp.org\/2019\/files\/2018\/11\/networking8-1024x683.jpg 1024w, https:\/\/kosice.wordcamp.org\/2019\/files\/2018\/11\/networking8-450x300.jpg 450w\" sizes=\"auto, (max-width: 767px) 89vw, (max-width: 1000px) 54vw, (max-width: 1071px) 543px, 580px\" \/><\/figure>\n\n\n\n<figure class=\"wp-block-image contact_photo1\"><img loading=\"lazy\" decoding=\"async\" width=\"1875\" height=\"1250\" src=\"https:\/\/2019.kosice.wordcamp.org\/files\/2018\/11\/registracia4-1.jpg\" alt=\"\" class=\"wp-image-343\" srcset=\"https:\/\/kosice.wordcamp.org\/2019\/files\/2018\/11\/registracia4-1.jpg 1875w, https:\/\/kosice.wordcamp.org\/2019\/files\/2018\/11\/registracia4-1-300x200.jpg 300w, https:\/\/kosice.wordcamp.org\/2019\/files\/2018\/11\/registracia4-1-768x512.jpg 768w, https:\/\/kosice.wordcamp.org\/2019\/files\/2018\/11\/registracia4-1-1024x683.jpg 1024w, https:\/\/kosice.wordcamp.org\/2019\/files\/2018\/11\/registracia4-1-450x300.jpg 450w\" sizes=\"auto, (max-width: 767px) 89vw, (max-width: 1000px) 54vw, (max-width: 1071px) 543px, 580px\" \/><\/figure>\n<\/div>\n\n\n\n<div class=\"wp-block-column is-layout-flow wp-block-column-is-layout-flow\">\n<figure class=\"wp-block-image\"><img loading=\"lazy\" decoding=\"async\" width=\"640\" height=\"960\" src=\"https:\/\/2019.kosice.wordcamp.org\/files\/2018\/11\/networking5-1.jpg\" alt=\"\" class=\"wp-image-344\" srcset=\"https:\/\/kosice.wordcamp.org\/2019\/files\/2018\/11\/networking5-1.jpg 640w, https:\/\/kosice.wordcamp.org\/2019\/files\/2018\/11\/networking5-1-200x300.jpg 200w\" sizes=\"auto, (max-width: 640px) 100vw, 640px\" \/><\/figure>\n<\/div>\n<\/div>\n","protected":false},"excerpt":{"rendered":"<p>Ak ste na str\u00e1nke #wcke2019 nena\u0161li v\u0161etky potrebn\u00e9 inform\u00e1cie, nev\u00e1hajte n\u00e1m nap\u00edsa\u0165! Program, \u010di inform\u00e1cie o sponzoroch bud\u00fa na webe uverej\u0148ovan\u00e9 postupne. Sledujte v\u0161etky novinky, aby ste ostali v obraze! Ak m\u00e1te nejak\u00e9 dopl\u0148uj\u00face ot\u00e1zky, radi v\u00e1m ich v\u0161etky zodpovieme. &#8211; organiza\u010dn\u00fd t\u00edm #wcke2019<\/p>\n","protected":false},"author":16039518,"featured_media":0,"parent":0,"menu_order":0,"comment_status":"closed","ping_status":"closed","template":"","meta":{"jetpack_post_was_ever_published":false,"footnotes":""},"class_list":["post-17","page","type-page","status-publish","hentry"],"jetpack_sharing_enabled":true,"jetpack_shortlink":"https:\/\/wp.me\/Papmdk-h","_links":{"self":[{"href":"https:\/\/kosice.wordcamp.org\/2019\/wp-json\/wp\/v2\/pages\/17","targetHints":{"allow":["GET"]}}],"collection":[{"href":"https:\/\/kosice.wordcamp.org\/2019\/wp-json\/wp\/v2\/pages"}],"about":[{"href":"https:\/\/kosice.wordcamp.org\/2019\/wp-json\/wp\/v2\/types\/page"}],"author":[{"embeddable":true,"href":"https:\/\/kosice.wordcamp.org\/2019\/wp-json\/wp\/v2\/users\/16039518"}],"replies":[{"embeddable":true,"href":"https:\/\/kosice.wordcamp.org\/2019\/wp-json\/wp\/v2\/comments?post=17"}],"version-history":[{"count":22,"href":"https:\/\/kosice.wordcamp.org\/2019\/wp-json\/wp\/v2\/pages\/17\/revisions"}],"predecessor-version":[{"id":709,"href":"https:\/\/kosice.wordcamp.org\/2019\/wp-json\/wp\/v2\/pages\/17\/revisions\/709"}],"wp:attachment":[{"href":"https:\/\/kosice.wordcamp.org\/2019\/wp-json\/wp\/v2\/media?parent=17"}],"curies":[{"name":"wp","href":"https:\/\/api.w.org\/{rel}","templated":true}]}}