{"id":161,"date":"2018-10-28T12:08:06","date_gmt":"2018-10-28T11:08:06","guid":{"rendered":"https:\/\/2019.kosice.wordcamp.org\/?page_id=161"},"modified":"2018-11-04T14:33:15","modified_gmt":"2018-11-04T13:33:15","slug":"co-je-wordcamp","status":"publish","type":"page","link":"https:\/\/kosice.wordcamp.org\/2019\/co-je-wordcamp\/","title":{"rendered":"\u010co je to WordCamp"},"content":{"rendered":"\n<div class=\"wp-block-columns has-2-columns is-layout-flex wp-container-core-columns-is-layout-9d6595d7 wp-block-columns-is-layout-flex\">\n<div class=\"wp-block-column is-layout-flow wp-block-column-is-layout-flow\">\n<div class=\"wp-block-image\"><figure class=\"aligncenter is-resized\"><img loading=\"lazy\" decoding=\"async\" src=\"https:\/\/2019.kosice.wordcamp.org\/files\/2018\/10\/favicon_wcke.png\" alt=\"\" class=\"wp-image-110\" width=\"202\" height=\"200\" srcset=\"https:\/\/kosice.wordcamp.org\/2019\/files\/2018\/10\/favicon_wcke-150x150.png 150w, https:\/\/kosice.wordcamp.org\/2019\/files\/2018\/10\/favicon_wcke-100x100.png 100w\" sizes=\"auto, (max-width: 202px) 100vw, 202px\" \/><\/figure><\/div>\n<\/div>\n\n\n\n<div class=\"wp-block-column is-layout-flow wp-block-column-is-layout-flow\">\n<p><\/p>\n\n\n\n<p><strong>WordPress je celosvetovo najob\u013e\u00fabenej\u0161\u00ed redak\u010dn\u00fd n\u00e1stroj na tvorbu a spr\u00e1vu blogov a web str\u00e1nok. Neust\u00e1le sa vyv\u00edja a jeho popularita z roka na rok rastie. WordPress sp\u00e1ja \u013eud\u00ed na celom svete \u2013 tvor\u00ed ho \u017eiv\u00e1 a zap\u00e1len\u00e1 komunita \u013eud\u00ed, nad\u0161encov a v\u00fdvoj\u00e1rov.<\/strong><\/p>\n<\/div>\n<\/div>\n\n\n<p>Ka\u017ed\u00fd rok sa vo viacer\u00fdch v\u00e4\u010d\u0161\u00edch \u010di men\u0161\u00edch mest\u00e1ch organizuje ob\u013e\u00faben\u00e1 WordPress konferencia, ktor\u00e1 nesie n\u00e1zov WordCamp a dop\u013a\u0148a ju n\u00e1zov mesta v ktorom sa kon\u00e1.<\/p>\n<p><strong>WordCamp je neziskov\u00e1 konferencia, ktor\u00e1 sa organizuje v 65-tich krajin\u00e1ch sveta. T\u00e1to konferencia je v IT svete ve\u013emi ob\u013e\u00faben\u00e1 a \u010d\u00edsla n\u00e1v\u0161tevnosti a po\u010dtu zorganizovan\u00fdch WordCamp-ov hovoria, \u017ee aj jedn\u00fdm z najv\u00fdznamnej\u0161\u00edch podujat\u00ed v IT sektore.<\/strong><\/p>\n\n\n<div class=\"wp-block-image what_is_main\"><figure class=\"aligncenter\"><img loading=\"lazy\" decoding=\"async\" width=\"1874\" height=\"726\" src=\"https:\/\/2019.kosice.wordcamp.org\/files\/2018\/11\/prednaska4.jpg\" alt=\"\" class=\"wp-image-274\" srcset=\"https:\/\/kosice.wordcamp.org\/2019\/files\/2018\/11\/prednaska4.jpg 1874w, https:\/\/kosice.wordcamp.org\/2019\/files\/2018\/11\/prednaska4-300x116.jpg 300w, https:\/\/kosice.wordcamp.org\/2019\/files\/2018\/11\/prednaska4-768x298.jpg 768w, https:\/\/kosice.wordcamp.org\/2019\/files\/2018\/11\/prednaska4-1024x397.jpg 1024w, https:\/\/kosice.wordcamp.org\/2019\/files\/2018\/11\/prednaska4-500x194.jpg 500w\" sizes=\"auto, (max-width: 767px) 89vw, (max-width: 1000px) 54vw, (max-width: 1071px) 543px, 580px\" \/><\/figure><\/div>\n\n\n\n<p>V\u010faka tejto konferencii m\u00e1\u0161 mo\u017enos\u0165 by\u0165 s\u00fa\u010das\u0165ou nie\u010doho v\u00e4\u010d\u0161ieho \u2013 nie\u010doho, \u010do ti d\u00e1va zmysel a pocit, \u017ee aj ty niekam patr\u00ed\u0161 a nie\u010do tvor\u00ed\u0161 spolo\u010dne s cel\u00fdm svetom!<\/p>\n\n\n\n<p><strong>WordCamp Ko\u0161ice je teda skvelou pr\u00edle\u017eitos\u0165ou spozna\u0165 komunitu zap\u00e1len\u00fdch \u013eud\u00ed a zdie\u013ea\u0165 svoje sk\u00fasenosti s \u010fal\u0161\u00edmi WordPress nad\u0161encami.<\/strong> Osvoj\u00ed\u0161 si nov\u00e9 poznatky o tomto fenomen\u00e1lnom syst\u00e9me, porad\u00ed\u0161 sa o svojich probl\u00e9moch, dozvie\u0161 sa o trendoch v IT svete.<\/p>\n\n\n\n<ul class=\"wp-block-gallery aligncenter columns-3 is-cropped what_is_gal wp-block-gallery-1 is-layout-flex wp-block-gallery-is-layout-flex\"><li class=\"blocks-gallery-item\"><figure><img loading=\"lazy\" decoding=\"async\" width=\"640\" height=\"960\" src=\"https:\/\/2019.kosice.wordcamp.org\/files\/2018\/11\/networking2-1.jpg\" alt=\"\" data-id=\"281\" data-link=\"https:\/\/2019.kosice.wordcamp.org\/co-je-wordcamp\/networking2-2\/\" class=\"wp-image-281\" srcset=\"https:\/\/kosice.wordcamp.org\/2019\/files\/2018\/11\/networking2-1.jpg 640w, https:\/\/kosice.wordcamp.org\/2019\/files\/2018\/11\/networking2-1-200x300.jpg 200w\" sizes=\"auto, (max-width: 640px) 100vw, 640px\" \/><\/figure><\/li><li class=\"blocks-gallery-item\"><figure><img loading=\"lazy\" decoding=\"async\" width=\"640\" height=\"960\" src=\"https:\/\/2019.kosice.wordcamp.org\/files\/2018\/11\/registracia1-1.jpg\" alt=\"\" data-id=\"282\" data-link=\"https:\/\/2019.kosice.wordcamp.org\/co-je-wordcamp\/registracia1-2\/\" class=\"wp-image-282\" srcset=\"https:\/\/kosice.wordcamp.org\/2019\/files\/2018\/11\/registracia1-1.jpg 640w, https:\/\/kosice.wordcamp.org\/2019\/files\/2018\/11\/registracia1-1-200x300.jpg 200w\" sizes=\"auto, (max-width: 640px) 100vw, 640px\" \/><\/figure><\/li><li class=\"blocks-gallery-item\"><figure><img loading=\"lazy\" decoding=\"async\" width=\"640\" height=\"960\" src=\"https:\/\/2019.kosice.wordcamp.org\/files\/2018\/11\/registracia2-1.jpg\" alt=\"\" data-id=\"283\" data-link=\"https:\/\/2019.kosice.wordcamp.org\/co-je-wordcamp\/registracia2-2\/\" class=\"wp-image-283\" srcset=\"https:\/\/kosice.wordcamp.org\/2019\/files\/2018\/11\/registracia2-1.jpg 640w, https:\/\/kosice.wordcamp.org\/2019\/files\/2018\/11\/registracia2-1-200x300.jpg 200w\" sizes=\"auto, (max-width: 640px) 100vw, 640px\" \/><\/figure><\/li><\/ul>\n\n\n\n<div class=\"wp-block-columns has-2-columns is-layout-flex wp-container-core-columns-is-layout-9d6595d7 wp-block-columns-is-layout-flex\">\n<div class=\"wp-block-column is-layout-flow wp-block-column-is-layout-flow\">\n<figure class=\"wp-block-image\"><img loading=\"lazy\" decoding=\"async\" width=\"1875\" height=\"1250\" src=\"https:\/\/2019.kosice.wordcamp.org\/files\/2018\/11\/prednaska2.jpg\" alt=\"\" class=\"wp-image-323\" srcset=\"https:\/\/kosice.wordcamp.org\/2019\/files\/2018\/11\/prednaska2.jpg 1875w, https:\/\/kosice.wordcamp.org\/2019\/files\/2018\/11\/prednaska2-300x200.jpg 300w, https:\/\/kosice.wordcamp.org\/2019\/files\/2018\/11\/prednaska2-768x512.jpg 768w, https:\/\/kosice.wordcamp.org\/2019\/files\/2018\/11\/prednaska2-1024x683.jpg 1024w, https:\/\/kosice.wordcamp.org\/2019\/files\/2018\/11\/prednaska2-450x300.jpg 450w\" sizes=\"auto, (max-width: 767px) 89vw, (max-width: 1000px) 54vw, (max-width: 1071px) 543px, 580px\" \/><\/figure>\n\n\n\n<figure class=\"wp-block-image\"><img loading=\"lazy\" decoding=\"async\" width=\"1875\" height=\"1250\" src=\"https:\/\/2019.kosice.wordcamp.org\/files\/2018\/11\/registracia4.jpg\" alt=\"\" class=\"wp-image-325\" srcset=\"https:\/\/kosice.wordcamp.org\/2019\/files\/2018\/11\/registracia4.jpg 1875w, https:\/\/kosice.wordcamp.org\/2019\/files\/2018\/11\/registracia4-300x200.jpg 300w, https:\/\/kosice.wordcamp.org\/2019\/files\/2018\/11\/registracia4-768x512.jpg 768w, https:\/\/kosice.wordcamp.org\/2019\/files\/2018\/11\/registracia4-1024x683.jpg 1024w, https:\/\/kosice.wordcamp.org\/2019\/files\/2018\/11\/registracia4-450x300.jpg 450w\" sizes=\"auto, (max-width: 767px) 89vw, (max-width: 1000px) 54vw, (max-width: 1071px) 543px, 580px\" \/><\/figure>\n<\/div>\n\n\n\n<div class=\"wp-block-column is-layout-flow wp-block-column-is-layout-flow\">\n<figure class=\"wp-block-image\"><img loading=\"lazy\" decoding=\"async\" width=\"1875\" height=\"1250\" src=\"https:\/\/2019.kosice.wordcamp.org\/files\/2018\/11\/networking3-1.jpg\" alt=\"\" class=\"wp-image-312\" srcset=\"https:\/\/kosice.wordcamp.org\/2019\/files\/2018\/11\/networking3-1.jpg 1875w, https:\/\/kosice.wordcamp.org\/2019\/files\/2018\/11\/networking3-1-300x200.jpg 300w, https:\/\/kosice.wordcamp.org\/2019\/files\/2018\/11\/networking3-1-768x512.jpg 768w, https:\/\/kosice.wordcamp.org\/2019\/files\/2018\/11\/networking3-1-1024x683.jpg 1024w, https:\/\/kosice.wordcamp.org\/2019\/files\/2018\/11\/networking3-1-450x300.jpg 450w\" sizes=\"auto, (max-width: 767px) 89vw, (max-width: 1000px) 54vw, (max-width: 1071px) 543px, 580px\" \/><\/figure>\n\n\n\n<figure class=\"wp-block-image\"><img loading=\"lazy\" decoding=\"async\" width=\"1875\" height=\"1250\" src=\"https:\/\/2019.kosice.wordcamp.org\/files\/2018\/11\/obed2.jpg\" alt=\"\" class=\"wp-image-324\" srcset=\"https:\/\/kosice.wordcamp.org\/2019\/files\/2018\/11\/obed2.jpg 1875w, https:\/\/kosice.wordcamp.org\/2019\/files\/2018\/11\/obed2-300x200.jpg 300w, https:\/\/kosice.wordcamp.org\/2019\/files\/2018\/11\/obed2-768x512.jpg 768w, https:\/\/kosice.wordcamp.org\/2019\/files\/2018\/11\/obed2-1024x683.jpg 1024w, https:\/\/kosice.wordcamp.org\/2019\/files\/2018\/11\/obed2-450x300.jpg 450w\" sizes=\"auto, (max-width: 767px) 89vw, (max-width: 1000px) 54vw, (max-width: 1071px) 543px, 580px\" \/><\/figure>\n<\/div>\n<\/div>\n\n\n\n<p>Pozrite si <a href=\"https:\/\/2019.kosice.wordcamp.org\/code-of-conduct\/\">k\u00f3dex<\/a>, ktor\u00fdm sa bude riadi\u0165 aj n\u00e1\u0161 WordCamp.<\/p>\n","protected":false},"excerpt":{"rendered":"<p>WordPress je celosvetovo najob\u013e\u00fabenej\u0161\u00ed redak\u010dn\u00fd n\u00e1stroj na tvorbu a spr\u00e1vu blogov a web str\u00e1nok. Neust\u00e1le sa vyv\u00edja a jeho popularita z roka na rok rastie. WordPress sp\u00e1ja \u013eud\u00ed na celom svete \u2013 tvor\u00ed ho \u017eiv\u00e1 a zap\u00e1len\u00e1 komunita \u013eud\u00ed, nad\u0161encov a v\u00fdvoj\u00e1rov. Ka\u017ed\u00fd rok sa vo viacer\u00fdch v\u00e4\u010d\u0161\u00edch \u010di men\u0161\u00edch mest\u00e1ch organizuje ob\u013e\u00faben\u00e1 WordPress konferencia, &hellip; <\/p>\n<p class=\"link-more\"><a href=\"https:\/\/kosice.wordcamp.org\/2019\/co-je-wordcamp\/\" class=\"more-link\">Pokra\u010dova\u0165 v \u010d\u00edtan\u00ed<span class=\"screen-reader-text\"> &#8222;\u010co je to WordCamp&#8220;<\/span><\/a><\/p>\n","protected":false},"author":16039518,"featured_media":0,"parent":0,"menu_order":0,"comment_status":"closed","ping_status":"closed","template":"","meta":{"jetpack_post_was_ever_published":false,"footnotes":""},"class_list":["post-161","page","type-page","status-publish","hentry"],"jetpack_sharing_enabled":true,"jetpack_shortlink":"https:\/\/wp.me\/Papmdk-2B","_links":{"self":[{"href":"https:\/\/kosice.wordcamp.org\/2019\/wp-json\/wp\/v2\/pages\/161","targetHints":{"allow":["GET"]}}],"collection":[{"href":"https:\/\/kosice.wordcamp.org\/2019\/wp-json\/wp\/v2\/pages"}],"about":[{"href":"https:\/\/kosice.wordcamp.org\/2019\/wp-json\/wp\/v2\/types\/page"}],"author":[{"embeddable":true,"href":"https:\/\/kosice.wordcamp.org\/2019\/wp-json\/wp\/v2\/users\/16039518"}],"replies":[{"embeddable":true,"href":"https:\/\/kosice.wordcamp.org\/2019\/wp-json\/wp\/v2\/comments?post=161"}],"version-history":[{"count":23,"href":"https:\/\/kosice.wordcamp.org\/2019\/wp-json\/wp\/v2\/pages\/161\/revisions"}],"predecessor-version":[{"id":462,"href":"https:\/\/kosice.wordcamp.org\/2019\/wp-json\/wp\/v2\/pages\/161\/revisions\/462"}],"wp:attachment":[{"href":"https:\/\/kosice.wordcamp.org\/2019\/wp-json\/wp\/v2\/media?parent=161"}],"curies":[{"name":"wp","href":"https:\/\/api.w.org\/{rel}","templated":true}]}}