{"id":120,"date":"2018-10-23T11:46:39","date_gmt":"2018-10-23T09:46:39","guid":{"rendered":"https:\/\/2019.kosice.wordcamp.org\/?page_id=120"},"modified":"2019-05-02T12:18:16","modified_gmt":"2019-05-02T10:18:16","slug":"wcke2019","status":"publish","type":"page","link":"https:\/\/kosice.wordcamp.org\/2019\/","title":{"rendered":"#WCKE2019"},"content":{"rendered":"<p><span style=\"font-weight: 400\"><strong>Druh\u00fd ro\u010dn\u00edk WordCamp Ko\u0161ice je tu!<\/strong> <\/span><\/p>\r\n<p><span style=\"font-weight: 400\">Po \u00faspe\u0161nom <a href=\"https:\/\/2018.kosice.wordcamp.org\/\">prvom ro\u010dn\u00edku<\/a> WordCampu v Ko\u0161iciach, prich\u00e1dza pokra\u010dovanie &#8211; <strong>#wcke2019<\/strong> a \u017ee sa m\u00e1\u0161 op\u00e4\u0165 na \u010do te\u0161i\u0165!\u00a0<\/span><\/p>\r\n<p><strong>Stretneme sa u\u017e 11.m\u00e1ja 2019 v\u00a0priestoroch <a href=\"https:\/\/2019.kosice.wordcamp.org\/location\/\">Technickej Univerzity v\u00a0Ko\u0161iciach<\/a>, v\u00a0modernej budove univerzitnej kni\u017enice. \u010cakaj\u00fa \u0165a\u00a0<a href=\"https:\/\/2019.kosice.wordcamp.org\/schedule\/\">predn\u00e1\u0161ky<\/a> nabit\u00e9 inform\u00e1ciami, skvel\u00e9 ob\u010derstvenie po\u010das cel\u00e9ho d\u0148a, \u010di networking s\u00a0ostatn\u00fdmi nad\u0161encami WordPressu, to s\u00fa hlavn\u00e9 l\u00e1kadl\u00e1 #wcke2019.<\/strong><\/p>\r\n\r\n<div class=\"wp-block-image\">\r\n<figure class=\"aligncenter is-resized\"><img decoding=\"async\" class=\"wp-image-293\" src=\"https:\/\/2019.kosice.wordcamp.org\/files\/2018\/11\/prednaska4-1.jpg\" alt=\"\" width=\"1000\" srcset=\"https:\/\/kosice.wordcamp.org\/2019\/files\/2018\/11\/prednaska4-1.jpg 1874w, https:\/\/kosice.wordcamp.org\/2019\/files\/2018\/11\/prednaska4-1-300x116.jpg 300w, https:\/\/kosice.wordcamp.org\/2019\/files\/2018\/11\/prednaska4-1-768x298.jpg 768w, https:\/\/kosice.wordcamp.org\/2019\/files\/2018\/11\/prednaska4-1-1024x397.jpg 1024w, https:\/\/kosice.wordcamp.org\/2019\/files\/2018\/11\/prednaska4-1-500x194.jpg 500w\" sizes=\"(max-width: 767px) 89vw, (max-width: 1000px) 54vw, (max-width: 1071px) 543px, 580px\" \/><\/figure>\r\n<\/div>\r\n\r\n\r\n\r\n<p>Tento rok v\u0161ak zav\u00e1dzame novinky \u2013 <strong>workshopy<\/strong>! Tie a\u00a0<strong>mnoho \u010fal\u0161\u00edch nov\u00fdch aktiv\u00edt<\/strong> sa postaraj\u00fa o\u00a0to, \u017ee na ka\u017ed\u00e9ho z\u00a0v\u00e1s bude prichystan\u00fd zauj\u00edmav\u00fd program po\u010das cel\u00e9ho d\u0148a.<\/p>\r\n\r\n\r\n\r\n<p><strong><a href=\"https:\/\/2019.kosice.wordcamp.org\/afterparty\/\">Afterp\u00e1rty<\/a><\/strong> sa uskuto\u010dn\u00ed v\u00a0centre Ko\u0161\u00edc, konkr\u00e9tne v podniku Zlat\u00fd Dvor, kde n\u00e1s \u010dak\u00e1 napr. <strong>\u00a0ve\u010dern\u00e9 sledovanie hokejov\u00e9ho z\u00e1pasu<\/strong> medzi reprezent\u00e1ciami Slovenska a\u00a0F\u00ednska.<\/p>\r\n<h2 style=\"text-align: center\">\u010eakujeme sponzorom<\/h2>\r\n\r\n\r\n\r\n<div class=\"sponsor-list\">\r\n<div class=\"general\">\r\n<h3 style=\"text-align: center\">GENERAL<\/h3>\r\n<div class=\"sponsor-teaser\" style=\"width: 100%\">\r\n<figure><a href=\"\/sponsor\/it-valley-kosice\/\"><img loading=\"lazy\" decoding=\"async\" src=\"https:\/\/2018.kosice.wordcamp.org\/files\/2018\/04\/it_valley.png\" alt=\"IT Valley Ko\u0161ice\" width=\"300\" height=\"60\" \/><\/a><\/figure>\r\n<\/div>\r\n<div class=\"sponsor-teaser\" style=\"width: 45%;float: left\">\r\n<figure><a href=\"\/sponsor\/woocommerce\/\"><img loading=\"lazy\" decoding=\"async\" src=\"https:\/\/2018.kosice.wordcamp.org\/files\/2017\/11\/woocommerce_logo.png\" alt=\"WooCommerce\" width=\"300\" height=\"60\" \/><\/a><\/figure>\r\n<\/div>\r\n<div class=\"sponsor-teaser\" style=\"width: 45%;float: right\">\r\n<figure><a href=\"\/sponsor\/jetpack\/\"><img loading=\"lazy\" decoding=\"async\" src=\"https:\/\/2018.kosice.wordcamp.org\/files\/2018\/03\/jetpack_logo.png\" alt=\"JetPack\" width=\"300\" height=\"60\" \/><\/a><\/figure>\r\n<\/div>\r\n<\/div>\r\n<div class=\"platinum\">\r\n<h3 style=\"text-align: center\">PLATINUM<\/h3>\r\n<div class=\"sponsor-teaser\">\r\n<figure><a href=\"\/sponsor\/wp-masters\/\"><img loading=\"lazy\" decoding=\"async\" src=\"https:\/\/2018.kosice.wordcamp.org\/files\/2018\/04\/wpmasters-logo.png\" alt=\"wpmasters.sk\" width=\"300\" height=\"60\" \/><\/a><\/figure>\r\n<\/div>\r\n<div class=\"sponsor-teaser\">\r\n<figure><a href=\"\/sponsor\/websupport\/\"><img loading=\"lazy\" decoding=\"async\" src=\"https:\/\/2019.kosice.wordcamp.org\/files\/2019\/04\/websupport_logo.png\" alt=\"Websupport\" width=\"300\" height=\"60\" \/><\/a><\/figure>\r\n<\/div>\r\n<div class=\"sponsor-teaser\">\r\n<figure><a href=\"\/sponsor\/godaddy\/\"><img loading=\"lazy\" decoding=\"async\" src=\"https:\/\/2018.kosice.wordcamp.org\/files\/2017\/11\/GoDaddy_Pro_RGB_Full_B2.png\" alt=\"GoDaddy\" width=\"300\" height=\"60\" \/><\/a><\/figure>\r\n<\/div>\r\n<div class=\"sponsor-teaser\">\r\n<figure><a href=\"\/sponsor\/bluehost\/\"><img loading=\"lazy\" decoding=\"async\" src=\"https:\/\/2018.kosice.wordcamp.org\/files\/2017\/11\/bh_logo_2015.png\" alt=\"Bluehost\" width=\"300\" height=\"60\" \/><\/a><\/figure>\r\n<\/div>\r\n<\/div>\r\n<div class=\"sponsor-list\">\r\n<div class=\"gold\">\r\n<h3 style=\"text-align: center\">GOLD<\/h3>\r\n<p><a href=\"https:\/\/2019.kosice.wordcamp.org\/sponsor\/astound-commerce\/\"><img loading=\"lazy\" decoding=\"async\" class=\"alignnone size-medium wp-image-1096\" src=\"https:\/\/2019.kosice.wordcamp.org\/files\/2019\/03\/logo-Astound-Commerce-300x79.png\" alt=\"\" width=\"300\" height=\"79\" srcset=\"https:\/\/kosice.wordcamp.org\/2019\/files\/2019\/03\/logo-Astound-Commerce-300x79.png 300w, https:\/\/kosice.wordcamp.org\/2019\/files\/2019\/03\/logo-Astound-Commerce-768x202.png 768w, https:\/\/kosice.wordcamp.org\/2019\/files\/2019\/03\/logo-Astound-Commerce.png 1024w, https:\/\/kosice.wordcamp.org\/2019\/files\/2019\/03\/logo-Astound-Commerce-500x131.png 500w\" sizes=\"auto, (max-width: 300px) 100vw, 300px\" \/><\/a><\/p>\r\n<\/div>\r\n<div class=\"silver\">\r\n<h3 style=\"text-align: center\">SILVER<\/h3>\r\n<div class=\"sponsor-teaser\">\r\n<figure><a href=\"\/sponsor\/promiseo\/\"><img loading=\"lazy\" decoding=\"async\" src=\"https:\/\/2018.kosice.wordcamp.org\/files\/2018\/04\/promiseo-logo-1-300x104.png\" alt=\"Promiseo\" width=\"300\" height=\"104\" \/><\/a><\/figure>\r\n<\/div>\r\n<div class=\"sponsor-teaser\">\r\n<figure><a href=\"\/sponsor\/peter-contos-fotograf\/\"><img decoding=\"async\" style=\"width: 60px\" src=\"https:\/\/2019.kosice.wordcamp.org\/files\/2019\/01\/peter_contos_logo.jpg\" alt=\"Peter \u010conto\u0161 fotograf\" height=\"60\" \/><\/a><\/figure>\r\n<\/div>\r\n<div class=\"sponsor-teaser\">\r\n<figure><a href=\"\/sponsor\/grownapps\/\"><img decoding=\"async\" style=\"width: 100px\" src=\"https:\/\/2019.kosice.wordcamp.org\/files\/2019\/03\/grownapps_logo.png\" alt=\"GrownApps\" height=\"120\" \/><\/a><\/figure>\r\n<\/div>\r\n<\/div>\r\n<div class=\"bronze\">\r\n<h3 style=\"text-align: center\">BRONZE<\/h3>\r\n<div class=\"sponsor-teaser\">\r\n<figure><a href=\"\/sponsor\/caffe-corsini-slovensko\/\"><img loading=\"lazy\" decoding=\"async\" src=\"https:\/\/2018.kosice.wordcamp.org\/files\/2018\/03\/caffe_corsini_logo.png\" alt=\"Caffe Corsini Slovensko\" width=\"300\" height=\"60\" \/><\/a><\/figure>\r\n<\/div>\r\n<div class=\"sponsor-teaser\">\r\n<figure><a href=\"\/sponsor\/michal-manko-fotograf\/\"><img decoding=\"async\" style=\"width: 90px\" src=\"https:\/\/2019.kosice.wordcamp.org\/files\/2019\/02\/manko_logo.jpg\" alt=\"Michal Ma\u0148ko Fotograf\" height=\"60\" \/><\/a><\/figure>\r\n<\/div>\r\n<div class=\"sponsor-teaser\">\r\n<figure><a href=\"\/sponsor\/sticker-mule\/\"><img decoding=\"async\" style=\"width: 300px\" src=\"https:\/\/2019.kosice.wordcamp.org\/files\/2019\/02\/stickermule.png\" alt=\"Sticker Mule\" height=\"60\" \/><\/a><\/figure>\r\n<\/div>\r\n<div class=\"sponsor-teaser\">\r\n<figure><a href=\"\/sponsor\/webikon\/\"><img decoding=\"async\" style=\"width: 300px\" src=\"https:\/\/2018.kosice.wordcamp.org\/files\/2018\/03\/logo-RGB-horizontal.png\" alt=\"Webikon\" height=\"60\" \/><\/a><\/figure>\r\n<\/div>\r\n<div class=\"sponsor-teaser\">\r\n<figure><a href=\"\/sponsor\/zlaty-dvor\/\"><img decoding=\"async\" style=\"width: 300px\" src=\"https:\/\/2019.kosice.wordcamp.org\/files\/2019\/02\/zlaty_dvor_logo.png\" alt=\"Zlat\u00fd dvor\" height=\"60\" \/><\/a><\/figure>\r\n<\/div>\r\n<div class=\"sponsor-teaser\">\r\n<figure><a href=\"\/sponsor\/superfaktura-sk\/\"><img decoding=\"async\" style=\"width: 300px\" src=\"https:\/\/2018.kosice.wordcamp.org\/files\/2018\/04\/sfsk_logo_rgb.png\" alt=\"Superfakt\u00fara\" height=\"60\" \/><\/a><\/figure>\r\n<\/div>\r\n<div class=\"sponsor-teaser\">\r\n<figure><a href=\"\/sponsor\/vizio\/\"><img decoding=\"async\" style=\"width: 300px\" src=\"https:\/\/2019.kosice.wordcamp.org\/files\/2019\/03\/Vizio-logo.png\" alt=\"Vizio\" height=\"60\" \/><\/a><\/figure>\r\n<\/div>\r\n<\/div>\r\n<div class=\"media\">\r\n<h3 style=\"text-align: center\">MEDIA<\/h3>\r\n<div class=\"sponsor-teaser\">\r\n<figure><a href=\"\/sponsor\/jurosko-sk\/\"><img loading=\"lazy\" decoding=\"async\" src=\"https:\/\/2019.kosice.wordcamp.org\/files\/2019\/02\/logo-jurosko-sk.png\" alt=\"jurosko.sk\" width=\"300\" height=\"104\" \/><\/a><\/figure>\r\n<\/div>\r\n<div class=\"sponsor-teaser\">\r\n<figure><a href=\"\/sponsor\/robime-it\/\"><img loading=\"lazy\" decoding=\"async\" src=\"https:\/\/2019.kosice.wordcamp.org\/files\/2019\/03\/robime.it_logo_233x78-onwhite.jpg\" alt=\"robime.it\" width=\"300\" height=\"104\" \/><\/a><\/figure>\r\n<\/div>\r\n<div class=\"sponsor-teaser\">\r\n<figure><a href=\"\/sponsor\/bridge\/\"><img loading=\"lazy\" decoding=\"async\" src=\"https:\/\/2019.kosice.wordcamp.org\/files\/2019\/04\/logo-Bridge.png\" alt=\"bridge\" width=\"300\" height=\"104\" \/><\/a><\/figure>\r\n<\/div>\r\n<div class=\"sponsor-teaser\">\r\n<figure><a><img loading=\"lazy\" decoding=\"async\" src=\"https:\/\/2018.kosice.wordcamp.org\/files\/2018\/04\/BEST-Ko\u0161ice.png\" alt=\"Best\" width=\"300\" height=\"104\" \/><\/a><\/figure>\r\n<\/div>\r\n<div class=\"sponsor-teaser\">\r\n<figure><a><img loading=\"lazy\" decoding=\"async\" src=\"https:\/\/2019.kosice.wordcamp.org\/files\/2019\/04\/spseke.jpeg\" alt=\"SP\u0160EKE\" width=\"100\" height=\"55\" \/><\/a><\/figure>\r\n<\/div>\r\n<div class=\"sponsor-teaser\">\r\n<figure><a href=\"\/sponsor\/vzdelavaren-sk\/\"><img loading=\"lazy\" decoding=\"async\" src=\"https:\/\/2019.kosice.wordcamp.org\/files\/2019\/03\/vzdelavare\u0148_logo_new-300x46.png\" alt=\"Vzdel\u00e1vare\u0148.sk\" width=\"300\" height=\"104\" \/><\/a><\/figure>\r\n<\/div>\r\n<div class=\"sponsor-teaser\">\r\n<figure><a><img loading=\"lazy\" decoding=\"async\" src=\"https:\/\/2019.kosice.wordcamp.org\/files\/2019\/04\/chi.jpeg\" alt=\"Centrum Hospod\u00e1rskej Informatiky\" width=\"300\" height=\"104\" \/><\/a><\/figure>\r\n<\/div>\r\n<div class=\"sponsor-teaser\">\r\n<figure><a href=\"\/sponsor\/index-magazin\/\"><img loading=\"lazy\" decoding=\"async\" src=\"https:\/\/2019.kosice.wordcamp.org\/files\/2019\/03\/index-mag_logo.png\" alt=\"IndexMag\" width=\"300\" height=\"104\" \/><\/a><\/figure>\r\n<\/div>\r\n<div class=\"sponsor-teaser\">\r\n<figure><a href=\"\/sponsor\/tischdecke\/\"><img loading=\"lazy\" decoding=\"async\" src=\"https:\/\/2019.kosice.wordcamp.org\/files\/2019\/05\/logo-boyan.png\" alt=\"tischdecke\" width=\"300\" height=\"104\" \/><\/a><\/figure>\r\n<\/div>\r\n<div class=\"sponsor-teaser\">\r\n<figure><a href=\"\/sponsor\/creative-industry-kosice\/\"><img loading=\"lazy\" decoding=\"async\" src=\"https:\/\/2019.kosice.wordcamp.org\/files\/2019\/04\/logo-creative-industry-kosice.png\" alt=\"Creative Industry Ko\u0161ice\" width=\"300\" height=\"106\" \/><\/a><\/figure>\r\n<\/div>\r\n<\/div>\r\n<\/div>\r\n\r\n\r\n\r\n<div class=\"wp-block-columns has-2-columns is-layout-flex wp-container-core-columns-is-layout-9d6595d7 wp-block-columns-is-layout-flex\">\r\n<div class=\"wp-block-column is-layout-flow wp-block-column-is-layout-flow\">\r\n<figure class=\"wp-block-image\"><img loading=\"lazy\" decoding=\"async\" width=\"1875\" height=\"1250\" class=\"wp-image-294\" src=\"https:\/\/2019.kosice.wordcamp.org\/files\/2018\/11\/networking3.jpg\" alt=\"\" srcset=\"https:\/\/kosice.wordcamp.org\/2019\/files\/2018\/11\/networking3.jpg 1875w, https:\/\/kosice.wordcamp.org\/2019\/files\/2018\/11\/networking3-300x200.jpg 300w, https:\/\/kosice.wordcamp.org\/2019\/files\/2018\/11\/networking3-768x512.jpg 768w, https:\/\/kosice.wordcamp.org\/2019\/files\/2018\/11\/networking3-1024x683.jpg 1024w, https:\/\/kosice.wordcamp.org\/2019\/files\/2018\/11\/networking3-450x300.jpg 450w\" sizes=\"auto, (max-width: 767px) 89vw, (max-width: 1000px) 54vw, (max-width: 1071px) 543px, 580px\" \/><\/figure>\r\n\r\n\r\n\r\n<p>&nbsp;<\/p>\r\n<\/div>\r\n\r\n\r\n\r\n<div class=\"wp-block-column is-layout-flow wp-block-column-is-layout-flow\">\r\n<figure class=\"wp-block-image\"><img loading=\"lazy\" decoding=\"async\" width=\"1875\" height=\"1250\" class=\"wp-image-403\" src=\"https:\/\/2019.kosice.wordcamp.org\/files\/2018\/11\/prednaska3-1.jpg\" alt=\"\" srcset=\"https:\/\/kosice.wordcamp.org\/2019\/files\/2018\/11\/prednaska3-1.jpg 1875w, https:\/\/kosice.wordcamp.org\/2019\/files\/2018\/11\/prednaska3-1-300x200.jpg 300w, https:\/\/kosice.wordcamp.org\/2019\/files\/2018\/11\/prednaska3-1-768x512.jpg 768w, https:\/\/kosice.wordcamp.org\/2019\/files\/2018\/11\/prednaska3-1-1024x683.jpg 1024w, https:\/\/kosice.wordcamp.org\/2019\/files\/2018\/11\/prednaska3-1-450x300.jpg 450w\" sizes=\"auto, (max-width: 767px) 89vw, (max-width: 1000px) 54vw, (max-width: 1071px) 543px, 580px\" \/><\/figure>\r\n<\/div>\r\n<\/div>\r\n\r\n\r\n\r\n<div class=\"wp-block-columns has-3-columns is-layout-flex wp-container-core-columns-is-layout-9d6595d7 wp-block-columns-is-layout-flex\">\r\n<div class=\"wp-block-column is-layout-flow wp-block-column-is-layout-flow\">\r\n<figure class=\"wp-block-image home_first_column\"><img loading=\"lazy\" decoding=\"async\" width=\"640\" height=\"960\" class=\"wp-image-330\" src=\"https:\/\/2019.kosice.wordcamp.org\/files\/2018\/11\/networking5.jpg\" alt=\"\" srcset=\"https:\/\/kosice.wordcamp.org\/2019\/files\/2018\/11\/networking5.jpg 640w, https:\/\/kosice.wordcamp.org\/2019\/files\/2018\/11\/networking5-200x300.jpg 200w\" sizes=\"auto, (max-width: 640px) 100vw, 640px\" \/><\/figure>\r\n<\/div>\r\n\r\n\r\n\r\n<div class=\"wp-block-column is-layout-flow wp-block-column-is-layout-flow\">\r\n<figure class=\"wp-block-image\"><img loading=\"lazy\" decoding=\"async\" width=\"640\" height=\"960\" class=\"wp-image-331\" src=\"https:\/\/2019.kosice.wordcamp.org\/files\/2018\/11\/obcerstvenie2-1.jpg\" alt=\"\" srcset=\"https:\/\/kosice.wordcamp.org\/2019\/files\/2018\/11\/obcerstvenie2-1.jpg 640w, https:\/\/kosice.wordcamp.org\/2019\/files\/2018\/11\/obcerstvenie2-1-200x300.jpg 200w\" sizes=\"auto, (max-width: 640px) 100vw, 640px\" \/><\/figure>\r\n<\/div>\r\n\r\n\r\n\r\n<div class=\"wp-block-column is-layout-flow wp-block-column-is-layout-flow\">\r\n<figure class=\"wp-block-image\"><img loading=\"lazy\" decoding=\"async\" width=\"640\" height=\"960\" class=\"wp-image-332\" src=\"https:\/\/2019.kosice.wordcamp.org\/files\/2018\/11\/registracia1-2.jpg\" alt=\"\" srcset=\"https:\/\/kosice.wordcamp.org\/2019\/files\/2018\/11\/registracia1-2.jpg 640w, https:\/\/kosice.wordcamp.org\/2019\/files\/2018\/11\/registracia1-2-200x300.jpg 200w\" sizes=\"auto, (max-width: 640px) 100vw, 640px\" \/><\/figure>\r\n<\/div>\r\n<\/div>\r\n<\/div>","protected":false},"excerpt":{"rendered":"<p>Druh\u00fd ro\u010dn\u00edk WordCamp Ko\u0161ice je tu! Po \u00faspe\u0161nom prvom ro\u010dn\u00edku WordCampu v Ko\u0161iciach, prich\u00e1dza pokra\u010dovanie &#8211; #wcke2019 a \u017ee sa m\u00e1\u0161 op\u00e4\u0165 na \u010do te\u0161i\u0165!\u00a0 Stretneme sa u\u017e 11.m\u00e1ja 2019 v\u00a0priestoroch Technickej Univerzity v\u00a0Ko\u0161iciach, v\u00a0modernej budove univerzitnej kni\u017enice. \u010cakaj\u00fa \u0165a\u00a0predn\u00e1\u0161ky nabit\u00e9 inform\u00e1ciami, skvel\u00e9 ob\u010derstvenie po\u010das cel\u00e9ho d\u0148a, \u010di networking s\u00a0ostatn\u00fdmi nad\u0161encami WordPressu, to s\u00fa hlavn\u00e9 &hellip; <\/p>\n<p class=\"link-more\"><a href=\"https:\/\/kosice.wordcamp.org\/2019\/\" class=\"more-link\">Pokra\u010dova\u0165 v \u010d\u00edtan\u00ed<span class=\"screen-reader-text\"> &#8222;#WCKE2019&#8220;<\/span><\/a><\/p>\n","protected":false},"author":14440938,"featured_media":0,"parent":0,"menu_order":0,"comment_status":"closed","ping_status":"closed","template":"","meta":{"jetpack_post_was_ever_published":false,"footnotes":""},"class_list":["post-120","page","type-page","status-publish","hentry"],"jetpack_sharing_enabled":true,"jetpack_shortlink":"https:\/\/wp.me\/Papmdk-1W","_links":{"self":[{"href":"https:\/\/kosice.wordcamp.org\/2019\/wp-json\/wp\/v2\/pages\/120","targetHints":{"allow":["GET"]}}],"collection":[{"href":"https:\/\/kosice.wordcamp.org\/2019\/wp-json\/wp\/v2\/pages"}],"about":[{"href":"https:\/\/kosice.wordcamp.org\/2019\/wp-json\/wp\/v2\/types\/page"}],"author":[{"embeddable":true,"href":"https:\/\/kosice.wordcamp.org\/2019\/wp-json\/wp\/v2\/users\/14440938"}],"replies":[{"embeddable":true,"href":"https:\/\/kosice.wordcamp.org\/2019\/wp-json\/wp\/v2\/comments?post=120"}],"version-history":[{"count":67,"href":"https:\/\/kosice.wordcamp.org\/2019\/wp-json\/wp\/v2\/pages\/120\/revisions"}],"predecessor-version":[{"id":1425,"href":"https:\/\/kosice.wordcamp.org\/2019\/wp-json\/wp\/v2\/pages\/120\/revisions\/1425"}],"wp:attachment":[{"href":"https:\/\/kosice.wordcamp.org\/2019\/wp-json\/wp\/v2\/media?parent=120"}],"curies":[{"name":"wp","href":"https:\/\/api.w.org\/{rel}","templated":true}]}}