{"id":12,"date":"2018-10-18T09:27:42","date_gmt":"2018-10-18T09:27:42","guid":{"rendered":"https:\/\/2019.kosice.wordcamp.org\/organizers\/"},"modified":"2018-11-04T14:34:45","modified_gmt":"2018-11-04T13:34:45","slug":"organizers","status":"publish","type":"page","link":"https:\/\/kosice.wordcamp.org\/2019\/organizers\/","title":{"rendered":"Organiz\u00e1tori"},"content":{"rendered":"\n<figure class=\"wp-block-image is-resized\"><img decoding=\"async\" src=\"https:\/\/2019.kosice.wordcamp.org\/files\/2018\/11\/orgt\u00edm1-1.jpg\" alt=\"\" class=\"wp-image-337\" width=\"1000\" srcset=\"https:\/\/kosice.wordcamp.org\/2019\/files\/2018\/11\/orgt\u00edm1-1.jpg 1874w, https:\/\/kosice.wordcamp.org\/2019\/files\/2018\/11\/orgt\u00edm1-1-300x130.jpg 300w, https:\/\/kosice.wordcamp.org\/2019\/files\/2018\/11\/orgt\u00edm1-1-768x332.jpg 768w, https:\/\/kosice.wordcamp.org\/2019\/files\/2018\/11\/orgt\u00edm1-1-1024x443.jpg 1024w, https:\/\/kosice.wordcamp.org\/2019\/files\/2018\/11\/orgt\u00edm1-1-500x216.jpg 500w\" sizes=\"(max-width: 767px) 89vw, (max-width: 1000px) 54vw, (max-width: 1071px) 543px, 580px\" \/><\/figure>\n\n\n\n<p><strong>Spoznajte \u013eud\u00ed, ktor\u00fd pre v\u00e1s vo vo\u013enom \u010dase a bez n\u00e1roku na honor\u00e1r pripravuj\u00fa WordCamp Ko\u0161ice 2019!<\/strong> Pr\u00e1ve komunita je to, \u010do rob\u00ed WordPress tak siln\u00fdm a ob\u013e\u00faben\u00fdm. Meetupy, \u010di WordCampy sa organizuj\u00fa po celom svete.<br><br>Na Slovensku m\u00f4\u017eete nav\u0161t\u00edvi\u0165 meetupy napr. v Bratislave, Ko\u0161iciach, \u017diline, Trnave \u010di Humennom. <strong>Pr\u00ed\u010f na #wcke2019 a objavte silu WordPress komunity.<\/strong><\/p>\n\n\n\t<div class=\"wcorg-organizers\">\n\n\t\t\n\t\t\t<div class=\"wcorg-organizer\">\n\t\t\t\t<h2>Marek Da\u0148ko<\/h2>\n\t\t\t\t<div class=\"wcorg-organizer-description\">\n\t\t\t\t\t\t\t\t\t\t\t\t\t\t\tS WordPress som v akt\u00edvnom kontakte od roku 2014, kedy som potreboval r\u00fdchlo pripravi\u0165 webstr\u00e1nku. Po tom ako som objavil jednoduchos\u0165 a modul\u00e1rnos\u0165 tohto syst\u00e9mu som zmenil zamestnanie a moment\u00e1lne sa\u00a0v \u00falohe projekt mana\u017e\u00e9ra venujem WordPress webov\u00fdm projektom na plno u\u017e viac ako 3 roky.\t\t\t\t<\/div>\n\t\t\t<\/div>\n\n\t\t\n\t\t\t<div class=\"wcorg-organizer\">\n\t\t\t\t<h2>Mari\u00e1n Jendruch<\/h2>\n\t\t\t\t<div class=\"wcorg-organizer-description\">\n\t\t\t\t\t\t\t\t\t\t\t\t\t\t\t\n<p>S WordPressom som freelancoval 6 rokov. Zalo\u017eil som WP Masters \u2013 agent\u00faru zameran\u00fa sa spr\u00e1vu WordPress str\u00e1nok profesion\u00e1lov. Jedn\u00fdm z mojich cie\u013eov je akt\u00edvne sa zap\u00e1ja\u0165 do slovenskej WordPress komunity \u2013 napr\u00edklad aj organiz\u00e1ciou ko\u0161ick\u00e9ho WordCampu.<\/p>\n\t\t\t\t<\/div>\n\t\t\t<\/div>\n\n\t\t\n\t\t\t<div class=\"wcorg-organizer\">\n\t\t\t\t<h2>Michal Danko<\/h2>\n\t\t\t\t<div class=\"wcorg-organizer-description\">\n\t\t\t\t\t\t\t\t\t\t\t\t\t\t\t<p>Som WordPress developer a pracujem v slobodnej firme Webikon. Pravidelne sa z\u00fa\u010dast\u0148ujem na WordCampoch a preto som prilo\u017eil ruku k dielu a pomohol s organiz\u00e1ciou WordCampu v mojom meste.<\/p>\n\t\t\t\t<\/div>\n\t\t\t<\/div>\n\n\t\t\n\t\t\t<div class=\"wcorg-organizer\">\n\t\t\t\t<h2>Peter Da\u0148ko<\/h2>\n\t\t\t\t<div class=\"wcorg-organizer-description\">\n\t\t\t\t\t\t\t\t\t\t\t\t\t\t\t<p>V Ko\u0161iciach spoluorganizujem WordPress meetupy a tie\u017e WordCampy. Moment\u00e1lne pracujem ako \u010dlen t\u00edmu <a href=\"https:\/\/wpmasters.sk\">WP Masters<\/a>, kde sa venujeme tvorbe a spr\u00e1ve v\u00fdhradne WordPress webov, popritom som v\u0161ak st\u00e1le \u0161tudentom denn\u00e9ho \u0161t\u00fadia na Technickej univerzite v Ko\u0161iciach.<\/p>\n\t\t\t\t<\/div>\n\t\t\t<\/div>\n\n\t\t\n\t<\/div><!-- .wcorg-organizers -->\n\t","protected":false},"excerpt":{"rendered":"<p>Spoznajte \u013eud\u00ed, ktor\u00fd pre v\u00e1s vo vo\u013enom \u010dase a bez n\u00e1roku na honor\u00e1r pripravuj\u00fa WordCamp Ko\u0161ice 2019! Pr\u00e1ve komunita je to, \u010do rob\u00ed WordPress tak siln\u00fdm a ob\u013e\u00faben\u00fdm. Meetupy, \u010di WordCampy sa organizuj\u00fa po celom svete. Na Slovensku m\u00f4\u017eete nav\u0161t\u00edvi\u0165 meetupy napr. v Bratislave, Ko\u0161iciach, \u017diline, Trnave \u010di Humennom. Pr\u00ed\u010f na #wcke2019 a objavte silu &hellip; <\/p>\n<p class=\"link-more\"><a href=\"https:\/\/kosice.wordcamp.org\/2019\/organizer\/peter-danko\/\" class=\"more-link\">Pokra\u010dova\u0165 v \u010d\u00edtan\u00ed<span class=\"screen-reader-text\"> &#8222;Peter Da\u0148ko&#8220;<\/span><\/a><\/p>\n","protected":false},"author":14440938,"featured_media":0,"parent":0,"menu_order":0,"comment_status":"closed","ping_status":"closed","template":"","meta":{"jetpack_post_was_ever_published":false,"footnotes":""},"class_list":["post-12","page","type-page","status-publish","hentry"],"jetpack_sharing_enabled":true,"jetpack_shortlink":"https:\/\/wp.me\/Papmdk-c","_links":{"self":[{"href":"https:\/\/kosice.wordcamp.org\/2019\/wp-json\/wp\/v2\/pages\/12","targetHints":{"allow":["GET"]}}],"collection":[{"href":"https:\/\/kosice.wordcamp.org\/2019\/wp-json\/wp\/v2\/pages"}],"about":[{"href":"https:\/\/kosice.wordcamp.org\/2019\/wp-json\/wp\/v2\/types\/page"}],"author":[{"embeddable":true,"href":"https:\/\/kosice.wordcamp.org\/2019\/wp-json\/wp\/v2\/users\/14440938"}],"replies":[{"embeddable":true,"href":"https:\/\/kosice.wordcamp.org\/2019\/wp-json\/wp\/v2\/comments?post=12"}],"version-history":[{"count":7,"href":"https:\/\/kosice.wordcamp.org\/2019\/wp-json\/wp\/v2\/pages\/12\/revisions"}],"predecessor-version":[{"id":465,"href":"https:\/\/kosice.wordcamp.org\/2019\/wp-json\/wp\/v2\/pages\/12\/revisions\/465"}],"wp:attachment":[{"href":"https:\/\/kosice.wordcamp.org\/2019\/wp-json\/wp\/v2\/media?parent=12"}],"curies":[{"name":"wp","href":"https:\/\/api.w.org\/{rel}","templated":true}]}}