{"id":11,"date":"2018-10-18T09:27:42","date_gmt":"2018-10-18T09:27:42","guid":{"rendered":"https:\/\/2019.kosice.wordcamp.org\/location\/"},"modified":"2019-05-06T17:18:07","modified_gmt":"2019-05-06T15:18:07","slug":"location","status":"publish","type":"page","link":"https:\/\/kosice.wordcamp.org\/2019\/location\/","title":{"rendered":"Miesto konania"},"content":{"rendered":"\n<div class=\"wp-block-image\"><figure class=\"aligncenter is-resized\"><img decoding=\"async\" src=\"https:\/\/2019.kosice.wordcamp.org\/files\/2019\/01\/wcke_miesto_konania.jpg\" alt=\"\" class=\"wp-image-623\" width=\"740\" srcset=\"https:\/\/kosice.wordcamp.org\/2019\/files\/2019\/01\/wcke_miesto_konania.jpg 1152w, https:\/\/kosice.wordcamp.org\/2019\/files\/2019\/01\/wcke_miesto_konania-300x118.jpg 300w, https:\/\/kosice.wordcamp.org\/2019\/files\/2019\/01\/wcke_miesto_konania-768x301.jpg 768w, https:\/\/kosice.wordcamp.org\/2019\/files\/2019\/01\/wcke_miesto_konania-1024x402.jpg 1024w, https:\/\/kosice.wordcamp.org\/2019\/files\/2019\/01\/wcke_miesto_konania-500x196.jpg 500w\" sizes=\"(max-width: 767px) 89vw, (max-width: 1000px) 54vw, (max-width: 1071px) 543px, 580px\" \/><\/figure><\/div>\n\n\n\n<p><strong>#wcke2019 sa uskuto\u010dn\u00ed tak, ako jeho predchodca, v modernej budove univerzitnej kni\u017enice Technickej univerzity v Ko\u0161iciach.<\/strong> Na z\u00e1klade v\u00e1\u0161ho ve\u013emi kladn\u00e9ho hodnotenia sme op\u00e4\u0165 zvollili tieto modern\u00e9, preh\u013eadn\u00e9 a \u013eahko dostupn\u00e9 priestory. Mapka podujatia bude uverejnen\u00e1 p\u00e1r dn\u00ed pred #wcke2019.<\/p>\n\n\n\n<p><strong>Adresa:&nbsp; &nbsp;Bo\u017eeny N\u011bmcovej 7, 040 01, Ko\u0161ice, Slovensko<\/strong><br>GPS:&nbsp; &nbsp; &nbsp; &nbsp; &nbsp; 48.730333, 21.246113<\/p>\n\n\n\n<div class=\"wp-block-columns has-2-columns is-layout-flex wp-container-core-columns-is-layout-9d6595d7 wp-block-columns-is-layout-flex\">\n<div class=\"wp-block-column is-layout-flow wp-block-column-is-layout-flow\"><\/div>\n\n\n\n<div class=\"wp-block-column is-layout-flow wp-block-column-is-layout-flow\"><\/div>\n<\/div>\n\n\n<div class=\"googlemaps\">\n\t\t\t\t<iframe loading=\"lazy\" width=\"100\" height=\"450\" frameborder=\"0\" scrolling=\"no\" marginheight=\"0\" marginwidth=\"0\"  src=\"https:\/\/www.google.com\/maps\/embed?pb=!1m14!1m8!1m3!1d10526.538864998884!2d21.2435949!3d48.7315711!3m2!1i1024!2i768!4f13.1!3m3!1m2!1s0x0:0x66c341b6c3936cb8!2sUniverzitn\u00e1%20kni\u017enica%20Technickej%20univerzity%20v%20Ko\u0161iciach!5e0!3m2!1ssk!2ssk!4v1521823588862\"><\/iframe>\n\t\t\t<\/div>\n\n\n\n<h2 class=\"wp-block-heading\">Ako sa sem dostanem?<\/h2>\n\n\n\n<p><strong>Univerzin\u00e1 kni\u017enica TUKE sa nach\u00e1dza neda\u013eeko centra mesta a m\u00e1 v\u00fdborn\u00fa dostupnos\u0165 ako autom, tak aj verejnou dopravou.<\/strong> Nach\u00e1dza sa priamo za ve\u013ekou budovou Technickej univerzity. Jej modern\u00fd vzh\u013ead a <strong>poloha hne\u010f pri hlavnej ceste<\/strong> zaru\u010duje, \u017ee n\u00e1s neminiete.<br><strong>Naviac v\u00e1s bud\u00fa v okol\u00ed univerzity nav\u00e1dza\u0165 aj smerov\u00e9 \u0161\u00edpky<\/strong>, \u010di u\u017e k parkovac\u00edm oblastiam alebo priamo k miestu konaniu.<br><\/p>\n\n\n\n<h2 class=\"wp-block-heading\">MHD \/ verejn\u00e1 doprava<br><\/h2>\n\n\n\n<p><strong>Z hlavnej vlakovej\/autobusovej stanice prem\u00e1va priamy spoj \u2013 autobus \u010d. 19<\/strong> zo zast\u00e1vky Stani\u010dn\u00e9 n\u00e1meste na zast\u00e1vku Technick\u00e1 univerzita<br>&nbsp; &nbsp; &nbsp; &nbsp; &nbsp; &nbsp; &#8211; <a rel=\"noreferrer noopener\" aria-label=\"pozri pl\u00e1nova\u010d trasy (opens in a new tab)\" href=\"https:\/\/imhd.sk\/ke\/planovac-cesty-vyhladanie-spojenia?z1x=Stani%C4%8Dn%C3%A9+n%C3%A1m.&amp;z1k=1626&amp;z2x=Technick%C3%A1+univerzita&amp;z2k=1424&amp;odpr=0&amp;datum=11.5.2019+sobota&amp;cas=07%3A00&amp;mnp=2&amp;np=0&amp;ptyp=0&amp;rch=1&amp;dpre=true&amp;dprt=true&amp;dpra=true\" target=\"_blank\">pozri pl\u00e1nova\u010d trasy<\/a><br>Z letiska je potrebn\u00e9 \u00eds\u0165 najprv autobusom \u010d. 23 a na z\u00e1stavke Krajsk\u00fd s\u00fad prest\u00fapi\u0165 na elektri\u010dku \u010d. 7, ktor\u00e1 ide priamo na zast\u00e1vku Technick\u00e1 univerzita<br>&nbsp; &nbsp; &nbsp; &nbsp; &nbsp; &nbsp; &#8211; <a href=\"https:\/\/imhd.sk\/ke\/planovac-cesty-vyhladanie-spojenia?z1x=Letisko&amp;z1k=512&amp;z2x=Technick%C3%A1+univerzita&amp;z2k=1427&amp;odpr=0&amp;datum=11.5.2019+sobota&amp;cas=07%3A00&amp;mnp=2&amp;np=1&amp;ptyp=0&amp;rch=1&amp;dpre=true&amp;dprt=true&amp;dpra=true\" target=\"_blank\" rel=\"noreferrer noopener\" aria-label=\"pozri pl\u00e1nova\u010d trasy (opens in a new tab)\">pozri pl\u00e1nova\u010d trasy<\/a><\/p>\n\n\n\n<h2 class=\"wp-block-heading\">Autom \/ Taxi<\/h2>\n\n\n\n<p>Do navig\u00e1cie hodi\u0165 adresu alebo GPS s\u00faradnice nap\u00edsan\u00e9 vy\u0161\u0161ie.<br><br>V Ko\u0161iciach funguje taktie\u017e mnoho taxi-slu\u017eieb, do pozornosti v\u0161ak d\u00e1vame mobiln\u00fa aplik\u00e1ciu <strong>BOLT<\/strong>( <strong>Taxify)<\/strong>.<\/p>\n\n\n\n<figure class=\"wp-block-image is-resized\"><img decoding=\"async\" src=\"https:\/\/2019.kosice.wordcamp.org\/files\/2018\/11\/budova2-1.jpg\" alt=\"\" class=\"wp-image-353\" width=\"1000\" srcset=\"https:\/\/kosice.wordcamp.org\/2019\/files\/2018\/11\/budova2-1.jpg 1875w, https:\/\/kosice.wordcamp.org\/2019\/files\/2018\/11\/budova2-1-300x169.jpg 300w, https:\/\/kosice.wordcamp.org\/2019\/files\/2018\/11\/budova2-1-768x432.jpg 768w, https:\/\/kosice.wordcamp.org\/2019\/files\/2018\/11\/budova2-1-1024x576.jpg 1024w, https:\/\/kosice.wordcamp.org\/2019\/files\/2018\/11\/budova2-1-500x281.jpg 500w\" sizes=\"(max-width: 767px) 89vw, (max-width: 1000px) 54vw, (max-width: 1071px) 543px, 580px\" \/><\/figure>\n\n\n\n<h2 class=\"wp-block-heading\">Parkovanie<\/h2>\n\n\n\n<p>je pre v\u00e1s zabezpe\u010den\u00e9 bezplatne a to dokonca na troch miestach. V\u0161etky s\u00fa vzdialen\u00e9 pribli\u017ene 100m od Univerzitnej kni\u017enice TUKE<br><br>Z hlavnej cesty v smere od \u0160tadi\u00f3nu TU odbo\u010d\u00edte v\u013eavo (zo smeru od Starej radnice vpravo) na Vysoko\u0161kolsk\u00fa ulicu. Pokra\u010dujete rovno a na kruhovom objazde zvol\u00edte prv\u00fd v\u00fdjazd.<\/p>\n\n\n\n<figure class=\"wp-block-image\"><img loading=\"lazy\" decoding=\"async\" width=\"1024\" height=\"538\" src=\"https:\/\/2019.kosice.wordcamp.org\/files\/2019\/05\/2019-facebook-posts-28-1024x538.png\" alt=\"\" class=\"wp-image-1484\" srcset=\"https:\/\/kosice.wordcamp.org\/2019\/files\/2019\/05\/2019-facebook-posts-28-1024x538.png 1024w, https:\/\/kosice.wordcamp.org\/2019\/files\/2019\/05\/2019-facebook-posts-28-300x158.png 300w, https:\/\/kosice.wordcamp.org\/2019\/files\/2019\/05\/2019-facebook-posts-28-768x403.png 768w, https:\/\/kosice.wordcamp.org\/2019\/files\/2019\/05\/2019-facebook-posts-28-500x263.png 500w, https:\/\/kosice.wordcamp.org\/2019\/files\/2019\/05\/2019-facebook-posts-28.png 1200w\" sizes=\"auto, (max-width: 767px) 89vw, (max-width: 1000px) 54vw, (max-width: 1071px) 543px, 580px\" \/><\/figure>\n","protected":false},"excerpt":{"rendered":"<p>#wcke2019 sa uskuto\u010dn\u00ed tak, ako jeho predchodca, v modernej budove univerzitnej kni\u017enice Technickej univerzity v Ko\u0161iciach. Na z\u00e1klade v\u00e1\u0161ho ve\u013emi kladn\u00e9ho hodnotenia sme op\u00e4\u0165 zvollili tieto modern\u00e9, preh\u013eadn\u00e9 a \u013eahko dostupn\u00e9 priestory. Mapka podujatia bude uverejnen\u00e1 p\u00e1r dn\u00ed pred #wcke2019. Adresa:&nbsp; &nbsp;Bo\u017eeny N\u011bmcovej 7, 040 01, Ko\u0161ice, SlovenskoGPS:&nbsp; &nbsp; &nbsp; &nbsp; &nbsp; 48.730333, 21.246113 Ako &hellip; <\/p>\n<p class=\"link-more\"><a href=\"https:\/\/kosice.wordcamp.org\/2019\/location\/\" class=\"more-link\">Pokra\u010dova\u0165 v \u010d\u00edtan\u00ed<span class=\"screen-reader-text\"> &#8222;Miesto konania&#8220;<\/span><\/a><\/p>\n","protected":false},"author":14440938,"featured_media":0,"parent":0,"menu_order":0,"comment_status":"closed","ping_status":"closed","template":"","meta":{"jetpack_post_was_ever_published":false,"footnotes":""},"class_list":["post-11","page","type-page","status-publish","hentry"],"jetpack_sharing_enabled":true,"jetpack_shortlink":"https:\/\/wp.me\/Papmdk-b","_links":{"self":[{"href":"https:\/\/kosice.wordcamp.org\/2019\/wp-json\/wp\/v2\/pages\/11","targetHints":{"allow":["GET"]}}],"collection":[{"href":"https:\/\/kosice.wordcamp.org\/2019\/wp-json\/wp\/v2\/pages"}],"about":[{"href":"https:\/\/kosice.wordcamp.org\/2019\/wp-json\/wp\/v2\/types\/page"}],"author":[{"embeddable":true,"href":"https:\/\/kosice.wordcamp.org\/2019\/wp-json\/wp\/v2\/users\/14440938"}],"replies":[{"embeddable":true,"href":"https:\/\/kosice.wordcamp.org\/2019\/wp-json\/wp\/v2\/comments?post=11"}],"version-history":[{"count":19,"href":"https:\/\/kosice.wordcamp.org\/2019\/wp-json\/wp\/v2\/pages\/11\/revisions"}],"predecessor-version":[{"id":1485,"href":"https:\/\/kosice.wordcamp.org\/2019\/wp-json\/wp\/v2\/pages\/11\/revisions\/1485"}],"wp:attachment":[{"href":"https:\/\/kosice.wordcamp.org\/2019\/wp-json\/wp\/v2\/media?parent=11"}],"curies":[{"name":"wp","href":"https:\/\/api.w.org\/{rel}","templated":true}]}}