{"id":10,"date":"2018-10-18T09:27:42","date_gmt":"2018-10-18T07:27:42","guid":{"rendered":"https:\/\/2019.kosice.wordcamp.org\/sponsors\/"},"modified":"2019-05-02T12:18:55","modified_gmt":"2019-05-02T10:18:55","slug":"sponsors","status":"publish","type":"page","link":"https:\/\/kosice.wordcamp.org\/2019\/sponsors\/","title":{"rendered":"Sponzori"},"content":{"rendered":"<h2><b>Pre\u010do sa sta\u0165 sponzorom?<\/b><\/h2>\r\n<p><span style=\"font-weight: 400\">Pre spolo\u010dnosti, ktor\u00e9 zar\u00e1baj\u00fa v\u010faka WordPress-u (a jeho prekladu do sloven\u010diny), je WordCamp skvelou pr\u00edle\u017eitos\u0165ou nie\u010do vr\u00e1ti\u0165 komunite, v\u010faka ktorej m\u00f4\u017eu rozv\u00edja\u0165 svoje podnikanie. By\u0165 sponzorom teda nie je len o\u00a0reklame ale najm\u00e4 o\u00a0podpore WordPress-u a\u00a0slovenskej komunity.<\/span><\/p>\r\n<p><span style=\"font-weight: 400\"><strong>WordCamp je neziskov\u00e1 konferencia<\/strong> a\u00a0preto sa v\u0161etka va\u0161a podpora vyu\u017eije pre \u013eud\u00ed ako ste vy \u2013 nad\u0161encov WordPress-u. Z\u00e1rove\u0148 s\u00fa WordCamp-y podporovan\u00e9 nad\u00e1ciou WordPress a\u00a0dost\u00e1va sa im zasl\u00fa\u017eenej popularity po celom svete.<\/span><\/p>\r\n\r\n<div class=\"wp-block-columns has-2-columns is-layout-flex wp-container-core-columns-is-layout-9d6595d7 wp-block-columns-is-layout-flex\">\r\n<div class=\"wp-block-column is-layout-flow wp-block-column-is-layout-flow\">\r\n<figure class=\"wp-block-image\"><img loading=\"lazy\" decoding=\"async\" width=\"1875\" height=\"1250\" class=\"wp-image-379\" src=\"https:\/\/2019.kosice.wordcamp.org\/files\/2018\/11\/sponzor2.jpg\" alt=\"\" srcset=\"https:\/\/kosice.wordcamp.org\/2019\/files\/2018\/11\/sponzor2.jpg 1875w, https:\/\/kosice.wordcamp.org\/2019\/files\/2018\/11\/sponzor2-300x200.jpg 300w, https:\/\/kosice.wordcamp.org\/2019\/files\/2018\/11\/sponzor2-768x512.jpg 768w, https:\/\/kosice.wordcamp.org\/2019\/files\/2018\/11\/sponzor2-1024x683.jpg 1024w, https:\/\/kosice.wordcamp.org\/2019\/files\/2018\/11\/sponzor2-450x300.jpg 450w\" sizes=\"auto, (max-width: 767px) 89vw, (max-width: 1000px) 54vw, (max-width: 1071px) 543px, 580px\" \/><\/figure>\r\n<\/div>\r\n\r\n\r\n\r\n<div class=\"wp-block-column is-layout-flow wp-block-column-is-layout-flow\">\r\n<figure class=\"wp-block-image\"><img loading=\"lazy\" decoding=\"async\" width=\"1875\" height=\"1250\" class=\"wp-image-306\" src=\"https:\/\/2019.kosice.wordcamp.org\/files\/2018\/11\/sponzor1.jpg\" alt=\"\" srcset=\"https:\/\/kosice.wordcamp.org\/2019\/files\/2018\/11\/sponzor1.jpg 1875w, https:\/\/kosice.wordcamp.org\/2019\/files\/2018\/11\/sponzor1-300x200.jpg 300w, https:\/\/kosice.wordcamp.org\/2019\/files\/2018\/11\/sponzor1-768x512.jpg 768w, https:\/\/kosice.wordcamp.org\/2019\/files\/2018\/11\/sponzor1-1024x683.jpg 1024w, https:\/\/kosice.wordcamp.org\/2019\/files\/2018\/11\/sponzor1-450x300.jpg 450w\" sizes=\"auto, (max-width: 767px) 89vw, (max-width: 1000px) 54vw, (max-width: 1071px) 543px, 580px\" \/><\/figure>\r\n\r\n\r\n\r\n<p>&nbsp;<\/p>\r\n<\/div>\r\n<\/div>\r\n\r\n\r\n\r\n<h2 class=\"wp-block-heading\"><b>Chcete sa sta\u0165 sponzorom?<\/b><\/h2>\r\n<p><span style=\"font-weight: 400\">Sme radi, \u017ee ste sa rozhodli podpori\u0165 WordPress komunitu. Po\u017eiadajte o zaslanie na\u0161ich\u00a0<strong>sponzorsk\u00fdch bal\u00ed\u010dkov<\/strong>\u00a0a\u00a0dajte n\u00e1m vedie\u0165, ktor\u00fd je pre v\u00e1s ten najvhodnej\u0161\u00ed.<\/span><\/p>\r\n<p><span style=\"font-weight: 400\"><strong>Taktie\u017e radi pr\u00edjmeme sponzoring vo forme reklamn\u00fdch predmetov alebo medi\u00e1lneho upovedomenia.<\/strong> Ka\u017ed\u00fd podpora WordPress-u a\u00a0jeho komunity je vrelo v\u00edtan\u00e1!<\/span><\/p>\r\n\r\n\r\n\r\n<div class=\"wp-block-columns has-2-columns is-layout-flex wp-container-core-columns-is-layout-9d6595d7 wp-block-columns-is-layout-flex\">\r\n<div class=\"wp-block-column is-layout-flow wp-block-column-is-layout-flow\">\r\n<figure class=\"wp-block-image is-resized\"><img decoding=\"async\" class=\"wp-image-380\" src=\"https:\/\/2019.kosice.wordcamp.org\/files\/2018\/11\/sponzor3.jpg\" alt=\"\" width=\"495\" srcset=\"https:\/\/kosice.wordcamp.org\/2019\/files\/2018\/11\/sponzor3.jpg 640w, https:\/\/kosice.wordcamp.org\/2019\/files\/2018\/11\/sponzor3-200x300.jpg 200w\" sizes=\"(max-width: 640px) 100vw, 640px\" \/><\/figure>\r\n<\/div>\r\n\r\n\r\n\r\n<div class=\"wp-block-column is-layout-flow wp-block-column-is-layout-flow\">\r\n<figure class=\"wp-block-image\"><img loading=\"lazy\" decoding=\"async\" width=\"1875\" height=\"1250\" class=\"wp-image-325\" src=\"https:\/\/2019.kosice.wordcamp.org\/files\/2018\/11\/registracia4.jpg\" alt=\"\" srcset=\"https:\/\/kosice.wordcamp.org\/2019\/files\/2018\/11\/registracia4.jpg 1875w, https:\/\/kosice.wordcamp.org\/2019\/files\/2018\/11\/registracia4-300x200.jpg 300w, https:\/\/kosice.wordcamp.org\/2019\/files\/2018\/11\/registracia4-768x512.jpg 768w, https:\/\/kosice.wordcamp.org\/2019\/files\/2018\/11\/registracia4-1024x683.jpg 1024w, https:\/\/kosice.wordcamp.org\/2019\/files\/2018\/11\/registracia4-450x300.jpg 450w\" sizes=\"auto, (max-width: 767px) 89vw, (max-width: 1000px) 54vw, (max-width: 1071px) 543px, 580px\" \/><\/figure>\r\n\r\n\r\n\r\n<figure class=\"wp-block-image\"><img loading=\"lazy\" decoding=\"async\" width=\"1875\" height=\"1250\" class=\"wp-image-381\" src=\"https:\/\/2019.kosice.wordcamp.org\/files\/2018\/11\/registracia5.jpg\" alt=\"\" srcset=\"https:\/\/kosice.wordcamp.org\/2019\/files\/2018\/11\/registracia5.jpg 1875w, https:\/\/kosice.wordcamp.org\/2019\/files\/2018\/11\/registracia5-300x200.jpg 300w, https:\/\/kosice.wordcamp.org\/2019\/files\/2018\/11\/registracia5-768x512.jpg 768w, https:\/\/kosice.wordcamp.org\/2019\/files\/2018\/11\/registracia5-1024x683.jpg 1024w, https:\/\/kosice.wordcamp.org\/2019\/files\/2018\/11\/registracia5-450x300.jpg 450w\" sizes=\"auto, (max-width: 767px) 89vw, (max-width: 1000px) 54vw, (max-width: 1071px) 543px, 580px\" \/><\/figure>\r\n<\/div>\r\n<\/div>\r\n\r\n\r\n\r\n<h2 class=\"wp-block-heading\"><strong><span style=\"vertical-align: inherit\"><span style=\"vertical-align: inherit\">Sponsors # wcke2019<\/span><\/span><\/strong><\/h2>\r\n\r\n\r\n\r\n<p><span style=\"vertical-align: inherit\"><span style=\"vertical-align: inherit\">Even thanks to these sponsors, we were able to prepare <\/span><strong><span style=\"vertical-align: inherit\"># WCKE2018<\/span><\/strong><span style=\"vertical-align: inherit\"> for you<\/span><\/span><\/p>\r\n\r\n\r\n\r\n<div class=\"sponsor-list\">\r\n<div class=\"general\">\r\n<h2>GENERAL<\/h2>\r\n<div class=\"sponsor-teaser\" style=\"width: 100%\">\r\n<figure><a href=\"\/sponsor\/it-valley-kosice\/\"><img loading=\"lazy\" decoding=\"async\" src=\"https:\/\/2018.kosice.wordcamp.org\/files\/2018\/04\/it_valley.png\" alt=\"IT Valley Ko\u0161ice\" width=\"300\" height=\"60\" \/><\/a><\/figure>\r\n<\/div>\r\n<div class=\"sponsor-teaser\" style=\"width: 43%;float: left\">\r\n<figure><a href=\"\/sponsor\/woocommerce\/\"><img loading=\"lazy\" decoding=\"async\" src=\"https:\/\/2018.kosice.wordcamp.org\/files\/2017\/11\/woocommerce_logo.png\" alt=\"WooCommerce\" width=\"300\" height=\"60\" \/><\/a><\/figure>\r\n<\/div>\r\n<div class=\"sponsor-teaser\" style=\"width: 43%;float: right\">\r\n<figure><a href=\"\/sponsor\/jetpack\/\"><img loading=\"lazy\" decoding=\"async\" src=\"https:\/\/2018.kosice.wordcamp.org\/files\/2018\/03\/jetpack_logo.png\" alt=\"JetPack\" width=\"300\" height=\"60\" \/><\/a><\/figure>\r\n<\/div>\r\n<\/div>\r\n<div class=\"platinum\">\r\n<h2>PLATINUM<\/h2>\r\n<div class=\"sponsor-teaser\">\r\n<figure><a href=\"\/sponsor\/wp-masters\/\"><img loading=\"lazy\" decoding=\"async\" src=\"https:\/\/2018.kosice.wordcamp.org\/files\/2018\/04\/wpmasters-logo.png\" alt=\"wpmasters.sk\" width=\"300\" height=\"60\" \/><\/a><\/figure>\r\n<\/div>\r\n<div class=\"sponsor-teaser\">\r\n<figure><a href=\"\/sponsor\/websupport\/\"><img loading=\"lazy\" decoding=\"async\" src=\"https:\/\/2019.kosice.wordcamp.org\/files\/2019\/04\/websupport_logo.png\" alt=\"Websupport\" width=\"300\" height=\"60\" \/><\/a><\/figure>\r\n<\/div>\r\n<div class=\"sponsor-teaser\">\r\n<figure><a href=\"\/sponsor\/godaddy\/\"><img loading=\"lazy\" decoding=\"async\" src=\"https:\/\/2018.kosice.wordcamp.org\/files\/2017\/11\/GoDaddy_Pro_RGB_Full_B2.png\" alt=\"GoDaddy\" width=\"300\" height=\"60\" \/><\/a><\/figure>\r\n<\/div>\r\n<div class=\"sponsor-teaser\">\r\n<figure><a href=\"\/sponsor\/bluehost\/\"><img loading=\"lazy\" decoding=\"async\" src=\"https:\/\/2018.kosice.wordcamp.org\/files\/2017\/11\/bh_logo_2015.png\" alt=\"Bluehost\" width=\"300\" height=\"60\" \/><\/a><\/figure>\r\n<\/div>\r\n<\/div>\r\n<div class=\"sponsor-list\">\r\n<div class=\"gold\">\r\n<h2>GOLD<\/h2>\r\n<p><a href=\"https:\/\/2019.kosice.wordcamp.org\/sponsor\/astound-commerce\/\"><img loading=\"lazy\" decoding=\"async\" class=\"alignnone size-medium wp-image-1096\" src=\"https:\/\/2019.kosice.wordcamp.org\/files\/2019\/03\/logo-Astound-Commerce-300x79.png\" alt=\"\" width=\"300\" height=\"79\" srcset=\"https:\/\/kosice.wordcamp.org\/2019\/files\/2019\/03\/logo-Astound-Commerce-300x79.png 300w, https:\/\/kosice.wordcamp.org\/2019\/files\/2019\/03\/logo-Astound-Commerce-768x202.png 768w, https:\/\/kosice.wordcamp.org\/2019\/files\/2019\/03\/logo-Astound-Commerce.png 1024w, https:\/\/kosice.wordcamp.org\/2019\/files\/2019\/03\/logo-Astound-Commerce-500x131.png 500w\" sizes=\"auto, (max-width: 300px) 100vw, 300px\" \/><\/a><\/p>\r\n<\/div>\r\n<div class=\"silver\">\r\n<h2>SILVER<\/h2>\r\n<div class=\"sponsor-teaser\">\r\n<figure><a href=\"\/sponsor\/promiseo\/\"><img loading=\"lazy\" decoding=\"async\" src=\"https:\/\/2018.kosice.wordcamp.org\/files\/2018\/04\/promiseo-logo-1-300x104.png\" alt=\"Promiseo\" width=\"300\" height=\"104\" \/><\/a><\/figure>\r\n<\/div>\r\n<div class=\"sponsor-teaser\">\r\n<figure><a href=\"\/sponsor\/peter-contos-fotograf\/\"><img decoding=\"async\" style=\"width: 60px\" src=\"https:\/\/2019.kosice.wordcamp.org\/files\/2019\/01\/peter_contos_logo.jpg\" alt=\"Peter \u010conto\u0161 fotograf\" height=\"60\" \/><\/a><\/figure>\r\n<\/div>\r\n<div class=\"sponsor-teaser\">\r\n<figure><a href=\"\/sponsor\/grownapps\/\"><img decoding=\"async\" style=\"width: 100px\" src=\"https:\/\/2019.kosice.wordcamp.org\/files\/2019\/03\/grownapps_logo.png\" alt=\"GrownApps\" height=\"120\" \/><\/a><\/figure>\r\n<\/div>\r\n<\/div>\r\n<div class=\"bronze\">\r\n<h2>BRONZE<\/h2>\r\n<div class=\"sponsor-teaser\">\r\n<figure><a href=\"\/sponsor\/caffe-corsini-slovensko\/\"><img loading=\"lazy\" decoding=\"async\" src=\"https:\/\/2018.kosice.wordcamp.org\/files\/2018\/03\/caffe_corsini_logo.png\" alt=\"Caffe Corsini Slovensko\" width=\"300\" height=\"60\" \/><\/a><\/figure>\r\n<\/div>\r\n<div class=\"sponsor-teaser\">\r\n<figure><a href=\"\/sponsor\/\/sponsor\/michal-manko-fotograf\/\"><img decoding=\"async\" style=\"width: 90px\" src=\"https:\/\/2019.kosice.wordcamp.org\/files\/2019\/02\/manko_logo.jpg\" alt=\"Michal Ma\u0148ko Fotograf\" height=\"60\" \/><\/a><\/figure>\r\n<\/div>\r\n<div class=\"sponsor-teaser\">\r\n<figure><a href=\"\/sponsor\/\/sponsor\/sticker-mule\/\"><img decoding=\"async\" style=\"width: 300px\" src=\"https:\/\/2019.kosice.wordcamp.org\/files\/2019\/02\/stickermule.png\" alt=\"Sticker Mule\" height=\"60\" \/><\/a><\/figure>\r\n<\/div>\r\n<div class=\"sponsor-teaser\">\r\n<figure><a href=\"\/sponsor\/\/sponsor\/webikon\/\"><img decoding=\"async\" style=\"width: 300px\" src=\"https:\/\/2018.kosice.wordcamp.org\/files\/2018\/03\/logo-RGB-horizontal.png\" alt=\"Webikon\" height=\"60\" \/><\/a><\/figure>\r\n<\/div>\r\n<div class=\"sponsor-teaser\">\r\n<figure><a href=\"\/sponsor\/\/sponsor\/zlaty-dvor\/\"><img decoding=\"async\" style=\"width: 300px\" src=\"https:\/\/2019.kosice.wordcamp.org\/files\/2019\/02\/zlaty_dvor_logo.png\" alt=\"Zlat\u00fd dvor\" height=\"60\" \/><\/a><\/figure>\r\n<\/div>\r\n<div class=\"sponsor-teaser\">\r\n<figure><a href=\"\/sponsor\/\/sponsor\/superfaktura-sk\/\"><img decoding=\"async\" style=\"width: 300px\" src=\"https:\/\/2018.kosice.wordcamp.org\/files\/2018\/04\/sfsk_logo_rgb.png\" alt=\"Superfakt\u00fara\" height=\"60\" \/><\/a><\/figure>\r\n<\/div>\r\n<div class=\"sponsor-teaser\">\r\n<figure><a href=\"\/sponsor\/vizio\/\"><img decoding=\"async\" style=\"width: 300px\" src=\"https:\/\/2019.kosice.wordcamp.org\/files\/2019\/03\/Vizio-logo.png\" alt=\"Vizio\" height=\"60\" \/><\/a><\/figure>\r\n<\/div>\r\n<\/div>\r\n<div class=\"media\">\r\n<h2>MEDIA<\/h2>\r\n<div class=\"sponsor-teaser\">\r\n<figure><a href=\"\/sponsor\/jurosko-sk\/\"><img loading=\"lazy\" decoding=\"async\" src=\"https:\/\/2019.kosice.wordcamp.org\/files\/2019\/02\/logo-jurosko-sk.png\" alt=\"jurosko.sk\" width=\"300\" height=\"104\" \/><\/a><\/figure>\r\n<\/div>\r\n<div class=\"sponsor-teaser\">\r\n<figure><a href=\"\/sponsor\/robime-it\/\"><img loading=\"lazy\" decoding=\"async\" src=\"https:\/\/2019.kosice.wordcamp.org\/files\/2019\/03\/robime.it_logo_233x78-onwhite.jpg\" alt=\"robime.it\" width=\"300\" height=\"104\" \/><\/a><\/figure>\r\n<\/div>\r\n<div class=\"sponsor-teaser\">\r\n<figure><a href=\"\/sponsor\/bridge\/\"><img loading=\"lazy\" decoding=\"async\" src=\"https:\/\/2019.kosice.wordcamp.org\/files\/2019\/04\/logo-Bridge.png\" alt=\"bridge\" width=\"300\" height=\"104\" \/><\/a><\/figure>\r\n<\/div>\r\n<div class=\"sponsor-teaser\">\r\n<figure><a><img loading=\"lazy\" decoding=\"async\" src=\"https:\/\/2018.kosice.wordcamp.org\/files\/2018\/04\/BEST-Ko\u0161ice.png\" alt=\"Best\" width=\"300\" height=\"104\" \/><\/a><\/figure>\r\n<\/div>\r\n<div class=\"sponsor-teaser\">\r\n<figure><a><img loading=\"lazy\" decoding=\"async\" src=\"https:\/\/2019.kosice.wordcamp.org\/files\/2019\/04\/spseke.jpeg\" alt=\"SP\u0160EKE\" width=\"100\" height=\"55\" \/><\/a><\/figure>\r\n<\/div>\r\n<div class=\"sponsor-teaser\">\r\n<figure><a href=\"\/sponsor\/vzdelavaren-sk\/\"><img loading=\"lazy\" decoding=\"async\" src=\"https:\/\/2019.kosice.wordcamp.org\/files\/2019\/03\/vzdelavare\u0148_logo_new-300x46.png\" alt=\"Vzdel\u00e1vare\u0148.sk\" width=\"300\" height=\"104\" \/><\/a><\/figure>\r\n<\/div>\r\n<div class=\"sponsor-teaser\">\r\n<figure><a><img loading=\"lazy\" decoding=\"async\" src=\"https:\/\/2019.kosice.wordcamp.org\/files\/2019\/04\/chi.jpeg\" alt=\"Centrum Hospod\u00e1rskej Informatiky\" width=\"300\" height=\"104\" \/><\/a><\/figure>\r\n<\/div>\r\n<div class=\"sponsor-teaser\">\r\n<figure><a href=\"\/sponsor\/index-magazin\/\"><img loading=\"lazy\" decoding=\"async\" src=\"https:\/\/2019.kosice.wordcamp.org\/files\/2019\/03\/index-mag_logo.png\" alt=\"IndexMag\" width=\"300\" height=\"104\" \/><\/a><\/figure>\r\n<\/div>\r\n<div class=\"sponsor-teaser\">\r\n<figure><a href=\"\/sponsor\/tischdecke\/\"><img loading=\"lazy\" decoding=\"async\" src=\"https:\/\/2019.kosice.wordcamp.org\/files\/2019\/05\/logo-boyan.png\" alt=\"tischdecke\" width=\"300\" height=\"104\" \/><\/a><\/figure>\r\n<\/div>\r\n<div class=\"sponsor-teaser\">\r\n<figure><a href=\"\/sponsor\/creative-industry-kosice\/\"><img loading=\"lazy\" decoding=\"async\" src=\"https:\/\/2019.kosice.wordcamp.org\/files\/2019\/04\/logo-creative-industry-kosice.png\" alt=\"Creative Industry Ko\u0161ice\" width=\"300\" height=\"106\" \/><\/a><\/figure>\r\n<\/div>\r\n<\/div>\r\n<\/div>\r\n<\/div>\r\n","protected":false},"excerpt":{"rendered":"<p>Pre\u010do sa sta\u0165 sponzorom? Pre spolo\u010dnosti, ktor\u00e9 zar\u00e1baj\u00fa v\u010faka WordPress-u (a jeho prekladu do sloven\u010diny), je WordCamp skvelou pr\u00edle\u017eitos\u0165ou nie\u010do vr\u00e1ti\u0165 komunite, v\u010faka ktorej m\u00f4\u017eu rozv\u00edja\u0165 svoje podnikanie. By\u0165 sponzorom teda nie je len o\u00a0reklame ale najm\u00e4 o\u00a0podpore WordPress-u a\u00a0slovenskej komunity. WordCamp je neziskov\u00e1 konferencia a\u00a0preto sa v\u0161etka va\u0161a podpora vyu\u017eije pre \u013eud\u00ed ako ste &hellip; <\/p>\n<p class=\"link-more\"><a href=\"https:\/\/kosice.wordcamp.org\/2019\/sponsors\/\" class=\"more-link\">Pokra\u010dova\u0165 v \u010d\u00edtan\u00ed<span class=\"screen-reader-text\"> &#8222;Sponzori&#8220;<\/span><\/a><\/p>\n","protected":false},"author":14440938,"featured_media":0,"parent":0,"menu_order":0,"comment_status":"closed","ping_status":"closed","template":"","meta":{"jetpack_post_was_ever_published":false,"footnotes":""},"class_list":["post-10","page","type-page","status-publish","hentry"],"jetpack_sharing_enabled":true,"jetpack_shortlink":"https:\/\/wp.me\/Papmdk-a","_links":{"self":[{"href":"https:\/\/kosice.wordcamp.org\/2019\/wp-json\/wp\/v2\/pages\/10","targetHints":{"allow":["GET"]}}],"collection":[{"href":"https:\/\/kosice.wordcamp.org\/2019\/wp-json\/wp\/v2\/pages"}],"about":[{"href":"https:\/\/kosice.wordcamp.org\/2019\/wp-json\/wp\/v2\/types\/page"}],"author":[{"embeddable":true,"href":"https:\/\/kosice.wordcamp.org\/2019\/wp-json\/wp\/v2\/users\/14440938"}],"replies":[{"embeddable":true,"href":"https:\/\/kosice.wordcamp.org\/2019\/wp-json\/wp\/v2\/comments?post=10"}],"version-history":[{"count":45,"href":"https:\/\/kosice.wordcamp.org\/2019\/wp-json\/wp\/v2\/pages\/10\/revisions"}],"predecessor-version":[{"id":1426,"href":"https:\/\/kosice.wordcamp.org\/2019\/wp-json\/wp\/v2\/pages\/10\/revisions\/1426"}],"wp:attachment":[{"href":"https:\/\/kosice.wordcamp.org\/2019\/wp-json\/wp\/v2\/media?parent=10"}],"curies":[{"name":"wp","href":"https:\/\/api.w.org\/{rel}","templated":true}]}}